{"id":1552,"date":"2020-12-16T14:23:40","date_gmt":"2020-12-16T14:23:40","guid":{"rendered":"http:\/\/trottingclassicstour.com\/pressemitteillung-hamburg\/"},"modified":"2020-12-16T14:23:41","modified_gmt":"2020-12-16T14:23:41","slug":"pressemitteillung-hamburg","status":"publish","type":"page","link":"https:\/\/trottingclassicstour.com\/de\/pressemitteillung-hamburg\/","title":{"rendered":"Pressemitteillung Hamburg"},"content":{"rendered":"\t\t<div data-elementor-type=\"wp-page\" data-elementor-id=\"1552\" class=\"elementor elementor-1552 elementor-1547\" data-elementor-post-type=\"page\">\n\t\t\t\t\t\t<section class=\"elementor-section elementor-top-section elementor-element elementor-element-7d37037 elementor-section-full_width elementor-section-height-default elementor-section-height-default\" data-id=\"7d37037\" data-element_type=\"section\" data-e-type=\"section\">\n\t\t\t\t\t\t<div class=\"elementor-container elementor-column-gap-default\">\n\t\t\t\t\t<div class=\"elementor-column elementor-col-100 elementor-top-column elementor-element elementor-element-e5efbce\" data-id=\"e5efbce\" data-element_type=\"column\" data-e-type=\"column\" data-settings=\"{&quot;background_background&quot;:&quot;classic&quot;}\">\n\t\t\t<div class=\"elementor-widget-wrap elementor-element-populated\">\n\t\t\t\t\t\t<section class=\"elementor-section elementor-inner-section elementor-element elementor-element-3ea9199 elementor-section-boxed elementor-section-height-default elementor-section-height-default\" data-id=\"3ea9199\" data-element_type=\"section\" data-e-type=\"section\">\n\t\t\t\t\t\t<div class=\"elementor-container elementor-column-gap-default\">\n\t\t\t\t\t<div class=\"elementor-column elementor-col-50 elementor-inner-column elementor-element elementor-element-5644e1e\" data-id=\"5644e1e\" data-element_type=\"column\" data-e-type=\"column\">\n\t\t\t<div class=\"elementor-widget-wrap elementor-element-populated\">\n\t\t\t\t\t\t\t<\/div>\n\t\t<\/div>\n\t\t\t\t<div class=\"elementor-column elementor-col-50 elementor-inner-column elementor-element elementor-element-056674d\" data-id=\"056674d\" data-element_type=\"column\" data-e-type=\"column\">\n\t\t\t<div class=\"elementor-widget-wrap\">\n\t\t\t\t\t\t\t<\/div>\n\t\t<\/div>\n\t\t\t\t\t<\/div>\n\t\t<\/section>\n\t\t\t\t\t<\/div>\n\t\t<\/div>\n\t\t\t\t\t<\/div>\n\t\t<\/section>\n\t\t\t\t<section class=\"elementor-section elementor-top-section elementor-element elementor-element-409296a elementor-section-boxed elementor-section-height-default elementor-section-height-default\" data-id=\"409296a\" data-element_type=\"section\" data-e-type=\"section\">\n\t\t\t\t\t\t<div class=\"elementor-container elementor-column-gap-default\">\n\t\t\t\t\t<div class=\"elementor-column elementor-col-66 elementor-top-column elementor-element elementor-element-50506f2\" data-id=\"50506f2\" data-element_type=\"column\" data-e-type=\"column\">\n\t\t\t<div class=\"elementor-widget-wrap elementor-element-populated\">\n\t\t\t\t\t\t<div class=\"elementor-element elementor-element-ad900e0 elementor-widget-divider--view-line elementor-widget elementor-widget-divider\" data-id=\"ad900e0\" data-element_type=\"widget\" data-e-type=\"widget\" data-widget_type=\"divider.default\">\n\t\t\t\t<div class=\"elementor-widget-container\">\n\t\t\t\t\t\t\t<div class=\"elementor-divider\">\n\t\t\t<span class=\"elementor-divider-separator\">\n\t\t\t\t\t\t<\/span>\n\t\t<\/div>\n\t\t\t\t\t\t<\/div>\n\t\t\t\t<\/div>\n\t\t\t\t<div class=\"elementor-element elementor-element-60669d1 elementor-widget elementor-widget-heading\" data-id=\"60669d1\" data-element_type=\"widget\" data-e-type=\"widget\" data-widget_type=\"heading.default\">\n\t\t\t\t<div class=\"elementor-widget-container\">\n\t\t\t\t\t<h2 class=\"elementor-heading-title elementor-size-default\">Trabrennbahn Hamburg-Bahrenfeld wird Partner der Trotting Classics Tour!<\/h2>\t\t\t\t<\/div>\n\t\t\t\t<\/div>\n\t\t\t\t<div class=\"elementor-element elementor-element-78d7db4 elementor-widget elementor-widget-text-editor\" data-id=\"78d7db4\" data-element_type=\"widget\" data-e-type=\"widget\" data-widget_type=\"text-editor.default\">\n\t\t\t\t<div class=\"elementor-widget-container\">\n\t\t\t\t\t\t\t\t\t<p><strong>Rennen f\u00fcr 2-j\u00e4hrige und 3-j\u00e4hrige Pferde auf der Hamburger Trabrennbahn<\/strong><\/p>\n<p>In den \u00a0kommenden Jahren werden auf der Trabrennbahn in Hamburg Bahrenfeld mehrere\u00a0 Rennen der Trotting Classic Tour (TCT) veranstaltet. So werden in 2021 und 2022 je eine gehobenes Rennen f\u00fcr 2-J\u00e4hrige Pferde, und in 2022 und 2023 je ein gehobenes Rennen f\u00fcr 3-j\u00e4hrige Pferde stattfinden. Dar\u00fcberhinaus wird \u00a0die Trabrennbahn mehrere TCT Satellitenrennen (Vorbereitungsrennen)\u00a0 anbieten.<\/p>\n<p>Peter Weiherm\u00fcller, Gesch\u00e4ftsf\u00fchrer des HTZ: \u201cDas Hamburger Trab-Zentrum e.V. \u00a0ist stolz darauf, dass die Rennbahn Partner der TCT geworden ist. Als wir den ersten Kontakt\u00a0 mit den initiatoren des TCT Programms hatten waren wir sofort sehr angetan. \u00a0Die Trotting Classic Tour ist eine super Initiative mit neuer Perspektive f\u00fcr Pferdebesitzer, Z\u00fcchter, Trainer, Trabrennbahnen und den Trabrennsport im allgemeinen. Wir sind sehr froh, dass wir an diesem Konzept teilnehmen werden.\u201d<\/p>\n<p>Die Trabrennbahn in Hamburg Bahrenfeld hat eine gro\u00dfe Historie und ein hervorragendes Gel\u00e4uf. Der Rennbahn ist sehr gut gelegen f\u00fcr deutsche, niederl\u00e4ndische, belgische, d\u00e4nische und schwedische Trainer und Besitzer.<\/p>\n<p>Robin Goudsblom, Vorsitzende der Stiftung TCT, freut sich \u00fcber die zuk\u00fcnftige Zusammenarbeit mit Hamburg. \u201cDie Trabrennbahn Hamburg passt perfekt zu der Idee des TCT. Hamburg hat einen sehr guten Ruf in ganz Europa, das Management ist sehr motiviert und die Bahn ist bereit diesen Plan mit zu unterst\u00fctzen. Die Partnerschaft mit der TCT weckt internationales Interesse und bietet allen Trainer und Besitzern verschiedene M\u00f6glichkeiten bei der Auswahl des richtigen Rennen fur die teilnehmende Pferde.\u201d<\/p>\n<p>Die Rennbahnen in Wolvega, Alkmaar und Duindigt sind bereits Partner der TCT.<\/p>\n<p>Die Trotting Classics Tour ist eine neue Rennserie f\u00fcr 2-, 3- und 4-J\u00e4hrige Pferde mit 12 gehobenen Rennen f\u00fcr Pferde aller Nationalit\u00e4ten und einem Preisgeld von insgesamt 415.000 Euro pro Jahrgang. Zus\u00e4tzlich zu den 12 gehobene Rennen werden 12 Satellitenrennen angeboten. Ein Teil des Preisgeldes (ca 150.000 Euro pro Jahr) wird \u00fcber Sponsoring und die teilnehmenden Rennbahnen finanziert.<\/p>\n<p><strong>Nennungsschluss f\u00fcr die Pferde des Jahrganges 2019 ist am 31.Dezember 2020.<\/strong><\/p>\n<p>Weitere Information finden Sie unter: <a href=\"http:\/\/www.trottingclassicstour.com\">www.trottingclassicstour.com<\/a> oder per Mail: <a href=\"mailto:bahrenfeld@hamburgtrab.de\">bahrenfeld@hamburgtrab.de<\/a>.<\/p>\n\t\t\t\t\t\t\t\t<\/div>\n\t\t\t\t<\/div>\n\t\t\t\t\t<\/div>\n\t\t<\/div>\n\t\t\t\t<div class=\"elementor-column elementor-col-33 elementor-top-column elementor-element elementor-element-8a02253\" data-id=\"8a02253\" data-element_type=\"column\" data-e-type=\"column\" data-settings=\"{&quot;background_background&quot;:&quot;classic&quot;}\">\n\t\t\t<div class=\"elementor-widget-wrap elementor-element-populated\">\n\t\t\t\t\t\t<div class=\"elementor-element elementor-element-4ddf487 elementor-widget elementor-widget-image\" data-id=\"4ddf487\" data-element_type=\"widget\" data-e-type=\"widget\" data-widget_type=\"image.default\">\n\t\t\t\t<div class=\"elementor-widget-container\">\n\t\t\t\t\t\t\t\t\t\t\t\t\t\t\t<img fetchpriority=\"high\" decoding=\"async\" width=\"1024\" height=\"1024\" src=\"https:\/\/trottingclassicstour.com\/wp-content\/uploads\/2020\/10\/nimczyk-1024x1024.jpg\" class=\"attachment-large size-large wp-image-853\" alt=\"\" srcset=\"https:\/\/trottingclassicstour.com\/wp-content\/uploads\/2020\/10\/nimczyk-1024x1024.jpg 1024w, https:\/\/trottingclassicstour.com\/wp-content\/uploads\/2020\/10\/nimczyk-300x300.jpg 300w, https:\/\/trottingclassicstour.com\/wp-content\/uploads\/2020\/10\/nimczyk-150x150.jpg 150w, https:\/\/trottingclassicstour.com\/wp-content\/uploads\/2020\/10\/nimczyk-768x768.jpg 768w, https:\/\/trottingclassicstour.com\/wp-content\/uploads\/2020\/10\/nimczyk.jpg 1400w\" sizes=\"(max-width: 1024px) 100vw, 1024px\" \/>\t\t\t\t\t\t\t\t\t\t\t\t\t\t\t<\/div>\n\t\t\t\t<\/div>\n\t\t\t\t\t<\/div>\n\t\t<\/div>\n\t\t\t\t\t<\/div>\n\t\t<\/section>\n\t\t\t\t<\/div>\n\t\t","protected":false},"excerpt":{"rendered":"<p>Trabrennbahn Hamburg-Bahrenfeld wird Partner der Trotting Classics Tour! Rennen f\u00fcr 2-j\u00e4hrige und 3-j\u00e4hrige Pferde auf der Hamburger Trabrennbahn In den \u00a0kommenden Jahren werden auf der Trabrennbahn in Hamburg Bahrenfeld mehrere\u00a0 Rennen der Trotting Classic Tour (TCT) veranstaltet. So werden in 2021 und 2022 je eine gehobenes Rennen f\u00fcr 2-J\u00e4hrige Pferde, und in 2022 und 2023 [&hellip;]<\/p>\n","protected":false},"author":1,"featured_media":0,"parent":0,"menu_order":0,"comment_status":"closed","ping_status":"closed","template":"","meta":{"site-sidebar-layout":"no-sidebar","site-content-layout":"page-builder","ast-site-content-layout":"default","site-content-style":"default","site-sidebar-style":"default","ast-global-header-display":"","ast-banner-title-visibility":"","ast-main-header-display":"","ast-hfb-above-header-display":"","ast-hfb-below-header-display":"","ast-hfb-mobile-header-display":"","site-post-title":"disabled","ast-breadcrumbs-content":"","ast-featured-img":"disabled","footer-sml-layout":"","ast-disable-related-posts":"","theme-transparent-header-meta":"default","adv-header-id-meta":"","stick-header-meta":"","header-above-stick-meta":"","header-main-stick-meta":"","header-below-stick-meta":"","astra-migrate-meta-layouts":"default","ast-page-background-enabled":"default","ast-page-background-meta":{"desktop":{"background-color":"","background-image":"","background-repeat":"repeat","background-position":"center center","background-size":"auto","background-attachment":"scroll","background-type":"","background-media":"","overlay-type":"","overlay-color":"","overlay-opacity":"","overlay-gradient":""},"tablet":{"background-color":"","background-image":"","background-repeat":"repeat","background-position":"center center","background-size":"auto","background-attachment":"scroll","background-type":"","background-media":"","overlay-type":"","overlay-color":"","overlay-opacity":"","overlay-gradient":""},"mobile":{"background-color":"","background-image":"","background-repeat":"repeat","background-position":"center center","background-size":"auto","background-attachment":"scroll","background-type":"","background-media":"","overlay-type":"","overlay-color":"","overlay-opacity":"","overlay-gradient":""}},"ast-content-background-meta":{"desktop":{"background-color":"var(--ast-global-color-5)","background-image":"","background-repeat":"repeat","background-position":"center center","background-size":"auto","background-attachment":"scroll","background-type":"","background-media":"","overlay-type":"","overlay-color":"","overlay-opacity":"","overlay-gradient":""},"tablet":{"background-color":"var(--ast-global-color-5)","background-image":"","background-repeat":"repeat","background-position":"center center","background-size":"auto","background-attachment":"scroll","background-type":"","background-media":"","overlay-type":"","overlay-color":"","overlay-opacity":"","overlay-gradient":""},"mobile":{"background-color":"var(--ast-global-color-5)","background-image":"","background-repeat":"repeat","background-position":"center center","background-size":"auto","background-attachment":"scroll","background-type":"","background-media":"","overlay-type":"","overlay-color":"","overlay-opacity":"","overlay-gradient":""}},"footnotes":""},"class_list":["post-1552","page","type-page","status-publish","hentry"],"_links":{"self":[{"href":"https:\/\/trottingclassicstour.com\/de\/wp-json\/wp\/v2\/pages\/1552","targetHints":{"allow":["GET"]}}],"collection":[{"href":"https:\/\/trottingclassicstour.com\/de\/wp-json\/wp\/v2\/pages"}],"about":[{"href":"https:\/\/trottingclassicstour.com\/de\/wp-json\/wp\/v2\/types\/page"}],"author":[{"embeddable":true,"href":"https:\/\/trottingclassicstour.com\/de\/wp-json\/wp\/v2\/users\/1"}],"replies":[{"embeddable":true,"href":"https:\/\/trottingclassicstour.com\/de\/wp-json\/wp\/v2\/comments?post=1552"}],"version-history":[{"count":1,"href":"https:\/\/trottingclassicstour.com\/de\/wp-json\/wp\/v2\/pages\/1552\/revisions"}],"predecessor-version":[{"id":1553,"href":"https:\/\/trottingclassicstour.com\/de\/wp-json\/wp\/v2\/pages\/1552\/revisions\/1553"}],"wp:attachment":[{"href":"https:\/\/trottingclassicstour.com\/de\/wp-json\/wp\/v2\/media?parent=1552"}],"curies":[{"name":"wp","href":"https:\/\/api.w.org\/{rel}","templated":true}]}}