{"id":1624,"date":"2020-12-31T12:48:48","date_gmt":"2020-12-31T12:48:48","guid":{"rendered":"http:\/\/trottingclassicstour.com\/?page_id=1624"},"modified":"2021-01-04T11:44:31","modified_gmt":"2021-01-04T11:44:31","slug":"pressemitteillung-munchen","status":"publish","type":"page","link":"https:\/\/trottingclassicstour.com\/de\/pressemitteillung-munchen\/","title":{"rendered":"Pressemitteillung M\u00fcnchen-Daglfing"},"content":{"rendered":"\t\t<div data-elementor-type=\"wp-page\" data-elementor-id=\"1624\" class=\"elementor elementor-1624\" data-elementor-post-type=\"page\">\n\t\t\t\t\t\t<section class=\"elementor-section elementor-top-section elementor-element elementor-element-7d37037 elementor-section-full_width elementor-section-height-default elementor-section-height-default\" data-id=\"7d37037\" data-element_type=\"section\" data-e-type=\"section\">\n\t\t\t\t\t\t<div class=\"elementor-container elementor-column-gap-default\">\n\t\t\t\t\t<div class=\"elementor-column elementor-col-100 elementor-top-column elementor-element elementor-element-e5efbce\" data-id=\"e5efbce\" data-element_type=\"column\" data-e-type=\"column\" data-settings=\"{&quot;background_background&quot;:&quot;classic&quot;}\">\n\t\t\t<div class=\"elementor-widget-wrap elementor-element-populated\">\n\t\t\t\t\t\t<section class=\"elementor-section elementor-inner-section elementor-element elementor-element-3ea9199 elementor-section-boxed elementor-section-height-default elementor-section-height-default\" data-id=\"3ea9199\" data-element_type=\"section\" data-e-type=\"section\">\n\t\t\t\t\t\t<div class=\"elementor-container elementor-column-gap-default\">\n\t\t\t\t\t<div class=\"elementor-column elementor-col-50 elementor-inner-column elementor-element elementor-element-5644e1e\" data-id=\"5644e1e\" data-element_type=\"column\" data-e-type=\"column\">\n\t\t\t<div class=\"elementor-widget-wrap elementor-element-populated\">\n\t\t\t\t\t\t\t<\/div>\n\t\t<\/div>\n\t\t\t\t<div class=\"elementor-column elementor-col-50 elementor-inner-column elementor-element elementor-element-056674d\" data-id=\"056674d\" data-element_type=\"column\" data-e-type=\"column\">\n\t\t\t<div class=\"elementor-widget-wrap\">\n\t\t\t\t\t\t\t<\/div>\n\t\t<\/div>\n\t\t\t\t\t<\/div>\n\t\t<\/section>\n\t\t\t\t\t<\/div>\n\t\t<\/div>\n\t\t\t\t\t<\/div>\n\t\t<\/section>\n\t\t\t\t<section class=\"elementor-section elementor-top-section elementor-element elementor-element-409296a elementor-section-boxed elementor-section-height-default elementor-section-height-default\" data-id=\"409296a\" data-element_type=\"section\" data-e-type=\"section\">\n\t\t\t\t\t\t<div class=\"elementor-container elementor-column-gap-default\">\n\t\t\t\t\t<div class=\"elementor-column elementor-col-66 elementor-top-column elementor-element elementor-element-50506f2\" data-id=\"50506f2\" data-element_type=\"column\" data-e-type=\"column\">\n\t\t\t<div class=\"elementor-widget-wrap elementor-element-populated\">\n\t\t\t\t\t\t<div class=\"elementor-element elementor-element-ad900e0 elementor-widget-divider--view-line elementor-widget elementor-widget-divider\" data-id=\"ad900e0\" data-element_type=\"widget\" data-e-type=\"widget\" data-widget_type=\"divider.default\">\n\t\t\t\t<div class=\"elementor-widget-container\">\n\t\t\t\t\t\t\t<div class=\"elementor-divider\">\n\t\t\t<span class=\"elementor-divider-separator\">\n\t\t\t\t\t\t<\/span>\n\t\t<\/div>\n\t\t\t\t\t\t<\/div>\n\t\t\t\t<\/div>\n\t\t\t\t<div class=\"elementor-element elementor-element-60669d1 elementor-widget elementor-widget-heading\" data-id=\"60669d1\" data-element_type=\"widget\" data-e-type=\"widget\" data-widget_type=\"heading.default\">\n\t\t\t\t<div class=\"elementor-widget-container\">\n\t\t\t\t\t<h2 class=\"elementor-heading-title elementor-size-default\">Trabrennbahn M\u00fcnchen-Daglfing wird Partner der Trotting Classics Tour!<\/h2>\t\t\t\t<\/div>\n\t\t\t\t<\/div>\n\t\t\t\t<div class=\"elementor-element elementor-element-78d7db4 elementor-widget elementor-widget-text-editor\" data-id=\"78d7db4\" data-element_type=\"widget\" data-e-type=\"widget\" data-widget_type=\"text-editor.default\">\n\t\t\t\t<div class=\"elementor-widget-container\">\n\t\t\t\t\t\t\t\t\t<p><strong><em>M\u00fcnchen-Daglfing Partner der Trotting Classic Tour &#8211; Nennungsschluss 10.01.2021<\/em><\/strong><\/p><p>Der M\u00fcnchner Trabrenn- und Zuchtverein hat an den letzten Tagen des alten Jahres eine wegweisende Kooperation mit der Trotting Classic Tour vereinbart. Dabei werden in den Jahren 2022 und 2023 jeweils eine Teilpr\u00fcfung der TCT f\u00fcr Dreij\u00e4hrige mit einer Dotierung von 25.000 EUR angeboten. Dazu wird in M\u00fcnchen-Daglfing in jedem Jahr der Kooperation auch ein Satellitenrennen mit mindestens 4.000 EUR Dotierung durchgef\u00fchrt.<\/p><p>Weiterhin besteht in Bayern auch ein gro\u00dfes Interesse an einem Rennen f\u00fcr die Youngster. Deshalb wird in Daglfing schon im Jahr 2021 als Teil der TCT ein Zweij\u00e4hrigen-Satelittenrennen mit 10.000 EUR Dotierung durchgef\u00fchrt, sodass f\u00fcr den TCT genannte Pferde die Chance haben in M\u00fcnchen bis zu drei Mal je Jahrgang zu starten.\u00a0<\/p><p>Zum Engagement im TCT \u00e4u\u00dferte sich Daglfings Pr\u00e4sidentin Angelika Gram\u00fcller: \u201e F\u00fcr den Traberstandort M\u00fcnchen geht von dieser Entscheidung ein wichtiges Signal aus, dass M\u00fcnchen als Standort f\u00fcr Trabrennsport der Extraklasse weiterhin zu beachten sein wird. Waren es in den vergangenen Jahren Pferde wie Tsunami Diamant, Orlando Jet und Co. werden es in den kommenden Jahren die Dreij\u00e4hrigen sein, die f\u00fcr die Highlights sorgen.\u00a0 TCT ist aus der Sicht des MTZV eine interessante Initiative. So werden in der Serie 415.000 EUR Rennpreise ausgelobt, es ergeben sich \u00fcber drei Jahre interessante Startm\u00f6glichkeiten f\u00fcr die genannten Pferde und die Serie gew\u00e4hrleistet mit dem gro\u00dfen Pool genannter Pferde, attraktive Rennen, die der Rennbahn in Daglfing gro\u00dfe Aufmerksamkeit bescheren wird.\u00a0<\/p><p>Robin Goudsblom, Vorsitzender der Stiftung TCT, freut sich \u00fcber die Partnerschaft mit M\u00fcnchen. \u201cTCT und die Trabennbahn M\u00fcnchen Daglfing passen perfekt zueinander.\u00a0 Beide haben die Ambitionen und die Leidenschaft um gemeinsam den Trabrennsport wachsen zu lassen!. Zusammen mit der Trabennbahn in Hamburg (auch Partner des TCTs) gibt es nun auch f\u00fcr deutsche Besitzer interessante Chancen an TCT teilzunehmen und vom gro\u00dfen Preispool zu profitieren. So erwarten wir uns bis zum Nennungsschluss am 10.01.2021 noch einige Nennungen aus deutschen Quartieren.\u00a0<\/p><p>Sascha Multerer, Rennsekret\u00e4r des M\u00fcnchner Trabrenn-und Zuchteverein e.V. : \u201cWir sind sehr froh dass die M\u00fcnchen-Daglfing diese Partnerschaft mit\u00a0 TCT schlie\u00dfen konnte. Die Trotting Classic Tour ist eine\u00a0 Initiative mit neuer Perspektive f\u00fcr Pferdebesitzer, Z\u00fcchter, Trainer, Trabrennbahnen und den Trabrennsport im allgemeinen. Insgesamt\u00a0 k\u00f6nnen die Pferde pro Jahrgang mehr als 415.000 Euro verdienen. Wir sind stolz darauf neben Hamburg-Bahrenfeld als zweite deutsche Bahn\u00a0 an diesem Programm teil zu nehmen!\u201d<\/p>\t\t\t\t\t\t\t\t<\/div>\n\t\t\t\t<\/div>\n\t\t\t\t\t<\/div>\n\t\t<\/div>\n\t\t\t\t<div class=\"elementor-column elementor-col-33 elementor-top-column elementor-element elementor-element-8a02253\" data-id=\"8a02253\" data-element_type=\"column\" data-e-type=\"column\" data-settings=\"{&quot;background_background&quot;:&quot;classic&quot;}\">\n\t\t\t<div class=\"elementor-widget-wrap elementor-element-populated\">\n\t\t\t\t\t\t<div class=\"elementor-element elementor-element-4ddf487 elementor-widget elementor-widget-image\" data-id=\"4ddf487\" data-element_type=\"widget\" data-e-type=\"widget\" data-widget_type=\"image.default\">\n\t\t\t\t<div class=\"elementor-widget-container\">\n\t\t\t\t\t\t\t\t\t\t\t\t\t\t\t<img fetchpriority=\"high\" decoding=\"async\" width=\"1024\" height=\"1024\" src=\"https:\/\/trottingclassicstour.com\/wp-content\/uploads\/2020\/10\/nimczyk-1024x1024.jpg\" class=\"attachment-large size-large wp-image-853\" alt=\"\" srcset=\"https:\/\/trottingclassicstour.com\/wp-content\/uploads\/2020\/10\/nimczyk-1024x1024.jpg 1024w, https:\/\/trottingclassicstour.com\/wp-content\/uploads\/2020\/10\/nimczyk-300x300.jpg 300w, https:\/\/trottingclassicstour.com\/wp-content\/uploads\/2020\/10\/nimczyk-150x150.jpg 150w, https:\/\/trottingclassicstour.com\/wp-content\/uploads\/2020\/10\/nimczyk-768x768.jpg 768w, https:\/\/trottingclassicstour.com\/wp-content\/uploads\/2020\/10\/nimczyk.jpg 1400w\" sizes=\"(max-width: 1024px) 100vw, 1024px\" \/>\t\t\t\t\t\t\t\t\t\t\t\t\t\t\t<\/div>\n\t\t\t\t<\/div>\n\t\t\t\t\t<\/div>\n\t\t<\/div>\n\t\t\t\t\t<\/div>\n\t\t<\/section>\n\t\t\t\t<\/div>\n\t\t","protected":false},"excerpt":{"rendered":"<p>Trabrennbahn M\u00fcnchen-Daglfing wird Partner der Trotting Classics Tour! M\u00fcnchen-Daglfing Partner der Trotting Classic Tour &#8211; Nennungsschluss 10.01.2021 Der M\u00fcnchner Trabrenn- und Zuchtverein hat an den letzten Tagen des alten Jahres eine wegweisende Kooperation mit der Trotting Classic Tour vereinbart. Dabei werden in den Jahren 2022 und 2023 jeweils eine Teilpr\u00fcfung der TCT f\u00fcr Dreij\u00e4hrige mit [&hellip;]<\/p>\n","protected":false},"author":1,"featured_media":0,"parent":0,"menu_order":0,"comment_status":"closed","ping_status":"closed","template":"","meta":{"site-sidebar-layout":"no-sidebar","site-content-layout":"page-builder","ast-site-content-layout":"default","site-content-style":"default","site-sidebar-style":"default","ast-global-header-display":"","ast-banner-title-visibility":"","ast-main-header-display":"","ast-hfb-above-header-display":"","ast-hfb-below-header-display":"","ast-hfb-mobile-header-display":"","site-post-title":"disabled","ast-breadcrumbs-content":"","ast-featured-img":"disabled","footer-sml-layout":"","ast-disable-related-posts":"","theme-transparent-header-meta":"default","adv-header-id-meta":"","stick-header-meta":"","header-above-stick-meta":"","header-main-stick-meta":"","header-below-stick-meta":"","astra-migrate-meta-layouts":"default","ast-page-background-enabled":"default","ast-page-background-meta":{"desktop":{"background-color":"","background-image":"","background-repeat":"repeat","background-position":"center center","background-size":"auto","background-attachment":"scroll","background-type":"","background-media":"","overlay-type":"","overlay-color":"","overlay-opacity":"","overlay-gradient":""},"tablet":{"background-color":"","background-image":"","background-repeat":"repeat","background-position":"center center","background-size":"auto","background-attachment":"scroll","background-type":"","background-media":"","overlay-type":"","overlay-color":"","overlay-opacity":"","overlay-gradient":""},"mobile":{"background-color":"","background-image":"","background-repeat":"repeat","background-position":"center center","background-size":"auto","background-attachment":"scroll","background-type":"","background-media":"","overlay-type":"","overlay-color":"","overlay-opacity":"","overlay-gradient":""}},"ast-content-background-meta":{"desktop":{"background-color":"var(--ast-global-color-5)","background-image":"","background-repeat":"repeat","background-position":"center center","background-size":"auto","background-attachment":"scroll","background-type":"","background-media":"","overlay-type":"","overlay-color":"","overlay-opacity":"","overlay-gradient":""},"tablet":{"background-color":"var(--ast-global-color-5)","background-image":"","background-repeat":"repeat","background-position":"center center","background-size":"auto","background-attachment":"scroll","background-type":"","background-media":"","overlay-type":"","overlay-color":"","overlay-opacity":"","overlay-gradient":""},"mobile":{"background-color":"var(--ast-global-color-5)","background-image":"","background-repeat":"repeat","background-position":"center center","background-size":"auto","background-attachment":"scroll","background-type":"","background-media":"","overlay-type":"","overlay-color":"","overlay-opacity":"","overlay-gradient":""}},"footnotes":""},"class_list":["post-1624","page","type-page","status-publish","hentry"],"_links":{"self":[{"href":"https:\/\/trottingclassicstour.com\/de\/wp-json\/wp\/v2\/pages\/1624","targetHints":{"allow":["GET"]}}],"collection":[{"href":"https:\/\/trottingclassicstour.com\/de\/wp-json\/wp\/v2\/pages"}],"about":[{"href":"https:\/\/trottingclassicstour.com\/de\/wp-json\/wp\/v2\/types\/page"}],"author":[{"embeddable":true,"href":"https:\/\/trottingclassicstour.com\/de\/wp-json\/wp\/v2\/users\/1"}],"replies":[{"embeddable":true,"href":"https:\/\/trottingclassicstour.com\/de\/wp-json\/wp\/v2\/comments?post=1624"}],"version-history":[{"count":10,"href":"https:\/\/trottingclassicstour.com\/de\/wp-json\/wp\/v2\/pages\/1624\/revisions"}],"predecessor-version":[{"id":1671,"href":"https:\/\/trottingclassicstour.com\/de\/wp-json\/wp\/v2\/pages\/1624\/revisions\/1671"}],"wp:attachment":[{"href":"https:\/\/trottingclassicstour.com\/de\/wp-json\/wp\/v2\/media?parent=1624"}],"curies":[{"name":"wp","href":"https:\/\/api.w.org\/{rel}","templated":true}]}}