{"id":1732,"date":"2021-01-06T07:14:39","date_gmt":"2021-01-06T07:14:39","guid":{"rendered":"http:\/\/trottingclassicstour.com\/freisprung-readly-express\/"},"modified":"2021-01-06T07:14:39","modified_gmt":"2021-01-06T07:14:39","slug":"freisprung-readly-express","status":"publish","type":"page","link":"https:\/\/trottingclassicstour.com\/de\/freisprung-readly-express\/","title":{"rendered":"Freisprung Readly Express"},"content":{"rendered":"\t\t<div data-elementor-type=\"wp-page\" data-elementor-id=\"1732\" class=\"elementor elementor-1732 elementor-1716\" data-elementor-post-type=\"page\">\n\t\t\t\t\t\t<section class=\"elementor-section elementor-top-section elementor-element elementor-element-7d37037 elementor-section-full_width elementor-section-height-default elementor-section-height-default\" data-id=\"7d37037\" data-element_type=\"section\" data-e-type=\"section\">\n\t\t\t\t\t\t<div class=\"elementor-container elementor-column-gap-default\">\n\t\t\t\t\t<div class=\"elementor-column elementor-col-100 elementor-top-column elementor-element elementor-element-e5efbce\" data-id=\"e5efbce\" data-element_type=\"column\" data-e-type=\"column\" data-settings=\"{&quot;background_background&quot;:&quot;classic&quot;}\">\n\t\t\t<div class=\"elementor-widget-wrap elementor-element-populated\">\n\t\t\t\t\t\t<section class=\"elementor-section elementor-inner-section elementor-element elementor-element-3ea9199 elementor-section-boxed elementor-section-height-default elementor-section-height-default\" data-id=\"3ea9199\" data-element_type=\"section\" data-e-type=\"section\">\n\t\t\t\t\t\t<div class=\"elementor-container elementor-column-gap-default\">\n\t\t\t\t\t<div class=\"elementor-column elementor-col-50 elementor-inner-column elementor-element elementor-element-5644e1e\" data-id=\"5644e1e\" data-element_type=\"column\" data-e-type=\"column\">\n\t\t\t<div class=\"elementor-widget-wrap elementor-element-populated\">\n\t\t\t\t\t\t\t<\/div>\n\t\t<\/div>\n\t\t\t\t<div class=\"elementor-column elementor-col-50 elementor-inner-column elementor-element elementor-element-056674d\" data-id=\"056674d\" data-element_type=\"column\" data-e-type=\"column\">\n\t\t\t<div class=\"elementor-widget-wrap\">\n\t\t\t\t\t\t\t<\/div>\n\t\t<\/div>\n\t\t\t\t\t<\/div>\n\t\t<\/section>\n\t\t\t\t\t<\/div>\n\t\t<\/div>\n\t\t\t\t\t<\/div>\n\t\t<\/section>\n\t\t\t\t<section class=\"elementor-section elementor-top-section elementor-element elementor-element-409296a elementor-section-boxed elementor-section-height-default elementor-section-height-default\" data-id=\"409296a\" data-element_type=\"section\" data-e-type=\"section\">\n\t\t\t\t\t\t<div class=\"elementor-container elementor-column-gap-default\">\n\t\t\t\t\t<div class=\"elementor-column elementor-col-66 elementor-top-column elementor-element elementor-element-50506f2\" data-id=\"50506f2\" data-element_type=\"column\" data-e-type=\"column\">\n\t\t\t<div class=\"elementor-widget-wrap elementor-element-populated\">\n\t\t\t\t\t\t<div class=\"elementor-element elementor-element-60669d1 elementor-widget elementor-widget-heading\" data-id=\"60669d1\" data-element_type=\"widget\" data-e-type=\"widget\" data-widget_type=\"heading.default\">\n\t\t\t\t<div class=\"elementor-widget-container\">\n\t\t\t\t\t<h2 class=\"elementor-heading-title elementor-size-default\">Readly Express<\/h2>\t\t\t\t<\/div>\n\t\t\t\t<\/div>\n\t\t\t\t<div class=\"elementor-element elementor-element-7f3f66e elementor-widget-divider--view-line elementor-widget elementor-widget-divider\" data-id=\"7f3f66e\" data-element_type=\"widget\" data-e-type=\"widget\" data-widget_type=\"divider.default\">\n\t\t\t\t<div class=\"elementor-widget-container\">\n\t\t\t\t\t\t\t<div class=\"elementor-divider\">\n\t\t\t<span class=\"elementor-divider-separator\">\n\t\t\t\t\t\t<\/span>\n\t\t<\/div>\n\t\t\t\t\t\t<\/div>\n\t\t\t\t<\/div>\n\t\t\t\t<div class=\"elementor-element elementor-element-78d7db4 elementor-widget elementor-widget-text-editor\" data-id=\"78d7db4\" data-element_type=\"widget\" data-e-type=\"widget\" data-widget_type=\"text-editor.default\">\n\t\t\t\t<div class=\"elementor-widget-container\">\n\t\t\t\t\t\t\t\t\t<p><strong>Freisprung von Readly Express f\u00fcr 3 Jahre zur Boko Stables Trotting Classics Tour!<\/strong><\/p>\n<p>In den Jahren 2021, 2022 und 2023 erh\u00e4lt der erfolgreichste Z\u00fcchter der am TCT-Programm teilnehmenden Pferde, einen Freisprung von einem der besten Traber und Prix d`Amerique-Sieger <strong>Readly Express<\/strong> (1.08,9 SEK, 24.711.656)<\/p>\n<p>&nbsp;<\/p>\n<ol>\n<li><strong> Freisprung<\/strong>: Rennjahr 1.1.2021 bis 31.12.2021. Steht dem Z\u00fcchter 2022 zur Verf\u00fcgung.<\/li>\n<\/ol>\n<p>Den Freisprung gewinnt derjenige\u00a0 Z\u00fcchter, dessen Zuchtprodukte (geboren 2019 = 2 Jahre) das meiste Preisgeld verdient haben. Diese Serie umfasst voraussichtlich 3 TCT-Rennen sowie<br \/>\n3 Satellitenrennen<\/p>\n<p>&nbsp;<\/p>\n<ol start=\"2\">\n<li><strong> Freisprung<\/strong>: Rennjahr 1.1.2022 bis 31.12.2022. Steht dem Z\u00fcchter 2023 zur Verf\u00fcgung<\/li>\n<\/ol>\n<p>Den Freisprung gewinnt derjenige Z\u00fcchter, dessen Zuchtprodukte (geboren 2019 = 3 Jahre <strong>und<\/strong> 2020 = 2 Jahre) das meiste Preisgeld verdient haben. Diese Serie umfasst voraussichtlich 7 TCT-Rennen sowie 7 Satellitenrennen<\/p>\n<p>&nbsp;<\/p>\n<ol start=\"3\">\n<li><strong> Freisprung<\/strong>: Rennjahr 1.1.2023 bis 31.12.2023. Steht dem Z\u00fcchter 2024 zur Verf\u00fcgung<\/li>\n<\/ol>\n<p>Den Freisprung gewinnt derjenige Z\u00fcchter, dessen Zuchtprodukte (geboren 2019 = 4 Jahre <strong>und<\/strong> 2020 = 3 Jahre <strong>und<\/strong> 2021 = 2 Jahre) das meiste Preisgeld verdient haben. Diese Serie umfasst voraussichtlich 12 TCT-Rennen sowie 12 Satellitenrennen<\/p>\n<p><strong>Beachten Sie bitte<\/strong>, dass sich der Freisprung auf das Fohlengeld (aktuell SEK 105.000) bezieht. Die Anmeldegeb\u00fchr sowie alle anfallenden Veterin\u00e4rkosten sind vom siegreichen Z\u00fcchter zu tragen!<\/p>\n<p>Es handelt sich um eine Bedeckung mit Gefriersamen auf einer Deckstation au\u00dferhalb Schwedens, mit einer Stute, die zum Zeitpunkt der Bedeckung nicht im schwedischen Zuchtbuch eingetragen ist.<\/p>\n<p><strong>Anmerkung: <\/strong>F\u00fcr den Fall, dass Readly Express vorzeitig verstirbt oder unfruchtbar wird, erlischt die Sponsorenvereinbarung in Bezug auf diesen Hengst.<\/p>\n\t\t\t\t\t\t\t\t<\/div>\n\t\t\t\t<\/div>\n\t\t\t\t\t<\/div>\n\t\t<\/div>\n\t\t\t\t<div class=\"elementor-column elementor-col-33 elementor-top-column elementor-element elementor-element-8a02253\" data-id=\"8a02253\" data-element_type=\"column\" data-e-type=\"column\" data-settings=\"{&quot;background_background&quot;:&quot;classic&quot;}\">\n\t\t\t<div class=\"elementor-widget-wrap elementor-element-populated\">\n\t\t\t\t\t\t<div class=\"elementor-element elementor-element-4ddf487 elementor-widget elementor-widget-image\" data-id=\"4ddf487\" data-element_type=\"widget\" data-e-type=\"widget\" data-widget_type=\"image.default\">\n\t\t\t\t<div class=\"elementor-widget-container\">\n\t\t\t\t\t\t\t\t\t\t\t\t\t\t\t<img fetchpriority=\"high\" decoding=\"async\" width=\"1024\" height=\"683\" src=\"https:\/\/trottingclassicstour.com\/wp-content\/uploads\/2021\/01\/fb_banner_readly_express-1024x683.png\" class=\"attachment-large size-large wp-image-1706\" alt=\"\" srcset=\"https:\/\/trottingclassicstour.com\/wp-content\/uploads\/2021\/01\/fb_banner_readly_express-1024x683.png 1024w, https:\/\/trottingclassicstour.com\/wp-content\/uploads\/2021\/01\/fb_banner_readly_express-300x200.png 300w, https:\/\/trottingclassicstour.com\/wp-content\/uploads\/2021\/01\/fb_banner_readly_express-768x512.png 768w, https:\/\/trottingclassicstour.com\/wp-content\/uploads\/2021\/01\/fb_banner_readly_express.png 1200w\" sizes=\"(max-width: 1024px) 100vw, 1024px\" \/>\t\t\t\t\t\t\t\t\t\t\t\t\t\t\t<\/div>\n\t\t\t\t<\/div>\n\t\t\t\t\t<\/div>\n\t\t<\/div>\n\t\t\t\t\t<\/div>\n\t\t<\/section>\n\t\t\t\t<\/div>\n\t\t","protected":false},"excerpt":{"rendered":"<p>Readly Express Freisprung von Readly Express f\u00fcr 3 Jahre zur Boko Stables Trotting Classics Tour! In den Jahren 2021, 2022 und 2023 erh\u00e4lt der erfolgreichste Z\u00fcchter der am TCT-Programm teilnehmenden Pferde, einen Freisprung von einem der besten Traber und Prix d`Amerique-Sieger Readly Express (1.08,9 SEK, 24.711.656) &nbsp; Freisprung: Rennjahr 1.1.2021 bis 31.12.2021. Steht dem Z\u00fcchter [&hellip;]<\/p>\n","protected":false},"author":1,"featured_media":0,"parent":0,"menu_order":0,"comment_status":"closed","ping_status":"closed","template":"","meta":{"site-sidebar-layout":"no-sidebar","site-content-layout":"page-builder","ast-site-content-layout":"default","site-content-style":"default","site-sidebar-style":"default","ast-global-header-display":"","ast-banner-title-visibility":"","ast-main-header-display":"","ast-hfb-above-header-display":"","ast-hfb-below-header-display":"","ast-hfb-mobile-header-display":"","site-post-title":"disabled","ast-breadcrumbs-content":"","ast-featured-img":"disabled","footer-sml-layout":"","ast-disable-related-posts":"","theme-transparent-header-meta":"default","adv-header-id-meta":"","stick-header-meta":"","header-above-stick-meta":"","header-main-stick-meta":"","header-below-stick-meta":"","astra-migrate-meta-layouts":"default","ast-page-background-enabled":"default","ast-page-background-meta":{"desktop":{"background-color":"","background-image":"","background-repeat":"repeat","background-position":"center center","background-size":"auto","background-attachment":"scroll","background-type":"","background-media":"","overlay-type":"","overlay-color":"","overlay-opacity":"","overlay-gradient":""},"tablet":{"background-color":"","background-image":"","background-repeat":"repeat","background-position":"center center","background-size":"auto","background-attachment":"scroll","background-type":"","background-media":"","overlay-type":"","overlay-color":"","overlay-opacity":"","overlay-gradient":""},"mobile":{"background-color":"","background-image":"","background-repeat":"repeat","background-position":"center center","background-size":"auto","background-attachment":"scroll","background-type":"","background-media":"","overlay-type":"","overlay-color":"","overlay-opacity":"","overlay-gradient":""}},"ast-content-background-meta":{"desktop":{"background-color":"var(--ast-global-color-5)","background-image":"","background-repeat":"repeat","background-position":"center center","background-size":"auto","background-attachment":"scroll","background-type":"","background-media":"","overlay-type":"","overlay-color":"","overlay-opacity":"","overlay-gradient":""},"tablet":{"background-color":"var(--ast-global-color-5)","background-image":"","background-repeat":"repeat","background-position":"center center","background-size":"auto","background-attachment":"scroll","background-type":"","background-media":"","overlay-type":"","overlay-color":"","overlay-opacity":"","overlay-gradient":""},"mobile":{"background-color":"var(--ast-global-color-5)","background-image":"","background-repeat":"repeat","background-position":"center center","background-size":"auto","background-attachment":"scroll","background-type":"","background-media":"","overlay-type":"","overlay-color":"","overlay-opacity":"","overlay-gradient":""}},"footnotes":""},"class_list":["post-1732","page","type-page","status-publish","hentry"],"_links":{"self":[{"href":"https:\/\/trottingclassicstour.com\/de\/wp-json\/wp\/v2\/pages\/1732","targetHints":{"allow":["GET"]}}],"collection":[{"href":"https:\/\/trottingclassicstour.com\/de\/wp-json\/wp\/v2\/pages"}],"about":[{"href":"https:\/\/trottingclassicstour.com\/de\/wp-json\/wp\/v2\/types\/page"}],"author":[{"embeddable":true,"href":"https:\/\/trottingclassicstour.com\/de\/wp-json\/wp\/v2\/users\/1"}],"replies":[{"embeddable":true,"href":"https:\/\/trottingclassicstour.com\/de\/wp-json\/wp\/v2\/comments?post=1732"}],"version-history":[{"count":1,"href":"https:\/\/trottingclassicstour.com\/de\/wp-json\/wp\/v2\/pages\/1732\/revisions"}],"predecessor-version":[{"id":1733,"href":"https:\/\/trottingclassicstour.com\/de\/wp-json\/wp\/v2\/pages\/1732\/revisions\/1733"}],"wp:attachment":[{"href":"https:\/\/trottingclassicstour.com\/de\/wp-json\/wp\/v2\/media?parent=1732"}],"curies":[{"name":"wp","href":"https:\/\/api.w.org\/{rel}","templated":true}]}}