{"id":1758,"date":"2021-01-25T16:51:55","date_gmt":"2021-01-25T16:51:55","guid":{"rendered":"http:\/\/trottingclassicstour.com\/update-besitzer-und-trainer\/"},"modified":"2021-01-25T16:51:56","modified_gmt":"2021-01-25T16:51:56","slug":"update-besitzer-und-trainer","status":"publish","type":"page","link":"https:\/\/trottingclassicstour.com\/de\/update-besitzer-und-trainer\/","title":{"rendered":"Update Besitzer und Trainer"},"content":{"rendered":"\t\t<div data-elementor-type=\"wp-page\" data-elementor-id=\"1758\" class=\"elementor elementor-1758 elementor-1752\" data-elementor-post-type=\"page\">\n\t\t\t\t\t\t<section class=\"elementor-section elementor-top-section elementor-element elementor-element-7d37037 elementor-section-full_width elementor-section-height-default elementor-section-height-default\" data-id=\"7d37037\" data-element_type=\"section\" data-e-type=\"section\">\n\t\t\t\t\t\t<div class=\"elementor-container elementor-column-gap-default\">\n\t\t\t\t\t<div class=\"elementor-column elementor-col-100 elementor-top-column elementor-element elementor-element-e5efbce\" data-id=\"e5efbce\" data-element_type=\"column\" data-e-type=\"column\" data-settings=\"{&quot;background_background&quot;:&quot;classic&quot;}\">\n\t\t\t<div class=\"elementor-widget-wrap elementor-element-populated\">\n\t\t\t\t\t\t<section class=\"elementor-section elementor-inner-section elementor-element elementor-element-3ea9199 elementor-section-boxed elementor-section-height-default elementor-section-height-default\" data-id=\"3ea9199\" data-element_type=\"section\" data-e-type=\"section\">\n\t\t\t\t\t\t<div class=\"elementor-container elementor-column-gap-default\">\n\t\t\t\t\t<div class=\"elementor-column elementor-col-50 elementor-inner-column elementor-element elementor-element-5644e1e\" data-id=\"5644e1e\" data-element_type=\"column\" data-e-type=\"column\">\n\t\t\t<div class=\"elementor-widget-wrap elementor-element-populated\">\n\t\t\t\t\t\t\t<\/div>\n\t\t<\/div>\n\t\t\t\t<div class=\"elementor-column elementor-col-50 elementor-inner-column elementor-element elementor-element-056674d\" data-id=\"056674d\" data-element_type=\"column\" data-e-type=\"column\">\n\t\t\t<div class=\"elementor-widget-wrap\">\n\t\t\t\t\t\t\t<\/div>\n\t\t<\/div>\n\t\t\t\t\t<\/div>\n\t\t<\/section>\n\t\t\t\t\t<\/div>\n\t\t<\/div>\n\t\t\t\t\t<\/div>\n\t\t<\/section>\n\t\t\t\t<section class=\"elementor-section elementor-top-section elementor-element elementor-element-409296a elementor-section-boxed elementor-section-height-default elementor-section-height-default\" data-id=\"409296a\" data-element_type=\"section\" data-e-type=\"section\">\n\t\t\t\t\t\t<div class=\"elementor-container elementor-column-gap-default\">\n\t\t\t\t\t<div class=\"elementor-column elementor-col-66 elementor-top-column elementor-element elementor-element-50506f2\" data-id=\"50506f2\" data-element_type=\"column\" data-e-type=\"column\">\n\t\t\t<div class=\"elementor-widget-wrap elementor-element-populated\">\n\t\t\t\t\t\t<div class=\"elementor-element elementor-element-ad900e0 elementor-widget-divider--view-line elementor-widget elementor-widget-divider\" data-id=\"ad900e0\" data-element_type=\"widget\" data-e-type=\"widget\" data-widget_type=\"divider.default\">\n\t\t\t\t<div class=\"elementor-widget-container\">\n\t\t\t\t\t\t\t<div class=\"elementor-divider\">\n\t\t\t<span class=\"elementor-divider-separator\">\n\t\t\t\t\t\t<\/span>\n\t\t<\/div>\n\t\t\t\t\t\t<\/div>\n\t\t\t\t<\/div>\n\t\t\t\t<div class=\"elementor-element elementor-element-60669d1 elementor-widget elementor-widget-heading\" data-id=\"60669d1\" data-element_type=\"widget\" data-e-type=\"widget\" data-widget_type=\"heading.default\">\n\t\t\t\t<div class=\"elementor-widget-container\">\n\t\t\t\t\t<h2 class=\"elementor-heading-title elementor-size-default\">Nachrichten f\u00fcr Besitzer und Trainer<\/h2>\t\t\t\t<\/div>\n\t\t\t\t<\/div>\n\t\t\t\t<div class=\"elementor-element elementor-element-78d7db4 elementor-widget elementor-widget-text-editor\" data-id=\"78d7db4\" data-element_type=\"widget\" data-e-type=\"widget\" data-widget_type=\"text-editor.default\">\n\t\t\t\t<div class=\"elementor-widget-container\">\n\t\t\t\t\t\t\t\t\t<p>Willkommen bei der Trotting Classics Tour (TCT)!<\/p>\n<p>Sehr geehrte Besitzer und Trainer,<\/p>\n<p>vor kurzem haben Sie ein oder mehrere Pferde f\u00fcr das TCT-Programm angemeldet. Wir bedanken uns recht herzlich bei Ihnen f\u00fcr diese Registrierung(en).<\/p>\n<p>Das Interesse am TCT-Programm ist enorm. Es wurden mehr als 350 J\u00e4hrlinge angemeldet!<\/p>\n<p>Das Hauptziel der Trotting Classics Tour ist es, das Wachstum des Trabrennsports zu f\u00f6rdern, um die Kontinuit\u00e4t unseres Sports zu gew\u00e4hrleisten. Die hohe Zahl an Anmeldungen hat uns best\u00e4tigt, einen wichtigen ersten Schritt gemacht zu haben.<\/p>\n<p>Mit diesem Schreiben informieren wir Sie \u00fcber ein paar wichtige Details zum Ablauf:<\/p>\n<ol>\n<li>Wo finde ich Informationen zu den gemeldeten Pferden?<\/li>\n<\/ol>\n<p>Am 29. Januar werden wir auf unserer Website trottingclassicstour.com die komplette Nennungsliste ver\u00f6ffentlichen<\/p>\n<ol start=\"2\">\n<li>Wann wird bekanntgegeben, wann und wo welche TCT-Rennen 2021 durchgef\u00fchrt werden?<\/li>\n<\/ol>\n<p>Am 29. Januar erhalten Sie von uns eine E-Mail mit dem endg\u00fcltigen TCT-Terminkalender 2021. Gleichzeitig ver\u00f6ffentlichen wir diesen auch auf unserer Website.<\/p>\n<ol start=\"3\">\n<li>Wo finde ich die genaue Ausschreibung der TCT-Rennen f\u00fcr 2021?<\/li>\n<\/ol>\n<p>Aktuell befindet sich eine vorl\u00e4ufige Version der Ausschreibung auf unserer Website. Ab dem 29. Januar wird die endg\u00fcltige Ausschreibung aller TCT-Rennen f\u00fcr 2021 auf unserer Website ver\u00f6ffentlicht<\/p>\n<ol start=\"4\">\n<li>Wann werden die Eins\u00e4tze bzw. Startgelder f\u00e4llig und wie funktioniert die Abrechnung?<\/li>\n<\/ol>\n<p>F\u00fcr 2021 werden 4 Eins\u00e4tze f\u00e4llig:<\/p>\n<ol>\n<li>Februar 250 Euro<\/li>\n<li>M\u00e4rz 150 Euro<\/li>\n<li>April 100 Euro<\/li>\n<li>Mai 100 Euro<\/li>\n<\/ol>\n<p>Dar\u00fcber hinaus wird bei Starterangabe ein Startgeld in H\u00f6he von 1% der Dotierung des jeweiligen Rennens f\u00e4llig. Dieses Startgeld ist nur bei den gehobenen TCT-Rennen zu entrichten, entf\u00e4llt jedoch bei den sogenannten Satellitenrennen.<\/p>\n<p>Alle Eins\u00e4tze sind Nettobetr\u00e4ge und verstehen sich zuz\u00fcglich 21% Mehrwertsteuer.<\/p>\n<p>Die Abwicklung der Eins\u00e4tze erfolgt \u00fcber die SNDR (Stiftung Niederl\u00e4ndischer Trabrennsport)<\/p>\n<p>F\u00fcr die Besitzer, die bereits ein aktuelles Konto bei der SNDR haben:<\/p>\n<p>Die Eins\u00e4tze, Startgelder sowie Preisgelder werden auf bestehenden Konten verbucht.<\/p>\n<p>F\u00fcr alle Besitzer, die noch KEIN aktuelles Konto bei der SNDR haben:<\/p>\n<p>Die SNDR er\u00f6ffnet eine neues Konto, auf welchem alle Eins\u00e4tze, Startgelder sowie Preisgelder verbucht werden.<\/p>\n<p>Buchungstag ist der 21. eines jeden Monats.<\/p>\n<p>Besitzer mit einem holl\u00e4ndischen Bankkonto k\u00f6nnen daf\u00fcr das Lastschriftverfahren nutzen, alle \u00fcbrigen m\u00fcssen f\u00fcr eine Kontodeckung bis sp\u00e4testens zum 21. des Monats sorgen.<\/p>\n<p>Falls Ihre Daten noch nicht beim SNDR bekannt sind:<\/p>\n<p>Sie erhalten n\u00e4chste Woche vom TCT eine E-Mail mit der Information, welche Daten noch ben\u00f6tigt werden.<\/p>\n<p>F\u00fcr weitere Fragen steht Ihnen die Sportabteilung der SNDR zur Verf\u00fcgung.<\/p>\n<ol start=\"5\">\n<li>Ich habe mein Pferd 2020 auf der Wolvega Yearling Sale gekauft. Wie erhalte ich die H\u00e4lfte des ersten Eins\u00e4tzes zur\u00fcck?<\/li>\n<\/ol>\n<p>Sie erhalten im Laufe des Februars 2021 eine Gutschrift von 50% auf den ersten Einsatz.<\/p>\n<ol start=\"6\">\n<li>Auszahlung Preisgelder<\/li>\n<\/ol>\n<p>Die Auszahlung der Preisgelder f\u00fcr alle in den Niederlanden ausgerichteten Rennen erfolgt \u00fcber Ihr Konto bei der SNDR.<\/p>\n<p>Die Auszahlung der Preisgelder f\u00fcr alle in Hamburg und M\u00fcnchen ausgerichteten Rennen erfolgt \u00a0\u00fcber Ihr Konto bei der ZVS.<\/p>\n<ol start=\"7\">\n<li>Erh\u00f6ht sich die Dotierung aufgrund der hohen Anzahl an gemeldeten Pferde?<\/li>\n<\/ol>\n<p>Die TCT ist eine Stiftung. Alle Gelder flie\u00dfen zur\u00fcck in den Trabrennsport. Durch die erh\u00f6hte Anzahl der gemeldeten Pferde erh\u00f6hen sich somit auch die Preisgelder.<\/p>\n<p>Die TCT hat entschieden, zus\u00e4tzliche Serien f\u00fcr das 2-J\u00e4hrigen Derby abzuhalten (Dotierung: 5.000 Euro). Zudem gibt es ein zus\u00e4tzliches Satellitenrennen in M\u00fcnchen (Dotierung: 10.000 Euro). Dar\u00fcber hinaus werden beim Class Stakes Rennen in Hamburg und dem Gold Cup in Wolvega, bei einer Starterzahl von mehr als 12 Pferden, mehrere Abteilungen ausgetragen.<\/p>\n<p>Geplant ist, den gr\u00f6\u00dften Teil der Preisgelder f\u00fcr die TCT-Rennen der Dreij\u00e4hrigen (2022) und Vierj\u00e4hrigen (2023) zu auszusch\u00fctten.<\/p>\n<p>Sollten Sie noch Fragen oder Anmerkungen haben, melden Sie sich bitte bei uns (alle Kontaktdaten finden Sie auf unserer Website)!<\/p>\n<p>Die Trotting Classics Tour ist gegr\u00fcndet DURCH und F\u00dcR Trabrennsportliebhaber!<\/p>\n<ul>\n<li>Pro Jahrgang mehr als 500.000 Euro Preisgeld<\/li>\n<li>100.000 Euro Bonus f\u00fcr den Gewinner der Triple Crown<\/li>\n<li>Gratis Fohlengeld \u00fcber 3 Jahre von Readly Express f\u00fcr den gewinnreichsten Z\u00fcchter!<\/li>\n<li>Kooperation mehrerer Trabrennbahnen innerhalb Europas<\/li>\n<li>25 Sponsoren investieren zusammen mehr als 130.000 Euro pro Jahr<\/li>\n<li>Enthusiasmus und finanzielle Unterst\u00fctzung der teilnehmenden Trabrennbahnen<\/li>\n<li>Anreiz zum Kauf von J\u00e4hrlingen durch attraktiven Rennsport und damit Chance auf h\u00f6here Verkaufspreise<\/li>\n<li>Mehr Pferde, mehr Besucher = h\u00f6herer Wett- und Gastronomie-Umsatz<\/li>\n<li>Kontinuit\u00e4t bietet Zukunftschancen f\u00fcr Nachwuchsfahrer, Berufsfahrer und Trainer<\/li>\n<\/ul>\n<p>Zusammen sorgen wir daf\u00fcr, dass TCT ein gro\u00dfer Erfolg wird!<\/p>\n<p>Mit freundlichen Gr\u00fc\u00dfen,<\/p>\n<p>Robin Goudsblom \u00a0\u00a0\u00a0\u00a0\u00a0 \u00a0\u00a0\u00a0\u00a0\u00a0\u00a0\u00a0\u00a0\u00a0\u00a0\u00a0\u00a0\u00a0 Ferry Hollander<\/p>\n<p>Vorsitzende des TCTs \u00a0\u00a0\u00a0\u00a0\u00a0\u00a0\u00a0\u00a0\u00a0\u00a0\u00a0\u00a0\u00a0 Sekret\u00e4r des TCTs<\/p>\n<p>&nbsp;<\/p>\n\t\t\t\t\t\t\t\t<\/div>\n\t\t\t\t<\/div>\n\t\t\t\t\t<\/div>\n\t\t<\/div>\n\t\t\t\t<div class=\"elementor-column elementor-col-33 elementor-top-column elementor-element elementor-element-8a02253\" data-id=\"8a02253\" data-element_type=\"column\" data-e-type=\"column\" data-settings=\"{&quot;background_background&quot;:&quot;classic&quot;}\">\n\t\t\t<div class=\"elementor-widget-wrap elementor-element-populated\">\n\t\t\t\t\t\t<div class=\"elementor-element elementor-element-4ddf487 elementor-widget elementor-widget-image\" data-id=\"4ddf487\" data-element_type=\"widget\" data-e-type=\"widget\" data-widget_type=\"image.default\">\n\t\t\t\t<div class=\"elementor-widget-container\">\n\t\t\t\t\t\t\t\t\t\t\t\t\t\t\t<img fetchpriority=\"high\" decoding=\"async\" width=\"1024\" height=\"1024\" src=\"https:\/\/trottingclassicstour.com\/wp-content\/uploads\/2020\/10\/nimczyk-1024x1024.jpg\" class=\"attachment-large size-large wp-image-853\" alt=\"\" srcset=\"https:\/\/trottingclassicstour.com\/wp-content\/uploads\/2020\/10\/nimczyk-1024x1024.jpg 1024w, https:\/\/trottingclassicstour.com\/wp-content\/uploads\/2020\/10\/nimczyk-300x300.jpg 300w, https:\/\/trottingclassicstour.com\/wp-content\/uploads\/2020\/10\/nimczyk-150x150.jpg 150w, https:\/\/trottingclassicstour.com\/wp-content\/uploads\/2020\/10\/nimczyk-768x768.jpg 768w, https:\/\/trottingclassicstour.com\/wp-content\/uploads\/2020\/10\/nimczyk.jpg 1400w\" sizes=\"(max-width: 1024px) 100vw, 1024px\" \/>\t\t\t\t\t\t\t\t\t\t\t\t\t\t\t<\/div>\n\t\t\t\t<\/div>\n\t\t\t\t\t<\/div>\n\t\t<\/div>\n\t\t\t\t\t<\/div>\n\t\t<\/section>\n\t\t\t\t<\/div>\n\t\t","protected":false},"excerpt":{"rendered":"<p>Nachrichten f\u00fcr Besitzer und Trainer Willkommen bei der Trotting Classics Tour (TCT)! Sehr geehrte Besitzer und Trainer, vor kurzem haben Sie ein oder mehrere Pferde f\u00fcr das TCT-Programm angemeldet. Wir bedanken uns recht herzlich bei Ihnen f\u00fcr diese Registrierung(en). Das Interesse am TCT-Programm ist enorm. Es wurden mehr als 350 J\u00e4hrlinge angemeldet! Das Hauptziel der [&hellip;]<\/p>\n","protected":false},"author":1,"featured_media":0,"parent":0,"menu_order":0,"comment_status":"closed","ping_status":"closed","template":"","meta":{"site-sidebar-layout":"no-sidebar","site-content-layout":"page-builder","ast-site-content-layout":"default","site-content-style":"default","site-sidebar-style":"default","ast-global-header-display":"","ast-banner-title-visibility":"","ast-main-header-display":"","ast-hfb-above-header-display":"","ast-hfb-below-header-display":"","ast-hfb-mobile-header-display":"","site-post-title":"disabled","ast-breadcrumbs-content":"","ast-featured-img":"disabled","footer-sml-layout":"","ast-disable-related-posts":"","theme-transparent-header-meta":"default","adv-header-id-meta":"","stick-header-meta":"","header-above-stick-meta":"","header-main-stick-meta":"","header-below-stick-meta":"","astra-migrate-meta-layouts":"default","ast-page-background-enabled":"default","ast-page-background-meta":{"desktop":{"background-color":"","background-image":"","background-repeat":"repeat","background-position":"center center","background-size":"auto","background-attachment":"scroll","background-type":"","background-media":"","overlay-type":"","overlay-color":"","overlay-opacity":"","overlay-gradient":""},"tablet":{"background-color":"","background-image":"","background-repeat":"repeat","background-position":"center center","background-size":"auto","background-attachment":"scroll","background-type":"","background-media":"","overlay-type":"","overlay-color":"","overlay-opacity":"","overlay-gradient":""},"mobile":{"background-color":"","background-image":"","background-repeat":"repeat","background-position":"center center","background-size":"auto","background-attachment":"scroll","background-type":"","background-media":"","overlay-type":"","overlay-color":"","overlay-opacity":"","overlay-gradient":""}},"ast-content-background-meta":{"desktop":{"background-color":"var(--ast-global-color-5)","background-image":"","background-repeat":"repeat","background-position":"center center","background-size":"auto","background-attachment":"scroll","background-type":"","background-media":"","overlay-type":"","overlay-color":"","overlay-opacity":"","overlay-gradient":""},"tablet":{"background-color":"var(--ast-global-color-5)","background-image":"","background-repeat":"repeat","background-position":"center center","background-size":"auto","background-attachment":"scroll","background-type":"","background-media":"","overlay-type":"","overlay-color":"","overlay-opacity":"","overlay-gradient":""},"mobile":{"background-color":"var(--ast-global-color-5)","background-image":"","background-repeat":"repeat","background-position":"center center","background-size":"auto","background-attachment":"scroll","background-type":"","background-media":"","overlay-type":"","overlay-color":"","overlay-opacity":"","overlay-gradient":""}},"footnotes":""},"class_list":["post-1758","page","type-page","status-publish","hentry"],"_links":{"self":[{"href":"https:\/\/trottingclassicstour.com\/de\/wp-json\/wp\/v2\/pages\/1758","targetHints":{"allow":["GET"]}}],"collection":[{"href":"https:\/\/trottingclassicstour.com\/de\/wp-json\/wp\/v2\/pages"}],"about":[{"href":"https:\/\/trottingclassicstour.com\/de\/wp-json\/wp\/v2\/types\/page"}],"author":[{"embeddable":true,"href":"https:\/\/trottingclassicstour.com\/de\/wp-json\/wp\/v2\/users\/1"}],"replies":[{"embeddable":true,"href":"https:\/\/trottingclassicstour.com\/de\/wp-json\/wp\/v2\/comments?post=1758"}],"version-history":[{"count":1,"href":"https:\/\/trottingclassicstour.com\/de\/wp-json\/wp\/v2\/pages\/1758\/revisions"}],"predecessor-version":[{"id":1759,"href":"https:\/\/trottingclassicstour.com\/de\/wp-json\/wp\/v2\/pages\/1758\/revisions\/1759"}],"wp:attachment":[{"href":"https:\/\/trottingclassicstour.com\/de\/wp-json\/wp\/v2\/media?parent=1758"}],"curies":[{"name":"wp","href":"https:\/\/api.w.org\/{rel}","templated":true}]}}