{"id":1784,"date":"2021-01-28T10:46:38","date_gmt":"2021-01-28T10:46:38","guid":{"rendered":"http:\/\/trottingclassicstour.com\/registrierte-pferde\/"},"modified":"2026-02-12T13:03:52","modified_gmt":"2026-02-12T13:03:52","slug":"registrierte-vierjahrige-pferde","status":"publish","type":"page","link":"https:\/\/trottingclassicstour.com\/de\/registrierte-vierjahrige-pferde\/","title":{"rendered":"Registrierte vierj\u00e4hrige Pferde"},"content":{"rendered":"\t\t<div data-elementor-type=\"wp-page\" data-elementor-id=\"1784\" class=\"elementor elementor-1784 elementor-1766\" data-elementor-post-type=\"page\">\n\t\t\t\t\t\t<section class=\"elementor-section elementor-top-section elementor-element elementor-element-7d37037 elementor-section-full_width elementor-section-height-default elementor-section-height-default\" data-id=\"7d37037\" data-element_type=\"section\" data-e-type=\"section\">\n\t\t\t\t\t\t<div class=\"elementor-container elementor-column-gap-default\">\n\t\t\t\t\t<div class=\"elementor-column elementor-col-100 elementor-top-column elementor-element elementor-element-e5efbce\" data-id=\"e5efbce\" data-element_type=\"column\" data-e-type=\"column\" data-settings=\"{&quot;background_background&quot;:&quot;classic&quot;}\">\n\t\t\t<div class=\"elementor-widget-wrap elementor-element-populated\">\n\t\t\t\t\t\t<section class=\"elementor-section elementor-inner-section elementor-element elementor-element-3ea9199 elementor-section-boxed elementor-section-height-default elementor-section-height-default\" data-id=\"3ea9199\" data-element_type=\"section\" data-e-type=\"section\">\n\t\t\t\t\t\t<div class=\"elementor-container elementor-column-gap-default\">\n\t\t\t\t\t<div class=\"elementor-column elementor-col-50 elementor-inner-column elementor-element elementor-element-5644e1e\" data-id=\"5644e1e\" data-element_type=\"column\" data-e-type=\"column\">\n\t\t\t<div class=\"elementor-widget-wrap elementor-element-populated\">\n\t\t\t\t\t\t\t<\/div>\n\t\t<\/div>\n\t\t\t\t<div class=\"elementor-column elementor-col-50 elementor-inner-column elementor-element elementor-element-056674d\" data-id=\"056674d\" data-element_type=\"column\" data-e-type=\"column\">\n\t\t\t<div class=\"elementor-widget-wrap\">\n\t\t\t\t\t\t\t<\/div>\n\t\t<\/div>\n\t\t\t\t\t<\/div>\n\t\t<\/section>\n\t\t\t\t\t<\/div>\n\t\t<\/div>\n\t\t\t\t\t<\/div>\n\t\t<\/section>\n\t\t\t\t<section class=\"elementor-section elementor-top-section elementor-element elementor-element-409296a elementor-section-boxed elementor-section-height-default elementor-section-height-default\" data-id=\"409296a\" data-element_type=\"section\" data-e-type=\"section\">\n\t\t\t\t\t\t<div class=\"elementor-container elementor-column-gap-default\">\n\t\t\t\t\t<div class=\"elementor-column elementor-col-66 elementor-top-column elementor-element elementor-element-50506f2\" data-id=\"50506f2\" data-element_type=\"column\" data-e-type=\"column\">\n\t\t\t<div class=\"elementor-widget-wrap elementor-element-populated\">\n\t\t\t\t\t\t<div class=\"elementor-element elementor-element-60669d1 elementor-widget elementor-widget-heading\" data-id=\"60669d1\" data-element_type=\"widget\" data-e-type=\"widget\" data-widget_type=\"heading.default\">\n\t\t\t\t<div class=\"elementor-widget-container\">\n\t\t\t\t\t<h2 class=\"elementor-heading-title elementor-size-default\">Registrierte Pferde Trotting Classics Tour - vierj\u00e4hrige Pferde<\/h2>\t\t\t\t<\/div>\n\t\t\t\t<\/div>\n\t\t\t\t<div class=\"elementor-element elementor-element-03cc405 elementor-widget-divider--view-line elementor-widget elementor-widget-divider\" data-id=\"03cc405\" data-element_type=\"widget\" data-e-type=\"widget\" data-widget_type=\"divider.default\">\n\t\t\t\t<div class=\"elementor-widget-container\">\n\t\t\t\t\t\t\t<div class=\"elementor-divider\">\n\t\t\t<span class=\"elementor-divider-separator\">\n\t\t\t\t\t\t<\/span>\n\t\t<\/div>\n\t\t\t\t\t\t<\/div>\n\t\t\t\t<\/div>\n\t\t\t\t<div class=\"elementor-element elementor-element-78d7db4 elementor-widget elementor-widget-text-editor\" data-id=\"78d7db4\" data-element_type=\"widget\" data-e-type=\"widget\" data-widget_type=\"text-editor.default\">\n\t\t\t\t<div class=\"elementor-widget-container\">\n\t\t\t\t\t\t\t\t\t<p>Nachfolgend finden Sie eine \u00dcbersicht der vierj\u00e4hrige Pferde, die ab November 2025 f\u00fcr die Trotting Classics Tour registriert sind. Dies sind die Pferde, die 2022 geboren wurden. Die Liste wird nach jeder Einzahlungsrunde aktualisiert.<\/p><p><strong>Registrierte Pferde ab 06.02.2026<\/strong><\/p>\n<table id=\"tablepress-225\" class=\"tablepress tablepress-id-225\">\n<thead>\n<tr class=\"row-1\">\n\t<th class=\"column-1\">Nummer<\/th><th class=\"column-2\">Naam paard<\/th>\n<\/tr>\n<\/thead>\n<tbody class=\"row-striping row-hover\">\n<tr class=\"row-2\">\n\t<td class=\"column-1\">S220006<\/td><td class=\"column-2\">Amy Barosso<\/td>\n<\/tr>\n<tr class=\"row-3\">\n\t<td class=\"column-1\">D220050<\/td><td class=\"column-2\">Arcania S<\/td>\n<\/tr>\n<tr class=\"row-4\">\n\t<td class=\"column-1\">D220019<\/td><td class=\"column-2\">Aurelio<\/td>\n<\/tr>\n<tr class=\"row-5\">\n\t<td class=\"column-1\">D220103<\/td><td class=\"column-2\">BadRomance Diamant<\/td>\n<\/tr>\n<tr class=\"row-6\">\n\t<td class=\"column-1\">D220102<\/td><td class=\"column-2\">Bandito Diamant<\/td>\n<\/tr>\n<tr class=\"row-7\">\n\t<td class=\"column-1\">D220067<\/td><td class=\"column-2\">Bella Tyrolia<\/td>\n<\/tr>\n<tr class=\"row-8\">\n\t<td class=\"column-1\">D220076<\/td><td class=\"column-2\">Blizzard Diamant<\/td>\n<\/tr>\n<tr class=\"row-9\">\n\t<td class=\"column-1\">D220104<\/td><td class=\"column-2\">Brownie Diamant<\/td>\n<\/tr>\n<tr class=\"row-10\">\n\t<td class=\"column-1\">D220035<\/td><td class=\"column-2\">Bumblebee Diamant<\/td>\n<\/tr>\n<tr class=\"row-11\">\n\t<td class=\"column-1\">D220093<\/td><td class=\"column-2\">Captain Chaos<\/td>\n<\/tr>\n<tr class=\"row-12\">\n\t<td class=\"column-1\">D220091<\/td><td class=\"column-2\">Charlie Ferro BR<\/td>\n<\/tr>\n<tr class=\"row-13\">\n\t<td class=\"column-1\">S220053<\/td><td class=\"column-2\">Corsa&#8217;s Titan<\/td>\n<\/tr>\n<tr class=\"row-14\">\n\t<td class=\"column-1\">S220010<\/td><td class=\"column-2\">Eol<\/td>\n<\/tr>\n<tr class=\"row-15\">\n\t<td class=\"column-1\">S220026<\/td><td class=\"column-2\">Fire Starter<\/td>\n<\/tr>\n<tr class=\"row-16\">\n\t<td class=\"column-1\">D220079<\/td><td class=\"column-2\">Fragolino Rosso<\/td>\n<\/tr>\n<tr class=\"row-17\">\n\t<td class=\"column-1\">I220001<\/td><td class=\"column-2\">Gallo Jet<\/td>\n<\/tr>\n<tr class=\"row-18\">\n\t<td class=\"column-1\">I220019<\/td><td class=\"column-2\">Garino Jet<\/td>\n<\/tr>\n<tr class=\"row-19\">\n\t<td class=\"column-1\">I220006<\/td><td class=\"column-2\">Gaudio<\/td>\n<\/tr>\n<tr class=\"row-20\">\n\t<td class=\"column-1\">D220112<\/td><td class=\"column-2\">Gazzaladra Font<\/td>\n<\/tr>\n<tr class=\"row-21\">\n\t<td class=\"column-1\">I220026<\/td><td class=\"column-2\">Genius Blue Grif<\/td>\n<\/tr>\n<tr class=\"row-22\">\n\t<td class=\"column-1\">D220033<\/td><td class=\"column-2\">Germanicus<\/td>\n<\/tr>\n<tr class=\"row-23\">\n\t<td class=\"column-1\">I220003<\/td><td class=\"column-2\">Giada Grif<\/td>\n<\/tr>\n<tr class=\"row-24\">\n\t<td class=\"column-1\">I220009<\/td><td class=\"column-2\">Gigadad di Poggio<\/td>\n<\/tr>\n<tr class=\"row-25\">\n\t<td class=\"column-1\">I220005<\/td><td class=\"column-2\">Gill Wise As<\/td>\n<\/tr>\n<tr class=\"row-26\">\n\t<td class=\"column-1\">I220007<\/td><td class=\"column-2\">Ginostrabliggi<\/td>\n<\/tr>\n<tr class=\"row-27\">\n\t<td class=\"column-1\">I220010<\/td><td class=\"column-2\">Glamour As<\/td>\n<\/tr>\n<tr class=\"row-28\">\n\t<td class=\"column-1\">S220005<\/td><td class=\"column-2\">Go for Gold Flevo<\/td>\n<\/tr>\n<tr class=\"row-29\">\n\t<td class=\"column-1\">I220023<\/td><td class=\"column-2\">Goggia Cam<\/td>\n<\/tr>\n<tr class=\"row-30\">\n\t<td class=\"column-1\">D220061<\/td><td class=\"column-2\">Gold Girl HB<\/td>\n<\/tr>\n<tr class=\"row-31\">\n\t<td class=\"column-1\">I220016<\/td><td class=\"column-2\">Gourmet d&#8217;Arc<\/td>\n<\/tr>\n<tr class=\"row-32\">\n\t<td class=\"column-1\">I220017<\/td><td class=\"column-2\">Greta Jet<\/td>\n<\/tr>\n<tr class=\"row-33\">\n\t<td class=\"column-1\">I220022<\/td><td class=\"column-2\">Gurion Font<\/td>\n<\/tr>\n<tr class=\"row-34\">\n\t<td class=\"column-1\">D220044<\/td><td class=\"column-2\">Hall of Fame S<\/td>\n<\/tr>\n<tr class=\"row-35\">\n\t<td class=\"column-1\">D220069<\/td><td class=\"column-2\">Harmony<\/td>\n<\/tr>\n<tr class=\"row-36\">\n\t<td class=\"column-1\">D220032<\/td><td class=\"column-2\">Harry Angel<\/td>\n<\/tr>\n<tr class=\"row-37\">\n\t<td class=\"column-1\">D220070<\/td><td class=\"column-2\">Jaccomo<\/td>\n<\/tr>\n<tr class=\"row-38\">\n\t<td class=\"column-1\">D220119<\/td><td class=\"column-2\">Jackstone<\/td>\n<\/tr>\n<tr class=\"row-39\">\n\t<td class=\"column-1\">S220008<\/td><td class=\"column-2\">Jacky Barosso<\/td>\n<\/tr>\n<tr class=\"row-40\">\n\t<td class=\"column-1\">D220024<\/td><td class=\"column-2\">Julius BR<\/td>\n<\/tr>\n<tr class=\"row-41\">\n\t<td class=\"column-1\">DK220002<\/td><td class=\"column-2\">Lust for Life<\/td>\n<\/tr>\n<tr class=\"row-42\">\n\t<td class=\"column-1\">S220067<\/td><td class=\"column-2\">Lyvia Dream<\/td>\n<\/tr>\n<tr class=\"row-43\">\n\t<td class=\"column-1\">A220002<\/td><td class=\"column-2\">Mad Max<\/td>\n<\/tr>\n<tr class=\"row-44\">\n\t<td class=\"column-1\">NL220150<\/td><td class=\"column-2\">Mae Scott TF<\/td>\n<\/tr>\n<tr class=\"row-45\">\n\t<td class=\"column-1\">NL220005<\/td><td class=\"column-2\">Malo Renka TF<\/td>\n<\/tr>\n<tr class=\"row-46\">\n\t<td class=\"column-1\">S220041<\/td><td class=\"column-2\">Mamma Mia Sisu<\/td>\n<\/tr>\n<tr class=\"row-47\">\n\t<td class=\"column-1\">S220057<\/td><td class=\"column-2\">Marshall V.S.<\/td>\n<\/tr>\n<tr class=\"row-48\">\n\t<td class=\"column-1\">NL220079<\/td><td class=\"column-2\">Matthews Boko TF<\/td>\n<\/tr>\n<tr class=\"row-49\">\n\t<td class=\"column-1\">D220072<\/td><td class=\"column-2\">Maxima<\/td>\n<\/tr>\n<tr class=\"row-50\">\n\t<td class=\"column-1\">D220062<\/td><td class=\"column-2\">Meraviglia Rosso<\/td>\n<\/tr>\n<tr class=\"row-51\">\n\t<td class=\"column-1\">D220101<\/td><td class=\"column-2\">Midnight Sky<\/td>\n<\/tr>\n<tr class=\"row-52\">\n\t<td class=\"column-1\">D220099<\/td><td class=\"column-2\">Mille Fleurs<\/td>\n<\/tr>\n<tr class=\"row-53\">\n\t<td class=\"column-1\">NL220081<\/td><td class=\"column-2\">Mink Boko TF<\/td>\n<\/tr>\n<tr class=\"row-54\">\n\t<td class=\"column-1\">S220004<\/td><td class=\"column-2\">Moni Making Pace<\/td>\n<\/tr>\n<tr class=\"row-55\">\n\t<td class=\"column-1\">D220046<\/td><td class=\"column-2\">Moon Walker S<\/td>\n<\/tr>\n<tr class=\"row-56\">\n\t<td class=\"column-1\">S220011<\/td><td class=\"column-2\">Muzan Kibutsuji<\/td>\n<\/tr>\n<tr class=\"row-57\">\n\t<td class=\"column-1\">S220042<\/td><td class=\"column-2\">My Lady Emma<\/td>\n<\/tr>\n<tr class=\"row-58\">\n\t<td class=\"column-1\">S220014<\/td><td class=\"column-2\">My Love Darby<\/td>\n<\/tr>\n<tr class=\"row-59\">\n\t<td class=\"column-1\">F220004<\/td><td class=\"column-2\">Mystic d&#8217;Yvel<\/td>\n<\/tr>\n<tr class=\"row-60\">\n\t<td class=\"column-1\">D220063<\/td><td class=\"column-2\">Opera OE<\/td>\n<\/tr>\n<tr class=\"row-61\">\n\t<td class=\"column-1\">D220095<\/td><td class=\"column-2\">Our Electra<\/td>\n<\/tr>\n<tr class=\"row-62\">\n\t<td class=\"column-1\">NL220026<\/td><td class=\"column-2\">Pantani Renka<\/td>\n<\/tr>\n<tr class=\"row-63\">\n\t<td class=\"column-1\">NL220142<\/td><td class=\"column-2\">Pantani Starlake<\/td>\n<\/tr>\n<tr class=\"row-64\">\n\t<td class=\"column-1\">NL220018<\/td><td class=\"column-2\">Panzano<\/td>\n<\/tr>\n<tr class=\"row-65\">\n\t<td class=\"column-1\">NL220021<\/td><td class=\"column-2\">Paparazzi<\/td>\n<\/tr>\n<tr class=\"row-66\">\n\t<td class=\"column-1\">S220043<\/td><td class=\"column-2\">Papillon Boko<\/td>\n<\/tr>\n<tr class=\"row-67\">\n\t<td class=\"column-1\">NL220197<\/td><td class=\"column-2\">Paranoh Newport<\/td>\n<\/tr>\n<tr class=\"row-68\">\n\t<td class=\"column-1\">NL220170<\/td><td class=\"column-2\">Paranoia<\/td>\n<\/tr>\n<tr class=\"row-69\">\n\t<td class=\"column-1\">NL220084<\/td><td class=\"column-2\">Pascha Vitanova<\/td>\n<\/tr>\n<tr class=\"row-70\">\n\t<td class=\"column-1\">S220034<\/td><td class=\"column-2\">Pasha Newport<\/td>\n<\/tr>\n<tr class=\"row-71\">\n\t<td class=\"column-1\">NL220180<\/td><td class=\"column-2\">Passoa Transs R<\/td>\n<\/tr>\n<tr class=\"row-72\">\n\t<td class=\"column-1\">NL220055<\/td><td class=\"column-2\">Patrick D Boko<\/td>\n<\/tr>\n<tr class=\"row-73\">\n\t<td class=\"column-1\">D220106<\/td><td class=\"column-2\">Paul H Greenwood<\/td>\n<\/tr>\n<tr class=\"row-74\">\n\t<td class=\"column-1\">NL220111<\/td><td class=\"column-2\">Paul Schermer<\/td>\n<\/tr>\n<tr class=\"row-75\">\n\t<td class=\"column-1\">D220083<\/td><td class=\"column-2\">Pauline Eagle<\/td>\n<\/tr>\n<tr class=\"row-76\">\n\t<td class=\"column-1\">NL220031<\/td><td class=\"column-2\">Pavarotti&#8217;s Wish<\/td>\n<\/tr>\n<tr class=\"row-77\">\n\t<td class=\"column-1\">NL220161<\/td><td class=\"column-2\">Paw Patrol V.S.<\/td>\n<\/tr>\n<tr class=\"row-78\">\n\t<td class=\"column-1\">NL220198<\/td><td class=\"column-2\">Pay the Chicken<\/td>\n<\/tr>\n<tr class=\"row-79\">\n\t<td class=\"column-1\">S220015<\/td><td class=\"column-2\">Peaky Blinder Boko<\/td>\n<\/tr>\n<tr class=\"row-80\">\n\t<td class=\"column-1\">NL220085<\/td><td class=\"column-2\">Pearl Hazelaar<\/td>\n<\/tr>\n<tr class=\"row-81\">\n\t<td class=\"column-1\">S220018<\/td><td class=\"column-2\">Pearl Newport<\/td>\n<\/tr>\n<tr class=\"row-82\">\n\t<td class=\"column-1\">S220035<\/td><td class=\"column-2\">Pebbles Newport<\/td>\n<\/tr>\n<tr class=\"row-83\">\n\t<td class=\"column-1\">NL220069<\/td><td class=\"column-2\">Pebbles Stone<\/td>\n<\/tr>\n<tr class=\"row-84\">\n\t<td class=\"column-1\">S220044<\/td><td class=\"column-2\">Peggy Boko<\/td>\n<\/tr>\n<tr class=\"row-85\">\n\t<td class=\"column-1\">NL220059<\/td><td class=\"column-2\">Pehoe Boko<\/td>\n<\/tr>\n<tr class=\"row-86\">\n\t<td class=\"column-1\">S220064<\/td><td class=\"column-2\">Pele Boko<\/td>\n<\/tr>\n<tr class=\"row-87\">\n\t<td class=\"column-1\">NL220171<\/td><td class=\"column-2\">Pepper Dragon<\/td>\n<\/tr>\n<tr class=\"row-88\">\n\t<td class=\"column-1\">NL220120<\/td><td class=\"column-2\">Permission To Fly<\/td>\n<\/tr>\n<tr class=\"row-89\">\n\t<td class=\"column-1\">NL220185<\/td><td class=\"column-2\">Perrana Apache<\/td>\n<\/tr>\n<tr class=\"row-90\">\n\t<td class=\"column-1\">NL220066<\/td><td class=\"column-2\">Perry de Lange<\/td>\n<\/tr>\n<tr class=\"row-91\">\n\t<td class=\"column-1\">NL220093<\/td><td class=\"column-2\">Pete Baldwin<\/td>\n<\/tr>\n<tr class=\"row-92\">\n\t<td class=\"column-1\">NL220033<\/td><td class=\"column-2\">Pete S Boko<\/td>\n<\/tr>\n<tr class=\"row-93\">\n\t<td class=\"column-1\">S220028<\/td><td class=\"column-2\">Peter V.Boko<\/td>\n<\/tr>\n<tr class=\"row-94\">\n\t<td class=\"column-1\">D220028<\/td><td class=\"column-2\">Petra S Fortuna<\/td>\n<\/tr>\n<tr class=\"row-95\">\n\t<td class=\"column-1\">NL220137<\/td><td class=\"column-2\">Petrolwiets<\/td>\n<\/tr>\n<tr class=\"row-96\">\n\t<td class=\"column-1\">S220063<\/td><td class=\"column-2\">Philou Boko<\/td>\n<\/tr>\n<tr class=\"row-97\">\n\t<td class=\"column-1\">NL220105<\/td><td class=\"column-2\">Phlox Lobell<\/td>\n<\/tr>\n<tr class=\"row-98\">\n\t<td class=\"column-1\">S220045<\/td><td class=\"column-2\">Phoebe Boko<\/td>\n<\/tr>\n<tr class=\"row-99\">\n\t<td class=\"column-1\">NL220086<\/td><td class=\"column-2\">Picobello BR<\/td>\n<\/tr>\n<tr class=\"row-100\">\n\t<td class=\"column-1\">NL220106<\/td><td class=\"column-2\">Pien Starlake<\/td>\n<\/tr>\n<tr class=\"row-101\">\n\t<td class=\"column-1\">NL220115<\/td><td class=\"column-2\">Piet Schermer<\/td>\n<\/tr>\n<tr class=\"row-102\">\n\t<td class=\"column-1\">NL220024<\/td><td class=\"column-2\">Pippa Fortuna<\/td>\n<\/tr>\n<tr class=\"row-103\">\n\t<td class=\"column-1\">NL220164<\/td><td class=\"column-2\">Pippa Lobell<\/td>\n<\/tr>\n<tr class=\"row-104\">\n\t<td class=\"column-1\">NL220186<\/td><td class=\"column-2\">Pippi Europoort<\/td>\n<\/tr>\n<tr class=\"row-105\">\n\t<td class=\"column-1\">D220066<\/td><td class=\"column-2\">Pirate Newport<\/td>\n<\/tr>\n<tr class=\"row-106\">\n\t<td class=\"column-1\">NL220140<\/td><td class=\"column-2\">Pirlo<\/td>\n<\/tr>\n<tr class=\"row-107\">\n\t<td class=\"column-1\">NL220132<\/td><td class=\"column-2\">Pleasure Transs R<\/td>\n<\/tr>\n<tr class=\"row-108\">\n\t<td class=\"column-1\">NL220072<\/td><td class=\"column-2\">Pomona Flevo<\/td>\n<\/tr>\n<tr class=\"row-109\">\n\t<td class=\"column-1\">NL220156<\/td><td class=\"column-2\">Popcorn Vrijthout<\/td>\n<\/tr>\n<tr class=\"row-110\">\n\t<td class=\"column-1\">NL220116<\/td><td class=\"column-2\">Poppy Schermer<\/td>\n<\/tr>\n<tr class=\"row-111\">\n\t<td class=\"column-1\">NL220045<\/td><td class=\"column-2\">Power Hazelaar<\/td>\n<\/tr>\n<tr class=\"row-112\">\n\t<td class=\"column-1\">D220116<\/td><td class=\"column-2\">Power of Greenwood<\/td>\n<\/tr>\n<tr class=\"row-113\">\n\t<td class=\"column-1\">NL220118<\/td><td class=\"column-2\">Precious Guru<\/td>\n<\/tr>\n<tr class=\"row-114\">\n\t<td class=\"column-1\">S220031<\/td><td class=\"column-2\">Presley Boko<\/td>\n<\/tr>\n<tr class=\"row-115\">\n\t<td class=\"column-1\">NL220157<\/td><td class=\"column-2\">Pretty Effect<\/td>\n<\/tr>\n<tr class=\"row-116\">\n\t<td class=\"column-1\">NL220047<\/td><td class=\"column-2\">Prins Paasloo<\/td>\n<\/tr>\n<tr class=\"row-117\">\n\t<td class=\"column-1\">NL220188<\/td><td class=\"column-2\">Prishana Boko<\/td>\n<\/tr>\n<tr class=\"row-118\">\n\t<td class=\"column-1\">NL220124<\/td><td class=\"column-2\">Privat Banker<\/td>\n<\/tr>\n<tr class=\"row-119\">\n\t<td class=\"column-1\">NL220193<\/td><td class=\"column-2\">Profiles By Finish<\/td>\n<\/tr>\n<tr class=\"row-120\">\n\t<td class=\"column-1\">NL220189<\/td><td class=\"column-2\">Proud Pearl<\/td>\n<\/tr>\n<tr class=\"row-121\">\n\t<td class=\"column-1\">NL220166<\/td><td class=\"column-2\">Proud to be Starro<\/td>\n<\/tr>\n<tr class=\"row-122\">\n\t<td class=\"column-1\">NL220088<\/td><td class=\"column-2\">Puck Ballaco<\/td>\n<\/tr>\n<tr class=\"row-123\">\n\t<td class=\"column-1\">NL220204<\/td><td class=\"column-2\">Pushin P YB<\/td>\n<\/tr>\n<tr class=\"row-124\">\n\t<td class=\"column-1\">S220050<\/td><td class=\"column-2\">Puskas Boko<\/td>\n<\/tr>\n<tr class=\"row-125\">\n\t<td class=\"column-1\">D220098<\/td><td class=\"column-2\">Rachel<\/td>\n<\/tr>\n<tr class=\"row-126\">\n\t<td class=\"column-1\">D220118<\/td><td class=\"column-2\">Red Fire<\/td>\n<\/tr>\n<tr class=\"row-127\">\n\t<td class=\"column-1\">D220068<\/td><td class=\"column-2\">Royal Romance<\/td>\n<\/tr>\n<tr class=\"row-128\">\n\t<td class=\"column-1\">S220049<\/td><td class=\"column-2\">Secret Bo<\/td>\n<\/tr>\n<tr class=\"row-129\">\n\t<td class=\"column-1\">D220052<\/td><td class=\"column-2\">Sherburne S<\/td>\n<\/tr>\n<tr class=\"row-130\">\n\t<td class=\"column-1\">D220047<\/td><td class=\"column-2\">Spice on Ice S<\/td>\n<\/tr>\n<tr class=\"row-131\">\n\t<td class=\"column-1\">D220110<\/td><td class=\"column-2\">Super Pro LR<\/td>\n<\/tr>\n<tr class=\"row-132\">\n\t<td class=\"column-1\">D220084<\/td><td class=\"column-2\">Trouble<\/td>\n<\/tr>\n<tr class=\"row-133\">\n\t<td class=\"column-1\">BL220001<\/td><td class=\"column-2\">Tulipe Oasis<\/td>\n<\/tr>\n<tr class=\"row-134\">\n\t<td class=\"column-1\">S220048<\/td><td class=\"column-2\">Uriah Tile<\/td>\n<\/tr>\n<tr class=\"row-135\">\n\t<td class=\"column-1\">D220027<\/td><td class=\"column-2\">Valerio Massimo<\/td>\n<\/tr>\n<tr class=\"row-136\">\n\t<td class=\"column-1\">D220041<\/td><td class=\"column-2\">Valparaiso<\/td>\n<\/tr>\n<tr class=\"row-137\">\n\t<td class=\"column-1\">S220023<\/td><td class=\"column-2\">Vanderbild<\/td>\n<\/tr>\n<tr class=\"row-138\">\n\t<td class=\"column-1\">D220073<\/td><td class=\"column-2\">Vanity Fair<\/td>\n<\/tr>\n<tr class=\"row-139\">\n\t<td class=\"column-1\">S220007<\/td><td class=\"column-2\">Vasterbo Snowstorm<\/td>\n<\/tr>\n<tr class=\"row-140\">\n\t<td class=\"column-1\">D220040<\/td><td class=\"column-2\">Victus<\/td>\n<\/tr>\n<tr class=\"row-141\">\n\t<td class=\"column-1\">D220113<\/td><td class=\"column-2\">Xalina B<\/td>\n<\/tr>\n<\/tbody>\n<\/table>\n\t\t\t\t\t\t\t\t<\/div>\n\t\t\t\t<\/div>\n\t\t\t\t\t<\/div>\n\t\t<\/div>\n\t\t\t\t<div class=\"elementor-column elementor-col-33 elementor-top-column elementor-element elementor-element-8a02253\" data-id=\"8a02253\" data-element_type=\"column\" data-e-type=\"column\" data-settings=\"{&quot;background_background&quot;:&quot;classic&quot;}\">\n\t\t\t<div class=\"elementor-widget-wrap elementor-element-populated\">\n\t\t\t\t\t\t<div class=\"elementor-element elementor-element-4ddf487 elementor-widget elementor-widget-image\" data-id=\"4ddf487\" data-element_type=\"widget\" data-e-type=\"widget\" data-widget_type=\"image.default\">\n\t\t\t\t<div class=\"elementor-widget-container\">\n\t\t\t\t\t\t\t\t\t\t\t\t\t\t\t<img fetchpriority=\"high\" decoding=\"async\" width=\"600\" height=\"900\" src=\"https:\/\/trottingclassicstour.com\/wp-content\/uploads\/2020\/09\/inspector_bros_robin_bakker.jpg\" class=\"attachment-large size-large wp-image-715\" alt=\"\" srcset=\"https:\/\/trottingclassicstour.com\/wp-content\/uploads\/2020\/09\/inspector_bros_robin_bakker.jpg 600w, https:\/\/trottingclassicstour.com\/wp-content\/uploads\/2020\/09\/inspector_bros_robin_bakker-200x300.jpg 200w\" sizes=\"(max-width: 600px) 100vw, 600px\" \/>\t\t\t\t\t\t\t\t\t\t\t\t\t\t\t<\/div>\n\t\t\t\t<\/div>\n\t\t\t\t\t<\/div>\n\t\t<\/div>\n\t\t\t\t\t<\/div>\n\t\t<\/section>\n\t\t\t\t<\/div>\n\t\t","protected":false},"excerpt":{"rendered":"<p>Registrierte Pferde Trotting Classics Tour &#8211; vierj\u00e4hrige Pferde Nachfolgend finden Sie eine \u00dcbersicht der vierj\u00e4hrige Pferde, die ab November 2025 f\u00fcr die Trotting Classics Tour registriert sind. Dies sind die Pferde, die 2022 geboren wurden. Die Liste wird nach jeder Einzahlungsrunde aktualisiert. Registrierte Pferde ab 06.02.2026<\/p>\n","protected":false},"author":1,"featured_media":0,"parent":0,"menu_order":0,"comment_status":"closed","ping_status":"closed","template":"","meta":{"site-sidebar-layout":"no-sidebar","site-content-layout":"page-builder","ast-site-content-layout":"default","site-content-style":"default","site-sidebar-style":"default","ast-global-header-display":"","ast-banner-title-visibility":"","ast-main-header-display":"","ast-hfb-above-header-display":"","ast-hfb-below-header-display":"","ast-hfb-mobile-header-display":"","site-post-title":"disabled","ast-breadcrumbs-content":"","ast-featured-img":"disabled","footer-sml-layout":"","ast-disable-related-posts":"","theme-transparent-header-meta":"default","adv-header-id-meta":"","stick-header-meta":"","header-above-stick-meta":"","header-main-stick-meta":"","header-below-stick-meta":"","astra-migrate-meta-layouts":"default","ast-page-background-enabled":"default","ast-page-background-meta":{"desktop":{"background-color":"","background-image":"","background-repeat":"repeat","background-position":"center center","background-size":"auto","background-attachment":"scroll","background-type":"","background-media":"","overlay-type":"","overlay-color":"","overlay-opacity":"","overlay-gradient":""},"tablet":{"background-color":"","background-image":"","background-repeat":"repeat","background-position":"center center","background-size":"auto","background-attachment":"scroll","background-type":"","background-media":"","overlay-type":"","overlay-color":"","overlay-opacity":"","overlay-gradient":""},"mobile":{"background-color":"","background-image":"","background-repeat":"repeat","background-position":"center center","background-size":"auto","background-attachment":"scroll","background-type":"","background-media":"","overlay-type":"","overlay-color":"","overlay-opacity":"","overlay-gradient":""}},"ast-content-background-meta":{"desktop":{"background-color":"var(--ast-global-color-5)","background-image":"","background-repeat":"repeat","background-position":"center center","background-size":"auto","background-attachment":"scroll","background-type":"","background-media":"","overlay-type":"","overlay-color":"","overlay-opacity":"","overlay-gradient":""},"tablet":{"background-color":"var(--ast-global-color-5)","background-image":"","background-repeat":"repeat","background-position":"center center","background-size":"auto","background-attachment":"scroll","background-type":"","background-media":"","overlay-type":"","overlay-color":"","overlay-opacity":"","overlay-gradient":""},"mobile":{"background-color":"var(--ast-global-color-5)","background-image":"","background-repeat":"repeat","background-position":"center center","background-size":"auto","background-attachment":"scroll","background-type":"","background-media":"","overlay-type":"","overlay-color":"","overlay-opacity":"","overlay-gradient":""}},"footnotes":""},"class_list":["post-1784","page","type-page","status-publish","hentry"],"_links":{"self":[{"href":"https:\/\/trottingclassicstour.com\/de\/wp-json\/wp\/v2\/pages\/1784","targetHints":{"allow":["GET"]}}],"collection":[{"href":"https:\/\/trottingclassicstour.com\/de\/wp-json\/wp\/v2\/pages"}],"about":[{"href":"https:\/\/trottingclassicstour.com\/de\/wp-json\/wp\/v2\/types\/page"}],"author":[{"embeddable":true,"href":"https:\/\/trottingclassicstour.com\/de\/wp-json\/wp\/v2\/users\/1"}],"replies":[{"embeddable":true,"href":"https:\/\/trottingclassicstour.com\/de\/wp-json\/wp\/v2\/comments?post=1784"}],"version-history":[{"count":59,"href":"https:\/\/trottingclassicstour.com\/de\/wp-json\/wp\/v2\/pages\/1784\/revisions"}],"predecessor-version":[{"id":9181,"href":"https:\/\/trottingclassicstour.com\/de\/wp-json\/wp\/v2\/pages\/1784\/revisions\/9181"}],"wp:attachment":[{"href":"https:\/\/trottingclassicstour.com\/de\/wp-json\/wp\/v2\/media?parent=1784"}],"curies":[{"name":"wp","href":"https:\/\/api.w.org\/{rel}","templated":true}]}}