{"id":1802,"date":"2021-01-28T11:11:00","date_gmt":"2021-01-28T11:11:00","guid":{"rendered":"http:\/\/trottingclassicstour.com\/rennkalender-2021\/"},"modified":"2025-12-22T14:29:05","modified_gmt":"2025-12-22T14:29:05","slug":"rennkalender-2025","status":"publish","type":"page","link":"https:\/\/trottingclassicstour.com\/de\/rennkalender-2025\/","title":{"rendered":"Rennkalender 2026"},"content":{"rendered":"\t\t<div data-elementor-type=\"wp-page\" data-elementor-id=\"1802\" class=\"elementor elementor-1802 elementor-1797\" data-elementor-post-type=\"page\">\n\t\t\t\t\t\t<section class=\"elementor-section elementor-top-section elementor-element elementor-element-7d37037 elementor-section-full_width elementor-section-height-default elementor-section-height-default\" data-id=\"7d37037\" data-element_type=\"section\" data-e-type=\"section\">\n\t\t\t\t\t\t<div class=\"elementor-container elementor-column-gap-default\">\n\t\t\t\t\t<div class=\"elementor-column elementor-col-100 elementor-top-column elementor-element elementor-element-e5efbce\" data-id=\"e5efbce\" data-element_type=\"column\" data-e-type=\"column\" data-settings=\"{&quot;background_background&quot;:&quot;classic&quot;}\">\n\t\t\t<div class=\"elementor-widget-wrap elementor-element-populated\">\n\t\t\t\t\t\t<section class=\"elementor-section elementor-inner-section elementor-element elementor-element-3ea9199 elementor-section-boxed elementor-section-height-default elementor-section-height-default\" data-id=\"3ea9199\" data-element_type=\"section\" data-e-type=\"section\">\n\t\t\t\t\t\t<div class=\"elementor-container elementor-column-gap-default\">\n\t\t\t\t\t<div class=\"elementor-column elementor-col-50 elementor-inner-column elementor-element elementor-element-5644e1e\" data-id=\"5644e1e\" data-element_type=\"column\" data-e-type=\"column\">\n\t\t\t<div class=\"elementor-widget-wrap elementor-element-populated\">\n\t\t\t\t\t\t\t<\/div>\n\t\t<\/div>\n\t\t\t\t<div class=\"elementor-column elementor-col-50 elementor-inner-column elementor-element elementor-element-056674d\" data-id=\"056674d\" data-element_type=\"column\" data-e-type=\"column\">\n\t\t\t<div class=\"elementor-widget-wrap\">\n\t\t\t\t\t\t\t<\/div>\n\t\t<\/div>\n\t\t\t\t\t<\/div>\n\t\t<\/section>\n\t\t\t\t\t<\/div>\n\t\t<\/div>\n\t\t\t\t\t<\/div>\n\t\t<\/section>\n\t\t\t\t<section class=\"elementor-section elementor-top-section elementor-element elementor-element-409296a elementor-section-boxed elementor-section-height-default elementor-section-height-default\" data-id=\"409296a\" data-element_type=\"section\" data-e-type=\"section\">\n\t\t\t\t\t\t<div class=\"elementor-container elementor-column-gap-default\">\n\t\t\t\t\t<div class=\"elementor-column elementor-col-100 elementor-top-column elementor-element elementor-element-50506f2\" data-id=\"50506f2\" data-element_type=\"column\" data-e-type=\"column\">\n\t\t\t<div class=\"elementor-widget-wrap elementor-element-populated\">\n\t\t\t\t\t\t<div class=\"elementor-element elementor-element-60669d1 elementor-widget elementor-widget-heading\" data-id=\"60669d1\" data-element_type=\"widget\" data-e-type=\"widget\" data-widget_type=\"heading.default\">\n\t\t\t\t<div class=\"elementor-widget-container\">\n\t\t\t\t\t<h2 class=\"elementor-heading-title elementor-size-default\">(Vorl\u00e4ufiger) Rennkalender des TCT-Programms 2026.<\/h2>\t\t\t\t<\/div>\n\t\t\t\t<\/div>\n\t\t\t\t<div class=\"elementor-element elementor-element-03cc405 elementor-widget-divider--view-line elementor-widget elementor-widget-divider\" data-id=\"03cc405\" data-element_type=\"widget\" data-e-type=\"widget\" data-widget_type=\"divider.default\">\n\t\t\t\t<div class=\"elementor-widget-container\">\n\t\t\t\t\t\t\t<div class=\"elementor-divider\">\n\t\t\t<span class=\"elementor-divider-separator\">\n\t\t\t\t\t\t<\/span>\n\t\t<\/div>\n\t\t\t\t\t\t<\/div>\n\t\t\t\t<\/div>\n\t\t\t\t<div class=\"elementor-element elementor-element-78d7db4 elementor-widget elementor-widget-text-editor\" data-id=\"78d7db4\" data-element_type=\"widget\" data-e-type=\"widget\" data-widget_type=\"text-editor.default\">\n\t\t\t\t<div class=\"elementor-widget-container\">\n\t\t\t\t\t\t\t\t\t<p>Nachfolgend finden Sie den (vorl\u00e4ufigen) Kalender f\u00fcr 2026.<\/p>\n<table id=\"tablepress-28\" class=\"tablepress tablepress-id-28\">\n<tbody class=\"row-striping row-hover\">\n<tr class=\"row-1\">\n\t<td class=\"column-1\">06-04-2026<\/td><td class=\"column-2\">Satelliet tot \u20ac 6.000,&#8211;<\/td><td class=\"column-3\">Alkmaar ZEturf Live Arena<\/td><td class=\"column-4\"><\/td><td class=\"column-5\">\u20ac 3.850,&#8211;<\/td>\n<\/tr>\n<tr class=\"row-2\">\n\t<td class=\"column-1\">22-04-2026<\/td><td class=\"column-2\">Satelliet<\/td><td class=\"column-3\">VP Wolvega<\/td><td class=\"column-4\"><\/td><td class=\"column-5\">\u20ac 5.500,&#8211;<\/td>\n<\/tr>\n<tr class=\"row-3\">\n\t<td class=\"column-1\"><span class=\"red\">01-05-2026<\/span><\/td><td class=\"column-2\"><span class=\"red\">Satelliet tot \u20ac 20.000,&#8211;<\/span><\/td><td class=\"column-3\"><span class=\"red\">Alkmaar ZEturf Live Arena<\/span><\/td><td class=\"column-4\"><\/td><td class=\"column-5\"><span class=\"red\">\u20ac 3.830,&#8211;<\/span><\/td>\n<\/tr>\n<tr class=\"row-4\">\n\t<td class=\"column-1\">08-05-2026<\/td><td class=\"column-2\">TCT Criterium Driejarige H&amp;R<\/td><td class=\"column-3\">VP Wolvega<\/td><td class=\"column-4\"><\/td><td class=\"column-5\">\u20ac 22.000,&#8211;<\/td>\n<\/tr>\n<tr class=\"row-5\">\n\t<td class=\"column-1\">08-05-2026<\/td><td class=\"column-2\">TCT Criterium Driejarige Merries<\/td><td class=\"column-3\">VP Wolvega<\/td><td class=\"column-4\"><\/td><td class=\"column-5\">\u20ac 22.000,&#8211;<\/td>\n<\/tr>\n<tr class=\"row-6\">\n\t<td class=\"column-1\"><span class=\"red\">16-05-2026<\/span><\/td><td class=\"column-2\"><span class=\"red\">Satelliet<\/span><\/td><td class=\"column-3\"><span class=\"red\">Duindigt<\/span><\/td><td class=\"column-4\"><\/td><td class=\"column-5\"><span class=\"red\">\u20ac 4.400<\/span><\/td>\n<\/tr>\n<tr class=\"row-7\">\n\t<td class=\"column-1\">24-05-2026<\/td><td class=\"column-2\">Hamburg TCT Gold Cup<\/td><td class=\"column-3\">Hamburg Bahrenfeld<\/td><td class=\"column-4\"><\/td><td class=\"column-5\">\u20ac 22.000,&#8211;<\/td>\n<\/tr>\n<tr class=\"row-8\">\n\t<td class=\"column-1\">25-05-2026<\/td><td class=\"column-2\">TCT Satellietkoers tot \u20ac 10.000,&#8211;<\/td><td class=\"column-3\">Alkmaar ZEturf Live Arena<\/td><td class=\"column-4\"><\/td><td class=\"column-5\">\u20ac 3.850,&#8211;<\/td>\n<\/tr>\n<tr class=\"row-9\">\n\t<td class=\"column-1\"><span class=\"red\">06-06-2026<\/span><\/td><td class=\"column-2\"><span class=\"red\">Satelliet<\/span><\/td><td class=\"column-3\"><span class=\"red\">VP Wolvega<\/span><\/td><td class=\"column-4\"><\/td><td class=\"column-5\"><span class=\"red\">\u20ac 5.500,&#8211;<\/span><\/td>\n<\/tr>\n<tr class=\"row-10\">\n\t<td class=\"column-1\"><span class=\"red\">20-06-2026<\/span><\/td><td class=\"column-2\"><span class=\"red\">TCT Criterium der Vierjarigen<\/span><\/td><td class=\"column-3\"><span class=\"red\">VP Wolvega<\/span><\/td><td class=\"column-4\"><\/td><td class=\"column-5\"><span class=\"red\">\u20ac 22.000,&#8211;<\/span><\/td>\n<\/tr>\n<tr class=\"row-11\">\n\t<td class=\"column-1\"><span class=\"red\">20-06-2026<\/span><\/td><td class=\"column-2\"><span class=\"red\">TCT Criterium der Vierjarige Merries<\/span><\/td><td class=\"column-3\"><span class=\"red\">VP Wolvega<\/span><\/td><td class=\"column-4\"><\/td><td class=\"column-5\"><span class=\"red\">\u20ac 22.000,&#8211;<\/span><\/td>\n<\/tr>\n<tr class=\"row-12\">\n\t<td class=\"column-1\">21-06-2026<\/td><td class=\"column-2\">M\u00fcnchen TCT Gold Cup<\/td><td class=\"column-3\">M\u00fcnchen Daglfing<\/td><td class=\"column-4\"><\/td><td class=\"column-5\">\u20ac 22.000,&#8211;<\/td>\n<\/tr>\n<tr class=\"row-13\">\n\t<td class=\"column-1\"><span class=\"red\">04-07-2026<\/span><\/td><td class=\"column-2\"><span class=\"red\">Finale TCT Derby der Vierjarigen<\/span><\/td><td class=\"column-3\"><span class=\"red\">VP Wolvega<\/span><\/td><td class=\"column-4\"><\/td><td class=\"column-5\"><span class=\"red\">\u20ac 44.000,&#8211;<\/span><\/td>\n<\/tr>\n<tr class=\"row-14\">\n\t<td class=\"column-1\"><span class=\"red\">04-07-2026<\/span><\/td><td class=\"column-2\"><span class=\"red\">Finale TCT Merrie Derby der Vierjarigen<\/span><\/td><td class=\"column-3\"><span class=\"red\">VP Wolvega<\/span><\/td><td class=\"column-4\"><\/td><td class=\"column-5\"><span class=\"red\">\u20ac 30.250,&#8211;<\/span><\/td>\n<\/tr>\n<tr class=\"row-15\">\n\t<td class=\"column-1\">04-07-2026<\/td><td class=\"column-2\">Satelliet<\/td><td class=\"column-3\">VP Wolvega<\/td><td class=\"column-4\"><\/td><td class=\"column-5\">\u20ac 5.500,&#8211;<\/td>\n<\/tr>\n<tr class=\"row-16\">\n\t<td class=\"column-1\"><span class=\"red\">31-07-2026<\/span><\/td><td class=\"column-2\"><span class=\"red\">Satelliet tot \u20ac 20.000,&#8211;<\/span><\/td><td class=\"column-3\"><span class=\"red\">Duindigt<\/span><\/td><td class=\"column-4\"><\/td><td class=\"column-5\"><span class=\"red\">\u20ac 4.400,&#8211;<\/span><\/td>\n<\/tr>\n<tr class=\"row-17\">\n\t<td class=\"column-1\"><span class=\"blue\">07-08-2026<\/span><\/td><td class=\"column-2\"><span class=\"blue\">Satelliet<\/span><\/td><td class=\"column-3\"><span class=\"blue\">VP Wolvega<\/span><\/td><td class=\"column-4\"><\/td><td class=\"column-5\"><span class=\"blue\">\u20ac 5.500,&#8211;<\/span><\/td>\n<\/tr>\n<tr class=\"row-18\">\n\t<td class=\"column-1\">21-08-2026<\/td><td class=\"column-2\">Satelliet (Derby Trial)<\/td><td class=\"column-3\">Duindigt<\/td><td class=\"column-4\"><\/td><td class=\"column-5\">\u20ac 4.400,&#8211;<\/td>\n<\/tr>\n<tr class=\"row-19\">\n\t<td class=\"column-1\"><span class=\"blue\">29-08-2026<\/span><\/td><td class=\"column-2\"><span class=\"blue\">Satelliet<\/span><\/td><td class=\"column-3\"><span class=\"blue\">VP Wolvega<\/span><\/td><td class=\"column-4\"><\/td><td class=\"column-5\"><span class=\"blue\">\u20ac 5.500,&#8211;<\/span><\/td>\n<\/tr>\n<tr class=\"row-20\">\n\t<td class=\"column-1\"><span class=\"blue\">30-08-2026<\/span><\/td><td class=\"column-2\"><span class=\"blue\">M\u00fcnchen TCT<\/span><\/td><td class=\"column-3\"><span class=\"blue\">M\u00fcnchen Daglfinga<\/span><\/td><td class=\"column-4\"><\/td><td class=\"column-5\"><span class=\"blue\">\u20ac 19.800,&#8211;<\/span><\/td>\n<\/tr>\n<tr class=\"row-21\">\n\t<td class=\"column-1\"><span class=\"red\">30-08-2026<\/span><\/td><td class=\"column-2\"><span class=\"red\">M\u00fcnchen Vierj\u00e4hrigen Trofee<\/span><\/td><td class=\"column-3\"><span class=\"red\">M\u00fcnchen Daglfing<\/span><\/td><td class=\"column-4\"><\/td><td class=\"column-5\"><span class=\"red\">\u20ac 19.800,&#8211;<\/span><\/td>\n<\/tr>\n<tr class=\"row-22\">\n\t<td class=\"column-1\"><span class=\"blue\">20-09-2026<\/span><\/td><td class=\"column-2\"><span class=\"blue\">Satelliet<\/span><\/td><td class=\"column-3\"><span class=\"blue\">Duindigt<\/span><\/td><td class=\"column-4\"><\/td><td class=\"column-5\"><span class=\"blue\">\u20ac 4.400,&#8211;<\/span><\/td>\n<\/tr>\n<tr class=\"row-23\">\n\t<td class=\"column-1\"><span class=\"blue\">04-10-2026<\/span><\/td><td class=\"column-2\"><span class=\"blue\">TCT Classic Race<\/span><\/td><td class=\"column-3\"><span class=\"blue\">Humburg Bahrenfeld<\/span><\/td><td class=\"column-4\"><\/td><td class=\"column-5\"><span class=\"blue\">\u20ac 19.800,&#8211;<\/span><\/td>\n<\/tr>\n<tr class=\"row-24\">\n\t<td class=\"column-1\"><span class=\"red\">11-10-2026<\/span><\/td><td class=\"column-2\"><span class=\"red\">Stayerskampioenschap der Vierjarigen<\/span><\/td><td class=\"column-3\"><span class=\"red\">Alkmaar ZEturf Live Arena<\/span><\/td><td class=\"column-4\"><\/td><td class=\"column-5\"><span class=\"red\">\u20ac 19.800,&#8211;<\/span><\/td>\n<\/tr>\n<tr class=\"row-25\">\n\t<td class=\"column-1\">11-10-2026<\/td><td class=\"column-2\">Satelliet<\/td><td class=\"column-3\">Alkmaar ZEturf Live Arena<\/td><td class=\"column-4\"><\/td><td class=\"column-5\">\u20ac 3.850,&#8211;<\/td>\n<\/tr>\n<tr class=\"row-26\">\n\t<td class=\"column-1\"><span class=\"blue\">27-10-2026<\/span><\/td><td class=\"column-2\"><span class=\"blue\">Satelliet<\/span><\/td><td class=\"column-3\"><span class=\"blue\">VP Wolvega<\/span><\/td><td class=\"column-4\"><\/td><td class=\"column-5\"><span class=\"blue\">\u20ac 5.500,&#8211;<\/span><\/td>\n<\/tr>\n<tr class=\"row-27\">\n\t<td class=\"column-1\"><span class=\"red\">31-10-2026<\/span><\/td><td class=\"column-2\"><span class=\"red\">Satelliet tot \u20ac 20.000,&#8211;<\/span><\/td><td class=\"column-3\"><span class=\"red\">VP Wolvega<\/span><\/td><td class=\"column-4\"><\/td><td class=\"column-5\"><span class=\"red\">\u20ac 5.500,&#8211;<\/span><\/td>\n<\/tr>\n<tr class=\"row-28\">\n\t<td class=\"column-1\">31-10-2026<\/td><td class=\"column-2\">Series TCT Derby der Driejarigen<\/td><td class=\"column-3\">VP Wolvega<\/td><td class=\"column-4\"><\/td><td class=\"column-5\">\u20ac 5.500,&#8211;<\/td>\n<\/tr>\n<tr class=\"row-29\">\n\t<td class=\"column-1\">31-10-2026<\/td><td class=\"column-2\">Series TCT Merrie Derby der Driejarigen<\/td><td class=\"column-3\">VP Wolvega<\/td><td class=\"column-4\"><\/td><td class=\"column-5\">\u20ac 5.500,&#8211;<\/td>\n<\/tr>\n<tr class=\"row-30\">\n\t<td class=\"column-1\">13-11-2026<\/td><td class=\"column-2\">Finale Derby der Driejarigen<\/td><td class=\"column-3\">VP Wolvega<\/td><td class=\"column-4\"><\/td><td class=\"column-5\">\u20ac 88.000,&#8211;<\/td>\n<\/tr>\n<tr class=\"row-31\">\n\t<td class=\"column-1\">13-11-2026<\/td><td class=\"column-2\">Finale TCT Merrie Derby der Driejarigen<\/td><td class=\"column-3\">VP Wolvega<\/td><td class=\"column-4\"><\/td><td class=\"column-5\">\u20ac 44.000,&#8211;<\/td>\n<\/tr>\n<tr class=\"row-32\">\n\t<td class=\"column-1\"><span class=\"red\">13-11-2026<\/span><\/td><td class=\"column-2\"><span class=\"red\">Speedy Volita Trofee<\/span><\/td><td class=\"column-3\"><span class=\"red\">VP Wolvega<\/span><\/td><td class=\"column-4\"><\/td><td class=\"column-5\"><span class=\"red\">\u20ac 19.800,&#8211;<\/span><\/td>\n<\/tr>\n<tr class=\"row-33\">\n\t<td class=\"column-1\"><span class=\"blue\">13-11-2026<\/span><\/td><td class=\"column-2\"><span class=\"blue\">Series TCT Derby der Tweejarigen<\/span><\/td><td class=\"column-3\"><span class=\"blue\">VP Wolvega<\/span><\/td><td class=\"column-4\"><\/td><td class=\"column-5\"><span class=\"blue\">\u20ac 5.500,&#8211;<\/span><\/td>\n<\/tr>\n<tr class=\"row-34\">\n\t<td class=\"column-1\"><span class=\"blue\">27-11-2026<\/span><\/td><td class=\"column-2\"><span class=\"blue\">TCT Derby der Tweejarigen<\/span><\/td><td class=\"column-3\"><span class=\"blue\">VP Wolvega<\/span><\/td><td class=\"column-4\"><\/td><td class=\"column-5\"><span class=\"blue\">\u20ac 36.300,&#8211;<\/span><\/td>\n<\/tr>\n<tr class=\"row-35\">\n\t<td class=\"column-1\"><span class=\"blue\">27-11-2026<\/span><\/td><td class=\"column-2\"><span class=\"blue\">TCT Bonus Race<\/span><\/td><td class=\"column-3\"><span class=\"blue\">VP Wolvega<\/span><\/td><td class=\"column-4\"><\/td><td class=\"column-5\"><span class=\"blue\">\u20ac 8.800,&#8211;<\/span><\/td>\n<\/tr>\n<tr class=\"row-36\">\n\t<td class=\"column-1\">27-11-2026<\/td><td class=\"column-2\">TCT Wolvega Cup tot \u20ac 10.000,&#8211;<\/td><td class=\"column-3\">VP Wolvega<\/td><td class=\"column-4\"><\/td><td class=\"column-5\">\u20ac 19.800,&#8211;<\/td>\n<\/tr>\n<tr class=\"row-37\">\n\t<td class=\"column-1\"><span class=\"red\">29-11-2026<\/span><\/td><td class=\"column-2\"><span class=\"red\">TCT Halali tot \u20ac 30.000,&#8211;<\/span><\/td><td class=\"column-3\"><span class=\"red\">Hamburg Bahrenfeld<\/span><\/td><td class=\"column-4\"><\/td><td class=\"column-5\"><span class=\"red\">\u20ac 15.000,&#8211;<\/span><\/td>\n<\/tr>\n<tr class=\"row-38\">\n\t<td class=\"column-1\"><span class=\"blue\">12-12-2026<\/span><\/td><td class=\"column-2\"><span class=\"blue\">TCT Gold Cup<\/span><\/td><td class=\"column-3\"><span class=\"blue\">VP Wolvega<\/span><\/td><td class=\"column-4\"><\/td><td class=\"column-5\"><span class=\"blue\">\u20ac 24.200,&#8211;<\/span><\/td>\n<\/tr>\n<tr class=\"row-39\">\n\t<td class=\"column-1\">12-12-2026<\/td><td class=\"column-2\">TCT Sprint Cup tot \u20ac 10.000,&#8211;<\/td><td class=\"column-3\">VP Wolvega<\/td><td class=\"column-4\"><\/td><td class=\"column-5\">\u20ac 11.000,&#8211;<\/td>\n<\/tr>\n<\/tbody>\n<\/table>\n<!-- #tablepress-28 from cache --><p>Die blau dargestellten Rennen sind die Rennen f\u00fcr Zweij\u00e4hrige. Die schwarz hinterlegten Rennen sind die Rennen f\u00fcr die dreij\u00e4hrigen Pferde. Die rot hinterlegten Rennen sind die Rennen f\u00fcr die vierj\u00e4hrigen Pferde.<\/p><p>F\u00fcr alle Rennen mit * gilt: Einteilung in Stuten und Hengste\/Wallache, wenn mehr als 6 Stuten und 6 Hengste\/Wallache angegeben sind.<\/p>\t\t\t\t\t\t\t\t<\/div>\n\t\t\t\t<\/div>\n\t\t\t\t\t<\/div>\n\t\t<\/div>\n\t\t\t\t\t<\/div>\n\t\t<\/section>\n\t\t\t\t<\/div>\n\t\t","protected":false},"excerpt":{"rendered":"<p>(Vorl\u00e4ufiger) Rennkalender des TCT-Programms 2026. Nachfolgend finden Sie den (vorl\u00e4ufigen) Kalender f\u00fcr 2026. Die blau dargestellten Rennen sind die Rennen f\u00fcr Zweij\u00e4hrige. Die schwarz hinterlegten Rennen sind die Rennen f\u00fcr die dreij\u00e4hrigen Pferde. Die rot hinterlegten Rennen sind die Rennen f\u00fcr die vierj\u00e4hrigen Pferde. F\u00fcr alle Rennen mit * gilt: Einteilung in Stuten und Hengste\/Wallache, [&hellip;]<\/p>\n","protected":false},"author":1,"featured_media":0,"parent":0,"menu_order":0,"comment_status":"closed","ping_status":"closed","template":"","meta":{"site-sidebar-layout":"no-sidebar","site-content-layout":"page-builder","ast-site-content-layout":"full-width-container","site-content-style":"unboxed","site-sidebar-style":"unboxed","ast-global-header-display":"","ast-banner-title-visibility":"","ast-main-header-display":"","ast-hfb-above-header-display":"","ast-hfb-below-header-display":"","ast-hfb-mobile-header-display":"","site-post-title":"disabled","ast-breadcrumbs-content":"","ast-featured-img":"disabled","footer-sml-layout":"","ast-disable-related-posts":"","theme-transparent-header-meta":"default","adv-header-id-meta":"","stick-header-meta":"","header-above-stick-meta":"","header-main-stick-meta":"","header-below-stick-meta":"","astra-migrate-meta-layouts":"set","ast-page-background-enabled":"default","ast-page-background-meta":{"desktop":{"background-color":"","background-image":"","background-repeat":"repeat","background-position":"center center","background-size":"auto","background-attachment":"scroll","background-type":"","background-media":"","overlay-type":"","overlay-color":"","overlay-opacity":"","overlay-gradient":""},"tablet":{"background-color":"","background-image":"","background-repeat":"repeat","background-position":"center center","background-size":"auto","background-attachment":"scroll","background-type":"","background-media":"","overlay-type":"","overlay-color":"","overlay-opacity":"","overlay-gradient":""},"mobile":{"background-color":"","background-image":"","background-repeat":"repeat","background-position":"center center","background-size":"auto","background-attachment":"scroll","background-type":"","background-media":"","overlay-type":"","overlay-color":"","overlay-opacity":"","overlay-gradient":""}},"ast-content-background-meta":{"desktop":{"background-color":"var(--ast-global-color-5)","background-image":"","background-repeat":"repeat","background-position":"center center","background-size":"auto","background-attachment":"scroll","background-type":"","background-media":"","overlay-type":"","overlay-color":"","overlay-opacity":"","overlay-gradient":""},"tablet":{"background-color":"var(--ast-global-color-5)","background-image":"","background-repeat":"repeat","background-position":"center center","background-size":"auto","background-attachment":"scroll","background-type":"","background-media":"","overlay-type":"","overlay-color":"","overlay-opacity":"","overlay-gradient":""},"mobile":{"background-color":"var(--ast-global-color-5)","background-image":"","background-repeat":"repeat","background-position":"center center","background-size":"auto","background-attachment":"scroll","background-type":"","background-media":"","overlay-type":"","overlay-color":"","overlay-opacity":"","overlay-gradient":""}},"footnotes":""},"class_list":["post-1802","page","type-page","status-publish","hentry"],"_links":{"self":[{"href":"https:\/\/trottingclassicstour.com\/de\/wp-json\/wp\/v2\/pages\/1802","targetHints":{"allow":["GET"]}}],"collection":[{"href":"https:\/\/trottingclassicstour.com\/de\/wp-json\/wp\/v2\/pages"}],"about":[{"href":"https:\/\/trottingclassicstour.com\/de\/wp-json\/wp\/v2\/types\/page"}],"author":[{"embeddable":true,"href":"https:\/\/trottingclassicstour.com\/de\/wp-json\/wp\/v2\/users\/1"}],"replies":[{"embeddable":true,"href":"https:\/\/trottingclassicstour.com\/de\/wp-json\/wp\/v2\/comments?post=1802"}],"version-history":[{"count":42,"href":"https:\/\/trottingclassicstour.com\/de\/wp-json\/wp\/v2\/pages\/1802\/revisions"}],"predecessor-version":[{"id":9091,"href":"https:\/\/trottingclassicstour.com\/de\/wp-json\/wp\/v2\/pages\/1802\/revisions\/9091"}],"wp:attachment":[{"href":"https:\/\/trottingclassicstour.com\/de\/wp-json\/wp\/v2\/media?parent=1802"}],"curies":[{"name":"wp","href":"https:\/\/api.w.org\/{rel}","templated":true}]}}