{"id":2526,"date":"2021-11-18T08:54:04","date_gmt":"2021-11-18T08:54:04","guid":{"rendered":"https:\/\/trottingclassicstour.com\/presse-mitteilung-17-11-2021\/"},"modified":"2021-11-18T08:54:04","modified_gmt":"2021-11-18T08:54:04","slug":"presse-mitteilung-17-11-2021","status":"publish","type":"page","link":"https:\/\/trottingclassicstour.com\/de\/presse-mitteilung-17-11-2021\/","title":{"rendered":"Presse Mitteilung 17.11.2021"},"content":{"rendered":"\t\t<div data-elementor-type=\"wp-page\" data-elementor-id=\"2526\" class=\"elementor elementor-2526 elementor-2516\" data-elementor-post-type=\"page\">\n\t\t\t\t\t\t<section class=\"elementor-section elementor-top-section elementor-element elementor-element-7d37037 elementor-section-full_width elementor-section-height-default elementor-section-height-default\" data-id=\"7d37037\" data-element_type=\"section\" data-e-type=\"section\">\n\t\t\t\t\t\t<div class=\"elementor-container elementor-column-gap-default\">\n\t\t\t\t\t<div class=\"elementor-column elementor-col-100 elementor-top-column elementor-element elementor-element-e5efbce\" data-id=\"e5efbce\" data-element_type=\"column\" data-e-type=\"column\" data-settings=\"{&quot;background_background&quot;:&quot;classic&quot;}\">\n\t\t\t<div class=\"elementor-widget-wrap elementor-element-populated\">\n\t\t\t\t\t\t<section class=\"elementor-section elementor-inner-section elementor-element elementor-element-3ea9199 elementor-section-boxed elementor-section-height-default elementor-section-height-default\" data-id=\"3ea9199\" data-element_type=\"section\" data-e-type=\"section\">\n\t\t\t\t\t\t<div class=\"elementor-container elementor-column-gap-default\">\n\t\t\t\t\t<div class=\"elementor-column elementor-col-50 elementor-inner-column elementor-element elementor-element-5644e1e\" data-id=\"5644e1e\" data-element_type=\"column\" data-e-type=\"column\">\n\t\t\t<div class=\"elementor-widget-wrap elementor-element-populated\">\n\t\t\t\t\t\t\t<\/div>\n\t\t<\/div>\n\t\t\t\t<div class=\"elementor-column elementor-col-50 elementor-inner-column elementor-element elementor-element-056674d\" data-id=\"056674d\" data-element_type=\"column\" data-e-type=\"column\">\n\t\t\t<div class=\"elementor-widget-wrap\">\n\t\t\t\t\t\t\t<\/div>\n\t\t<\/div>\n\t\t\t\t\t<\/div>\n\t\t<\/section>\n\t\t\t\t\t<\/div>\n\t\t<\/div>\n\t\t\t\t\t<\/div>\n\t\t<\/section>\n\t\t\t\t<section class=\"elementor-section elementor-top-section elementor-element elementor-element-409296a elementor-section-boxed elementor-section-height-default elementor-section-height-default\" data-id=\"409296a\" data-element_type=\"section\" data-e-type=\"section\">\n\t\t\t\t\t\t<div class=\"elementor-container elementor-column-gap-default\">\n\t\t\t\t\t<div class=\"elementor-column elementor-col-66 elementor-top-column elementor-element elementor-element-50506f2\" data-id=\"50506f2\" data-element_type=\"column\" data-e-type=\"column\">\n\t\t\t<div class=\"elementor-widget-wrap elementor-element-populated\">\n\t\t\t\t\t\t<div class=\"elementor-element elementor-element-ad900e0 elementor-widget-divider--view-line elementor-widget elementor-widget-divider\" data-id=\"ad900e0\" data-element_type=\"widget\" data-e-type=\"widget\" data-widget_type=\"divider.default\">\n\t\t\t\t<div class=\"elementor-widget-container\">\n\t\t\t\t\t\t\t<div class=\"elementor-divider\">\n\t\t\t<span class=\"elementor-divider-separator\">\n\t\t\t\t\t\t<\/span>\n\t\t<\/div>\n\t\t\t\t\t\t<\/div>\n\t\t\t\t<\/div>\n\t\t\t\t<div class=\"elementor-element elementor-element-60669d1 elementor-widget elementor-widget-heading\" data-id=\"60669d1\" data-element_type=\"widget\" data-e-type=\"widget\" data-widget_type=\"heading.default\">\n\t\t\t\t<div class=\"elementor-widget-container\">\n\t\t\t\t\t<h2 class=\"elementor-heading-title elementor-size-default\">Die Trotting Classics Tour startet durch<\/h2>\t\t\t\t<\/div>\n\t\t\t\t<\/div>\n\t\t\t\t<div class=\"elementor-element elementor-element-78d7db4 elementor-widget elementor-widget-text-editor\" data-id=\"78d7db4\" data-element_type=\"widget\" data-e-type=\"widget\" data-widget_type=\"text-editor.default\">\n\t\t\t\t<div class=\"elementor-widget-container\">\n\t\t\t\t\t\t\t\t\t<p><strong>Die Trotting Classics Tour startet durch. Mittlerweile wurden 9 TCT-Rennen absolviert. Jedes dieser Rennen fand gro\u00dfartigen Zuspruch. Es waren zum Teil bis zu 20 Pferde gemeldet. Im Rahmen der Veranstaltung im Victoria Park Wolvega zum \u201cGrote Prijs der Giganten\u201d fand das vorl\u00e4ufige TCT-Highlight statt: das TCT Payday DERBY f\u00fcr 2-J\u00e4hrige!<\/strong><\/p>\n<p><strong>3-J\u00e4hrigen Saison 2022 des Jahrgangs 2019<\/strong><\/p>\n<p>Die 2019 geborenen und zum TCT angemeldeten Pferde konnten in diesem Jahr bereits \u00fcber 140.000 Euro Preisgeld einlaufen. Im n\u00e4chsten Jahr wird die Gesamtdotierung sogar 400.000 Euro \u00fcberschreiten!<\/p>\n<p>F\u00fcr die 3-j\u00e4hrigen Pferde werden mindestens 22 Rennen ausgetragen.<\/p>\n<p>Der TCT-Vorstand strebt an, f\u00fcr alle Pferde gen\u00fcgend interessante Rennen zu organisieren. Zum Beispiel sind 3 Satellitenrennen auf der Bahn in\u00a0 Alkmaar geplant. Dieses werden Rennen f\u00fcr Pferde mit begrenzter Gewinnsumme. Das hei\u00dft, Pferde, die am Anfang ihrer Karriere stehen, k\u00f6nnen somit schonend aufgebaut werden. Auch in Wolvega wird es mehrere Satellitenrennen f\u00fcr Pferde mit einer begrenzten Gewinnsumme geben.<\/p>\n<p>Am Ende des Jahres wird ein klassisches Rennen mit einer Dotierung von 22.000 Euro Preisgeld als Handicap-Rennen ausgeschrieben. Dadurch schafft man permanent die M\u00f6glichkeit, Pferden mit hoher Gewinnsumme auszuweichen.<\/p>\n<p>Auch f\u00fcr die Stuten gibt es w\u00e4hrend der Saison viele M\u00f6glichkeiten. Der Sommer-Cup in Hamburg und das DERBY in Wolvega haben separate Stutenabteilungen.<\/p>\n<p>Dar\u00fcber hinaus gilt f\u00fcr fast alle anderen Rennen folgende Regelung: Einteilung in getrennte Abteilungen f\u00fcr Stuten und f\u00fcr Hengste\/Wallache, wenn mehr als 7 Stuten bzw. mehr als 7 Hengste\/Wallache angegeben werden.<\/p>\n<p>Unsere deutschen Partnervereine, M\u00fcnchen und Hamburg, veranstalten 2022 mehrere Rennen f\u00fcr 3-J\u00e4hrige. Neben einigen Satellitenrennen bieten beide Rennvereine jeweils ein klassisches Rennen mit mindestens 30.000 Euro Preisgeld. Au\u00dferdem plant Hamburg in den Sommermonaten 2 weitere h\u00f6her dotierte Rennen. Auch hier sind separate Abteilungen f\u00fcr Stuten und f\u00fcr Hengste\/Wallache geplant.<\/p>\n<p><strong>2-J\u00e4hrigen Saison 2022<\/strong><\/p>\n<p>Die 2-j\u00e4hrigen Saison f\u00fcr das kommende Jahr wird wieder mindestens acht Rennen umfassen:<\/p>\n<p>Ein hochdotiertes Rennen in M\u00fcnchen, ein klassisches Rennen in Hamburg und zwei klassische Rennen in Wolvega, die in das Derby-Finale gipfeln. Au\u00dferdem werden wieder 4 Satellitenrennen durchgef\u00fchrt, die bei ausreichender Anmeldung wiederum in Abteilungen f\u00fcr Stuten und f\u00fcr Hengste\/Wallache angeboten werden.<\/p>\n<p>Insgesamt gibt es mehr als 140.000 Euro Preisgeld!<\/p>\n<p><strong>Registrierung J\u00e4hrlinge<\/strong><\/p>\n<p>Auch im Jahr 2022 werden mehr als 20 Sponsoren einen finanziellen Beitrag zum TCT leisten. Au\u00dferdem tragen die teilnehmenden Trabrennbahnen zum Preisgeld bei. Die endg\u00fcltige H\u00f6he des Preisgeldes h\u00e4ngt von der Anzahl der gemeldeten Pferde ab.<\/p>\n<p>Sie k\u00f6nnen Ihren J\u00e4hrling bis sp\u00e4testens 31.12.2021 anmelden. Je mehr Pferde, desto mehr Preisgelder werden ausgesch\u00fcttet!<\/p>\n<p>M\u00f6chten Sie mit Ihrem J\u00e4hrling an der Trotting Classics Tour teilnehmen? Dann melden Sie Ihr Pferd \u00fcber unsere Website <em>www.trottingclassicstour.nl\/aanmelden<\/em> an. Alle im niederl\u00e4ndischen Zuchtbuch eingetragenen Pferde sind wie im letzten Jahr automatisch genannt. J\u00e4hrlinge anderer Nationalit\u00e4t m\u00fcssen aktiv gemeldet werden. Die am 27. August 2021 in Wolvega versteigerten Pferde erhalten 50 % Rabatt auf das erste Startgeld.<\/p>\n<p>Ihr J\u00e4hrling erh\u00e4lt die M\u00f6glichkeit, einen Triple-Crown-Bonus in H\u00f6he von 100.000 EUR zu erlangen, wenn Ihr Pferd das 2-, 3- und 4-j\u00e4hrigen TCT-Derby gewinnt!<\/p>\n<p>Au\u00dferdem erh\u00e4lt der erfolgreichste TCT-Z\u00fcchter 2022 und 2023 einen kostenlosen Freisprung von Readly Express!<\/p>\n<p><strong>\u00dcbersicht der Nenngelder<\/strong><\/p>\n<p>2019 geborene Pferde:<\/p>\n<ol>\n<li>Dezember 2021: 300 Euro<\/li>\n<li>Februar 2022: 250 Euro<\/li>\n<li>April 2022: 250 Euro<\/li>\n<\/ol>\n<p>2020 geborene Pferde:<\/p>\n<ol>\n<li>Januar 2022: 250 Euro<\/li>\n<li>Februar 2022: 150 Euro<\/li>\n<li>M\u00e4rz 2022: 100 Euro<\/li>\n<li>Mai 2022: 100 Euro<\/li>\n<\/ol>\n<p>Alle Einzahlungen werden \u00fcber Ihr Girokonto beim SNDR eingezogen.<\/p>\n<p>Bitte stellen Sie sicher, dass Ihr Konto zu den oben genannten Terminen ausreichend Guthaben aufweist.<\/p>\n\t\t\t\t\t\t\t\t<\/div>\n\t\t\t\t<\/div>\n\t\t\t\t\t<\/div>\n\t\t<\/div>\n\t\t\t\t<div class=\"elementor-column elementor-col-33 elementor-top-column elementor-element elementor-element-8a02253\" data-id=\"8a02253\" data-element_type=\"column\" data-e-type=\"column\" data-settings=\"{&quot;background_background&quot;:&quot;classic&quot;}\">\n\t\t\t<div class=\"elementor-widget-wrap elementor-element-populated\">\n\t\t\t\t\t\t<div class=\"elementor-element elementor-element-f2a9cb4 elementor-widget elementor-widget-heading\" data-id=\"f2a9cb4\" data-element_type=\"widget\" data-e-type=\"widget\" data-widget_type=\"heading.default\">\n\t\t\t\t<div class=\"elementor-widget-container\">\n\t\t\t\t\t<h2 class=\"elementor-heading-title elementor-size-default\">TCT Rennkalender 2022 <\/h2>\t\t\t\t<\/div>\n\t\t\t\t<\/div>\n\t\t\t\t<div class=\"elementor-element elementor-element-6ed9533 elementor-widget elementor-widget-text-editor\" data-id=\"6ed9533\" data-element_type=\"widget\" data-e-type=\"widget\" data-widget_type=\"text-editor.default\">\n\t\t\t\t<div class=\"elementor-widget-container\">\n\t\t\t\t\t\t\t\t\t<p><strong>3 J\u00e4hrigen Saison 2022:<\/strong><\/p>\n<ul>\n<li>Mindestens 22 Rennen mit einer Gesamtdotierung von mehr als 400.000 Euro<\/li>\n<li>Zwei klassische Rennen exklusiv f\u00fcr Stuten<\/li>\n<li>Alle Satellitenrennen werden bei ausreichender Anmeldung in separaten Abteilungen f\u00fcr Stuten und f\u00fcr Hengste\/Wallache ausgetragen<\/li>\n<li>Zwei Derby-Finals mit insgesamt 140.000 Euro Preisgeld<\/li>\n<li>Mehrere Satellitenrennen werden mit Gewinnsummenbegrenzung ausgeschrieben<\/li>\n<\/ul>\n<p><strong><span style=\"font-size: 20px;\">2-J\u00e4hrigen Saison 2022:<\/span><\/strong><\/p>\n<ul>\n<li>8 Rennen<\/li>\n<li>mit einer Gesamtdotierung von 140.000 Euro Preisgeld<\/li>\n<li>Bei ausreichenden Nennungen \u00a0werden alle Satellitenrennen in separaten Abteilungen f\u00fcr Stuten und f\u00fcr Hengste \/ Wallache ausgetragen<\/li>\n<\/ul>\n\t\t\t\t\t\t\t\t<\/div>\n\t\t\t\t<\/div>\n\t\t\t\t\t<\/div>\n\t\t<\/div>\n\t\t\t\t\t<\/div>\n\t\t<\/section>\n\t\t\t\t<\/div>\n\t\t","protected":false},"excerpt":{"rendered":"<p>Die Trotting Classics Tour startet durch Die Trotting Classics Tour startet durch. Mittlerweile wurden 9 TCT-Rennen absolviert. Jedes dieser Rennen fand gro\u00dfartigen Zuspruch. Es waren zum Teil bis zu 20 Pferde gemeldet. Im Rahmen der Veranstaltung im Victoria Park Wolvega zum \u201cGrote Prijs der Giganten\u201d fand das vorl\u00e4ufige TCT-Highlight statt: das TCT Payday DERBY f\u00fcr [&hellip;]<\/p>\n","protected":false},"author":1,"featured_media":0,"parent":0,"menu_order":0,"comment_status":"closed","ping_status":"closed","template":"","meta":{"site-sidebar-layout":"no-sidebar","site-content-layout":"page-builder","ast-site-content-layout":"default","site-content-style":"default","site-sidebar-style":"default","ast-global-header-display":"","ast-banner-title-visibility":"","ast-main-header-display":"","ast-hfb-above-header-display":"","ast-hfb-below-header-display":"","ast-hfb-mobile-header-display":"","site-post-title":"disabled","ast-breadcrumbs-content":"","ast-featured-img":"disabled","footer-sml-layout":"","ast-disable-related-posts":"","theme-transparent-header-meta":"default","adv-header-id-meta":"","stick-header-meta":"","header-above-stick-meta":"","header-main-stick-meta":"","header-below-stick-meta":"","astra-migrate-meta-layouts":"default","ast-page-background-enabled":"default","ast-page-background-meta":{"desktop":{"background-color":"","background-image":"","background-repeat":"repeat","background-position":"center center","background-size":"auto","background-attachment":"scroll","background-type":"","background-media":"","overlay-type":"","overlay-color":"","overlay-opacity":"","overlay-gradient":""},"tablet":{"background-color":"","background-image":"","background-repeat":"repeat","background-position":"center center","background-size":"auto","background-attachment":"scroll","background-type":"","background-media":"","overlay-type":"","overlay-color":"","overlay-opacity":"","overlay-gradient":""},"mobile":{"background-color":"","background-image":"","background-repeat":"repeat","background-position":"center center","background-size":"auto","background-attachment":"scroll","background-type":"","background-media":"","overlay-type":"","overlay-color":"","overlay-opacity":"","overlay-gradient":""}},"ast-content-background-meta":{"desktop":{"background-color":"var(--ast-global-color-5)","background-image":"","background-repeat":"repeat","background-position":"center center","background-size":"auto","background-attachment":"scroll","background-type":"","background-media":"","overlay-type":"","overlay-color":"","overlay-opacity":"","overlay-gradient":""},"tablet":{"background-color":"var(--ast-global-color-5)","background-image":"","background-repeat":"repeat","background-position":"center center","background-size":"auto","background-attachment":"scroll","background-type":"","background-media":"","overlay-type":"","overlay-color":"","overlay-opacity":"","overlay-gradient":""},"mobile":{"background-color":"var(--ast-global-color-5)","background-image":"","background-repeat":"repeat","background-position":"center center","background-size":"auto","background-attachment":"scroll","background-type":"","background-media":"","overlay-type":"","overlay-color":"","overlay-opacity":"","overlay-gradient":""}},"footnotes":""},"class_list":["post-2526","page","type-page","status-publish","hentry"],"_links":{"self":[{"href":"https:\/\/trottingclassicstour.com\/de\/wp-json\/wp\/v2\/pages\/2526","targetHints":{"allow":["GET"]}}],"collection":[{"href":"https:\/\/trottingclassicstour.com\/de\/wp-json\/wp\/v2\/pages"}],"about":[{"href":"https:\/\/trottingclassicstour.com\/de\/wp-json\/wp\/v2\/types\/page"}],"author":[{"embeddable":true,"href":"https:\/\/trottingclassicstour.com\/de\/wp-json\/wp\/v2\/users\/1"}],"replies":[{"embeddable":true,"href":"https:\/\/trottingclassicstour.com\/de\/wp-json\/wp\/v2\/comments?post=2526"}],"version-history":[{"count":1,"href":"https:\/\/trottingclassicstour.com\/de\/wp-json\/wp\/v2\/pages\/2526\/revisions"}],"predecessor-version":[{"id":2527,"href":"https:\/\/trottingclassicstour.com\/de\/wp-json\/wp\/v2\/pages\/2526\/revisions\/2527"}],"wp:attachment":[{"href":"https:\/\/trottingclassicstour.com\/de\/wp-json\/wp\/v2\/media?parent=2526"}],"curies":[{"name":"wp","href":"https:\/\/api.w.org\/{rel}","templated":true}]}}