{"id":4295,"date":"2022-12-16T11:53:28","date_gmt":"2022-12-16T11:53:28","guid":{"rendered":"https:\/\/trottingclassicstour.com\/geplannte-rennen-dreijaehrige-pferde-2\/"},"modified":"2025-06-26T12:56:36","modified_gmt":"2025-06-26T12:56:36","slug":"geplannte-rennen-vierjaehrige-pferde","status":"publish","type":"page","link":"https:\/\/trottingclassicstour.com\/de\/geplannte-rennen-vierjaehrige-pferde\/","title":{"rendered":"Geplannte Rennen vierj\u00e4hrige Pferde"},"content":{"rendered":"\t\t<div data-elementor-type=\"wp-page\" data-elementor-id=\"4295\" class=\"elementor elementor-4295 elementor-4235\" data-elementor-post-type=\"page\">\n\t\t\t\t\t\t<section class=\"elementor-section elementor-top-section elementor-element elementor-element-c24c306 elementor-section-full_width elementor-section-height-default elementor-section-height-default\" data-id=\"c24c306\" data-element_type=\"section\" data-e-type=\"section\">\n\t\t\t\t\t\t<div class=\"elementor-container elementor-column-gap-default\">\n\t\t\t\t\t<div class=\"elementor-column elementor-col-100 elementor-top-column elementor-element elementor-element-286794e7\" data-id=\"286794e7\" data-element_type=\"column\" data-e-type=\"column\" data-settings=\"{&quot;background_background&quot;:&quot;classic&quot;}\">\n\t\t\t<div class=\"elementor-widget-wrap elementor-element-populated\">\n\t\t\t\t\t\t<section class=\"elementor-section elementor-inner-section elementor-element elementor-element-46e4356f elementor-section-boxed elementor-section-height-default elementor-section-height-default\" data-id=\"46e4356f\" data-element_type=\"section\" data-e-type=\"section\">\n\t\t\t\t\t\t<div class=\"elementor-container elementor-column-gap-default\">\n\t\t\t\t\t<div class=\"elementor-column elementor-col-50 elementor-inner-column elementor-element elementor-element-7cb7184c\" data-id=\"7cb7184c\" data-element_type=\"column\" data-e-type=\"column\">\n\t\t\t<div class=\"elementor-widget-wrap elementor-element-populated\">\n\t\t\t\t\t\t\t<\/div>\n\t\t<\/div>\n\t\t\t\t<div class=\"elementor-column elementor-col-50 elementor-inner-column elementor-element elementor-element-4bebd612\" data-id=\"4bebd612\" data-element_type=\"column\" data-e-type=\"column\">\n\t\t\t<div class=\"elementor-widget-wrap\">\n\t\t\t\t\t\t\t<\/div>\n\t\t<\/div>\n\t\t\t\t\t<\/div>\n\t\t<\/section>\n\t\t\t\t\t<\/div>\n\t\t<\/div>\n\t\t\t\t\t<\/div>\n\t\t<\/section>\n\t\t\t\t<section class=\"elementor-section elementor-top-section elementor-element elementor-element-626c47f elementor-section-boxed elementor-section-height-default elementor-section-height-default\" data-id=\"626c47f\" data-element_type=\"section\" data-e-type=\"section\">\n\t\t\t\t\t\t<div class=\"elementor-container elementor-column-gap-default\">\n\t\t\t\t\t<div class=\"elementor-column elementor-col-66 elementor-top-column elementor-element elementor-element-7067bcb\" data-id=\"7067bcb\" data-element_type=\"column\" data-e-type=\"column\">\n\t\t\t<div class=\"elementor-widget-wrap elementor-element-populated\">\n\t\t\t\t\t\t<div class=\"elementor-element elementor-element-264fd06 elementor-widget elementor-widget-heading\" data-id=\"264fd06\" data-element_type=\"widget\" data-e-type=\"widget\" data-widget_type=\"heading.default\">\n\t\t\t\t<div class=\"elementor-widget-container\">\n\t\t\t\t\t<h2 class=\"elementor-heading-title elementor-size-default\">Ausschreibungen TCT 2025<\/h2>\t\t\t\t<\/div>\n\t\t\t\t<\/div>\n\t\t\t\t<div class=\"elementor-element elementor-element-ce53c93 elementor-widget-divider--view-line elementor-widget elementor-widget-divider\" data-id=\"ce53c93\" data-element_type=\"widget\" data-e-type=\"widget\" data-widget_type=\"divider.default\">\n\t\t\t\t<div class=\"elementor-widget-container\">\n\t\t\t\t\t\t\t<div class=\"elementor-divider\">\n\t\t\t<span class=\"elementor-divider-separator\">\n\t\t\t\t\t\t<\/span>\n\t\t<\/div>\n\t\t\t\t\t\t<\/div>\n\t\t\t\t<\/div>\n\t\t\t\t<div class=\"elementor-element elementor-element-3dd1d59 elementor-widget elementor-widget-heading\" data-id=\"3dd1d59\" data-element_type=\"widget\" data-e-type=\"widget\" data-widget_type=\"heading.default\">\n\t\t\t\t<div class=\"elementor-widget-container\">\n\t\t\t\t\t<h2 class=\"elementor-heading-title elementor-size-default\">Rennen f\u00fcr vierj\u00e4hrige Pferde<\/h2>\t\t\t\t<\/div>\n\t\t\t\t<\/div>\n\t\t\t\t<section class=\"elementor-section elementor-inner-section elementor-element elementor-element-3189f1d elementor-section-boxed elementor-section-height-default elementor-section-height-default\" data-id=\"3189f1d\" data-element_type=\"section\" data-e-type=\"section\">\n\t\t\t\t\t\t<div class=\"elementor-container elementor-column-gap-default\">\n\t\t\t\t\t<div class=\"elementor-column elementor-col-100 elementor-inner-column elementor-element elementor-element-59a47ef\" data-id=\"59a47ef\" data-element_type=\"column\" data-e-type=\"column\">\n\t\t\t<div class=\"elementor-widget-wrap elementor-element-populated\">\n\t\t\t\t\t\t<div class=\"elementor-element elementor-element-ef0a370 elementor-widget elementor-widget-text-editor\" data-id=\"ef0a370\" data-element_type=\"widget\" data-e-type=\"widget\" data-widget_type=\"text-editor.default\">\n\t\t\t\t<div class=\"elementor-widget-container\">\n\t\t\t\t\t\t\t\t\t<h5><strong>Bahn\/Datum: Alkmaar ZEturf Arena, 30.03.2025<br \/>TCT Satelliten Rennen \u2013 2025<\/strong><\/h5><p>F\u00fcr vierj\u00e4hrige Pferde aller L\u00e4nder (Geburtsjahr 2021), die in der Trotting Classics Tour genannt sind.<br \/>Distanz 2.060m. Autostart<\/p><p><strong>Spezifikationen<\/strong><br \/>Es starten maximal 11 Pferde. Sollten mehr als 11 Pferde als Starter angegeben werden, wird das Rennen geteilt.<\/p><p>Teilung in Rennen nur f\u00fcr Stuten und Hengste\/Wallache wird stattfinden wenn mindestens 6 Stuten und 6 Hengste\/Wallache angegeben werden**<\/p><p>F\u00fcr Pferde bis zu 20.000 Euro Gewinnsumme!<\/p><p>Das Rennen findet nur statt wenn mindestens 6 Pferde angegeben werden.<\/p><p><strong>Dotierung<\/strong><br \/>\u20ac. 4.000,\u2013 excl. Zuchtpr\u00e4mie<br \/>(1.750, 1.000, 500, 300, 200, 150, 100 + 10% Zuchtpr\u00e4mie)<\/p><p><strong>Startpl\u00e4tze<\/strong><br \/>Die Startpl\u00e4tze werden ausgelost.<\/p><p><strong>Startgeld<\/strong><br \/>kein<\/p><p><strong>zus\u00e4tzliche Info<\/strong><br \/>Der Gewinner zahlt kein Startgeld f\u00fcr das Rennen vom 12. Oktober (Meisterschaft der Stayer)<strong><br \/><\/strong><\/p><h5><strong>Bahn\/Datum: Wolvega, 12.04.2025<br \/>TCT Satelliten Rennen \u2013 2025<\/strong><\/h5><p>F\u00fcr vierj\u00e4hrige Pferde aller L\u00e4nder (Geburtsjahr 2021), die in der Trotting Classics Tour genannt sind.<br \/>Distanz 2.100m. Autostart<\/p><p><strong>Spezifikationen<\/strong><br \/>Es starten maximal 12 Pferde. Sollten mehr als 12 Pferde als Starter angegeben werden, wird das Rennen geteilt.<\/p><p>Teilung in Rennen nur f\u00fcr Stuten und Hengste\/Wallache wird stattfinden wenn mindestens 6 Stuten und 6 Hengste\/Wallache angegeben werden**<\/p><p>F\u00fcr Pferde bis zu 15.000 Euro Gewinnsumme!<\/p><p>Das Rennen findet nur statt wenn mindestens 6 Pferde angegeben werden.<\/p><p><strong>Dotierung<\/strong><br \/>\u20ac. 6.000,\u2013 excl. Zuchtpr\u00e4mie<br \/>( 2500 \u2013 1250 \u2013 1000 \u2013 600 \u2013 350 \u2013 200 \u2013 100 + 10% Zuchtpr\u00e4mie)<\/p><p><strong>Startpl\u00e4tze<\/strong><br \/>Die Startpl\u00e4tze werden ausgelost.<\/p><p><strong>Startgeld<\/strong><br \/>kein<\/p><p><strong>zus\u00e4tzliche Info<\/strong><br \/>Der Gewinner zahlt kein Startgeld f\u00fcr das Rennen vom 10. Mai (TCT Kriterium Hengste &amp; Wallache oder TCT Kriterium Stuten)<strong><br \/><\/strong><\/p><h5><strong>Bahn\/Datum: Wolvega, 25.04.2025<br \/>TCT Satelliten Rennen \u2013 2025<\/strong><\/h5><p>F\u00fcr vierj\u00e4hrige Pferde aller L\u00e4nder (Geburtsjahr 2021), die in der Trotting Classics Tour genannt sind.<br \/>Distanz 2.000m. Autostart<\/p><p><strong>Spezifikationen<\/strong><br \/>Es starten maximal 12 Pferde. Sollten mehr als 12 Pferde als Starter angegeben werden, wird das Rennen geteilt.<\/p><p>Teilung in Rennen nur f\u00fcr Stuten und Hengste\/Wallache wird stattfinden wenn mindestens 6 Stuten und 6 Hengste\/Wallache angegeben werden**<\/p><p>Das Rennen findet nur statt wenn mindestens 6 Pferde angegeben werden.<\/p><p><strong>Dotierung<\/strong><br \/>\u20ac. 6.000,\u2013 excl. Zuchtpr\u00e4mie<br \/>( 2500 \u2013 1250 \u2013 1000 \u2013 600 \u2013 350 \u2013 200 \u2013 100 + 10% Zuchtpr\u00e4mie)<\/p><p><strong>Startpl\u00e4tze<\/strong><br \/>Gewinnsumme<\/p><p><strong>Startgeld<\/strong><br \/>kein<\/p><p><strong>zus\u00e4tzliche Info<\/strong><br \/>Der Gewinner zahlt kein Startgeld f\u00fcr das Rennen vom 10. Mai (TCT Kriterium Hengste &amp; Wallache oder TCT Kriterium Stuten)<\/p><h5><strong>Bahn\/Datum: Wolvega, 10.05.2025<br \/>TCT Kriterium Hengste &amp; Wallache \u2013 2025<\/strong><\/h5><p>F\u00fcr vierj\u00e4hrige Hengste &amp; Wallache aller L\u00e4nder (Geburtsjahr 2021), die in der Trotting Classics Tour genannt sind.<br \/>Distanz 2.060m. Autostart<\/p><p><strong>Spezifikationen<\/strong><br \/>Es starten maximal 13 Pferde. Sollten mehr als 13 Pferde als Starter angegeben werden, wird das Rennen geteilt.<\/p><p><strong>Dotierung<\/strong><br \/>\u20ac. 20.000,\u2013 excl. Zuchtpr\u00e4mie <br \/>(9.500, 4.500, 2.500, 1.500, 1.000, 600, 400 + 10% Zuchtpr\u00e4mie).<\/p><p>2 Abteilungen 28.000 Euro (2x 14.000) excl. Zuchtpr\u00e4mie<\/p><p><strong>Startpl\u00e4tze<\/strong><br \/>Die Startpl\u00e4tze werden ausgelost.<\/p><p><strong>Startgeld<\/strong><br \/>1% des Preisgeldes\u00a0 dieses Rennens.<\/p><p><strong>zus\u00e4tzliche Info<\/strong><br \/>kein<\/p><h5><strong>Bahn\/Datum: Wolvega, 10.05.2025<br \/>TCT Kriterium Stuten \u2013 2025<\/strong><\/h5><p>F\u00fcr vierj\u00e4hrige Stuten aller L\u00e4nder (Geburtsjahr 2021), die in der Trotting Classics Tour genannt sind.<br \/>Distanz 2.060m. Autostart<\/p><p><strong>Spezifikationen<\/strong><br \/>Es starten maximal 13 Pferde. Sollten mehr als 13 Pferde als Starter angegeben werden, wird das Rennen geteilt.<\/p><p><strong>Dotierung<\/strong><br \/>\u20ac. 20.000,\u2013 excl . Zuchtpr\u00e4mie<br \/>(9.500, 4.500, 2.500, 1.500, 1.000, 600, 400 + 10% Zuchtpr\u00e4mie).<\/p><p>2 Abteilungen 28.000 Euro (2x 14.000) excl. Zuchtpr\u00e4mie<\/p><p><strong>Startpl\u00e4tze<\/strong><br \/>Die Startpl\u00e4tze werden ausgelost.<\/p><p><strong>Startgeld<\/strong><br \/>1% des Preisgeldes\u00a0 dieses Rennens.<\/p><p><strong>zus\u00e4tzliche Info<\/strong><br \/>kein<\/p><h5><strong>Bahn\/Datum: Duindigt, 01.06.2025<br \/>TCT Satelliten Rennen \u2013 2025<\/strong><\/h5><p>F\u00fcr vierj\u00e4hrige Pferde aller L\u00e4nder (Geburtsjahr 2021), die in der Trotting Classics Tour genannt sind.<br \/>Distanz 2.000m. Autostart<\/p><p><strong>Spezifikationen<\/strong><br \/>Es starten maximal 14 Pferde. Sollten mehr als 14 Pferde als Starter angegeben werden, wird das Rennen geteilt.<\/p><p>Teilung in Rennen nur f\u00fcr Stuten und Hengste\/Wallache wird stattfinden wenn mindestens 7 Stuten und 7 Hengste\/Wallache angegeben werden**<\/p><p>Das Rennen findet nur statt wenn mindestens 6 Pferde angegeben werden.<\/p><p><strong>Dotierung<\/strong><br \/>\u20ac. 5.000,\u2013 excl. Zuchtpr\u00e4mie <br \/>(2.250, 1.000, 750, 450, 300, 150, 100 + 10% Zuchtpr\u00e4mie)<\/p><p><strong>Startpl\u00e4tze<\/strong><br \/>Die Startpl\u00e4tze werden ausgelost.<\/p><p><strong>Startgeld<\/strong><br \/>kein<\/p><p><strong>zus\u00e4tzliche Info<\/strong><br \/>Der Gewinner zahlt kein Startgeld f\u00fcr das Rennen vom 12. Oktober (Meisterschaft der Stayer)<\/p><h5><strong>Bahn\/Datum: Wolvega, 14.06.2025<br \/>TCT Derby \u2013 2025<\/strong><\/h5><p>F\u00fcr vierj\u00e4hrige Pferde aller L\u00e4nder (Geburtsjahr 2021), die in der Trotting Classics Tour genannt sind.<\/p><p>Gruppe II Rennen<\/p><p>Distanz 2.600m. Autostart<\/p><p><strong>Spezifikationen<\/strong><br \/>Es starten maximal 16 Pferde. Sollten mehr als 16 Pferde als Starter angegeben werden, starten die Pferde mit den h\u00f6chsten Gewinsumme.<\/p><p><strong>Dotierung<\/strong><br \/>\u20ac. 50.000,\u2013 excl. Zuchtpr\u00e4mie <br \/>(25.000, 12.000, 6.000, 3.000, 2.000, 1.250, 750 + 10% Zuchtpr\u00e4mie)<\/p><p><strong>Startpl\u00e4tze<\/strong><br \/>Die Startpl\u00e4tze werden ausgelost.<\/p><p><strong>Startgeld<\/strong><br \/>0,5% des Preisgeldes\u00a0 dieses Rennens.<\/p><p><strong>zus\u00e4tzliche Info<\/strong><br \/>Vor dem Derby findet eine Parade statt.<\/p><h5><strong>Bahn\/Datum: Wolvega, 14.06.2025<br \/>TCT Stuten Derby \u2013 2025<\/strong><\/h5><p>F\u00fcr vierj\u00e4hrige Stuten aller L\u00e4nder (Geburtsjahr 2021), die in der Trotting Classics Tour genannt sind.<br \/>Distanz 2.100m. Autostart<\/p><p><strong>Spezifikationen<\/strong><br \/>Es starten maximal 14 Pferde. Sollten mehr als 14 Pferde als Starter angegeben werden, starten die Pferde mit den h\u00f6chsten Gewinsumme.<\/p><p><strong>Dotierung<\/strong><br \/>\u20ac. 30.000,\u2013 excl. Zuchtpr\u00e4mie <br \/>(15.000, 7.000, 3.500, 1.750, 1.250, 1.000, 500 + 10% Zuchtpr\u00e4mie)<\/p><p><strong>Startpl\u00e4tze<\/strong><br \/>Die Startpl\u00e4tze werden ausgelost.<\/p><p><strong>Startgeld<\/strong><br \/>0,5% des Preisgeldes\u00a0 dieses Rennens.<\/p><p><strong>zus\u00e4tzliche Info<\/strong><br \/>Vor dem Stuten Derby findet eine Parade statt.<\/p><h5><strong>Bahn\/Datum: Duindigt, 28.06.2025<br \/>TCT Satelliten Rennen \u2013 2025<\/strong><\/h5><p>F\u00fcr vierj\u00e4hrige Pferde aller L\u00e4nder (Geburtsjahr 2021), die in der Trotting Classics Tour genannt sind.<br \/>Distanz 2.000m. Autostart<\/p><p><strong>Spezifikationen<\/strong><br \/>Es starten maximal 14 Pferde. Sollten mehr als 14 Pferde als Starter angegeben werden, wird das Rennen geteilt.<\/p><p>Teilung in Rennen nur f\u00fcr Stuten und Hengste\/Wallache wird stattfinden wenn mindestens 7 Stuten und 7 Hengste\/Wallache angegeben werden**<\/p><p>F\u00fcr Pferde bis zu 10.000 Euro Gewinnsumme!<\/p><p>Das Rennen findet nur statt wenn mindestens 6 Pferde angegeben werden.<\/p><p><strong>Dotierung<\/strong><br \/>\u20ac. 5.000,\u2013 excl. Zuchtpr\u00e4mie <br \/>(2.250, 1.000, 750, 450, 300, 150, 100 + 10% Zuchtpr\u00e4mie)<\/p><p><strong>Startpl\u00e4tze<\/strong><br \/>Die Startpl\u00e4tze werden ausgelost.<\/p><p><strong>Startgeld<\/strong><br \/>kein<\/p><p><strong>zus\u00e4tzliche Info<\/strong><br \/>Der Gewinner zahlt kein Startgeld f\u00fcr das Rennen vom 12. Oktober (Meisterschaft der Stayer)<\/p><h5><strong>Bahn\/Datum: M\u00fcnchen, 14.09.2025<br \/>M\u00fcnchen Vierj\u00e4hrigen Troph\u00e4e \u2013 2025<\/strong><\/h5><p>F\u00fcr vierj\u00e4hrige Pferde aller L\u00e4nder (Geburtsjahr 2021), die in der Trotting Classics Tour genannt sind.<br \/>Distanz 2.100m. Autostart<\/p><p><strong>Spezifikationen<br \/><\/strong>Es starten maximal 12 Pferde. Sollten mehr als 12 Pferde als Starter angegeben werden, wird das Rennen geteilt.<\/p><p>Teilung in Rennen nur f\u00fcr Stuten und Hengste\/Wallache wird stattfinden wenn mindestens 6 Stuten und 6 Hengste\/Wallache angegeben werden**<\/p><p>Das Rennen findet nur statt wenn mindestens 6 Pferde angegeben werden.<\/p><p><strong>Dotierung<br \/><\/strong>\u20ac. 20.000,\u2013 excl. Zuchtpr\u00e4mie<\/p><p>2 Abteilungen 24.000 Euro (2x 12.000 Euro)\u00a0 excl. Zuchtpr\u00e4mie<\/p><p><strong>Startpl\u00e4tze<br \/><\/strong>Die Startpl\u00e4tze werden ausgelost.<\/p><p><strong>Startgeld<br \/><\/strong>1% des Preisgeldes\u00a0 dieses Rennens.<\/p><p><strong>zus\u00e4tzliche Info<br \/><\/strong>kein<\/p><h5><strong>Bahn\/Datum: Alkmaar, 12.10.2025<br \/>TCT Meisterschaft der Vierj\u00e4hrige Stayer \u2013 2025<\/strong><\/h5><p>F\u00fcr vierj\u00e4hrige Pferde aller L\u00e4nder (Geburtsjahr 2021), die in der Trotting Classics Tour genannt sind.<br \/>Distanz 2.700m. Autostart<\/p><p><strong>Spezifikationen<\/strong><br \/>Es starten maximal 12 Pferde. Sollten mehr als 12 Pferde als Starter angegeben werden, wird das Rennen geteilt.<\/p><p>Teilung in Rennen nur f\u00fcr Stuten und Hengste\/Wallache wird stattfinden wenn mindestens 6 Stuten und 6 Hengste\/Wallache angegeben werden**<\/p><p><strong>Dotierung<\/strong><br \/>\u20ac. 20.000,\u2013 excl. Zuchtpr\u00e4mie <br \/>(9.500, 4.500, 2.500, 1.500, 1.000, 600, 400 + 10% Zuchtpr\u00e4mie)<\/p><p>2 Abteilungen 24.000 Euro (2x 12.000 Euro\u00a0 excl. Zuchtpr\u00e4mie <br \/>(5.500, 3.000, 1.500, 1.000, 500, 300, 200 + 10% Zuchtpr\u00e4mie)<\/p><p><strong>Startpl\u00e4tze<\/strong><br \/>Die Startpl\u00e4tze werden ausgelost.<\/p><p><strong>Startgeld<\/strong><br \/>1% des Preisgeldes\u00a0 dieses Rennens.<\/p><p><strong>zus\u00e4tzliche Info<\/strong><br \/>kein<\/p><h5><strong>Bahn\/Datum: Hamburg, 31.10.2025<br \/>TCT Halali \u2013 2025<\/strong><\/h5><p>F\u00fcr vierj\u00e4hrige Pferde aller L\u00e4nder (Geburtsjahr 2021), die in der Trotting Classics Tour genannt sind.<br \/>Distanz 2.200m. Autostart<\/p><p><strong>Spezifikationen<\/strong><br \/>Es starten maximal 12 Pferde. Sollten mehr als 12 Pferde als Starter angegeben werden, wird das Rennen geteilt.<\/p><p>Teilung in Rennen nur f\u00fcr Stuten und Hengste\/Wallache wird stattfinden wenn mindestens 6 Stuten und 6 Hengste\/Wallache angegeben werden**<\/p><p>F\u0081\u00fcr Pferde bis zu 30.000 Euro Gewinnsumme!<\/p><p><strong>Dotierung<\/strong><br \/>\u20ac. 15.000,\u2013 excl. Zuchtpr\u00e4mie<\/p><p>2 Abteilungen 20.000 Euro (2x 10.000 Euro)\u00a0 excl. Zuchtpr\u00e4mie<\/p><p><strong>Startpl\u00e4tze<\/strong><br \/>Die Startpl\u00e4tze werden ausgelost.<\/p><p><strong>Startgeld<\/strong><br \/>1% des Preisgeldes\u00a0 dieses Rennens.<\/p><p><strong>zus\u00e4tzliche Info<\/strong><br \/>kein<\/p><h5><strong>Bahn\/Datum: Wolvega, 14.11.2025<br \/>TCT Speedy Volita Cup \u2013 2025<\/strong><\/h5><p>F\u00fcr vierj\u00e4hrige Stuten aller L\u00e4nder (Geburtsjahr 2021), die in der Trotting Classics Tour genannt sind.<br \/>Distanz 2.060m. Autostart<\/p><p><strong>Spezifikationen<\/strong><br \/>Es starten maximal 13 Pferde. Sollten mehr als 13 Pferde als Starter angegeben werden, wird das Rennen geteilt.<\/p><p><strong>Dotierung<\/strong><br \/>\u20ac. 20.000,\u2013 excl. Zuchtpr\u00e4mie<br \/>(9.500, 4.500, 2.500, 1.500, 1.000, 600, 400 + 10% Zuchtpr\u00e4mie)<\/p><p>2 Abteilungen 24.000 euro (2x 12.000 euro) excl. Zuchtpr\u00e4mie<br \/>(5.500, 3.000, 1.500, 1.000, 500, 300, 200 + 10% Zuchtpr\u00e4mie)<\/p><p><strong>Startpl\u00e4tze<\/strong><br \/>Die Startpl\u00e4tze werden ausgelost.<\/p><p><strong>Startgeld<\/strong><br \/>1% des Preisgeldes\u00a0 dieses Rennens.<\/p><p><strong>zus\u00e4tzliche Info<\/strong><br \/>kein<\/p>\t\t\t\t\t\t\t\t<\/div>\n\t\t\t\t<\/div>\n\t\t\t\t<div class=\"elementor-element elementor-element-cff142f elementor-widget elementor-widget-text-editor\" data-id=\"cff142f\" data-element_type=\"widget\" data-e-type=\"widget\" data-widget_type=\"text-editor.default\">\n\t\t\t\t<div class=\"elementor-widget-container\">\n\t\t\t\t\t\t\t\t\t<p>* Bij aangifte van 13 paarden wordt de koers alleen gesplitst in een afdeling voor merries en een afdeling voor hengsten\/ruins indien minimaal 6 paarden van hetzelfde geslacht (dus minimaal 6 merries&nbsp;<strong>\u00e9n<\/strong>&nbsp;minimaal 6 hengsten en ruins) zijn aangegeven!<\/p>\n<p>** Bij aangifte van 12 paarden wordt de koers alleen gesplitst in een afdeling voor merries en een afdeling voor hengsten\/ruins indien minimaal 6 paarden van hetzelfde geslacht (dus minimaal 6 merries <strong>\u00e9n<\/strong>&nbsp;minimaal 6 hengsten en ruins) zijn aangegeven!<\/p>\n<p>Winsomgrenzen zijn altijd op basis van werkelijke winsom.&nbsp;<\/p>\t\t\t\t\t\t\t\t<\/div>\n\t\t\t\t<\/div>\n\t\t\t\t\t<\/div>\n\t\t<\/div>\n\t\t\t\t\t<\/div>\n\t\t<\/section>\n\t\t\t\t\t<\/div>\n\t\t<\/div>\n\t\t\t\t<div class=\"elementor-column elementor-col-33 elementor-top-column elementor-element elementor-element-a7c9fd0\" data-id=\"a7c9fd0\" data-element_type=\"column\" data-e-type=\"column\" data-settings=\"{&quot;background_background&quot;:&quot;classic&quot;}\">\n\t\t\t<div class=\"elementor-widget-wrap elementor-element-populated\">\n\t\t\t\t\t\t<div class=\"elementor-element elementor-element-19ae4ee elementor-widget elementor-widget-image\" data-id=\"19ae4ee\" data-element_type=\"widget\" data-e-type=\"widget\" data-widget_type=\"image.default\">\n\t\t\t\t<div class=\"elementor-widget-container\">\n\t\t\t\t\t\t\t\t\t\t\t\t\t\t\t<img fetchpriority=\"high\" decoding=\"async\" width=\"600\" height=\"900\" src=\"https:\/\/trottingclassicstour.com\/wp-content\/uploads\/2022\/02\/inspector_bros_robin_bakker.jpg\" class=\"attachment-large size-large wp-image-2824\" alt=\"\" srcset=\"https:\/\/trottingclassicstour.com\/wp-content\/uploads\/2022\/02\/inspector_bros_robin_bakker.jpg 600w, https:\/\/trottingclassicstour.com\/wp-content\/uploads\/2022\/02\/inspector_bros_robin_bakker-200x300.jpg 200w\" sizes=\"(max-width: 600px) 100vw, 600px\" \/>\t\t\t\t\t\t\t\t\t\t\t\t\t\t\t<\/div>\n\t\t\t\t<\/div>\n\t\t\t\t\t<\/div>\n\t\t<\/div>\n\t\t\t\t\t<\/div>\n\t\t<\/section>\n\t\t\t\t<\/div>\n\t\t","protected":false},"excerpt":{"rendered":"<p>Ausschreibungen TCT 2025 Rennen f\u00fcr vierj\u00e4hrige Pferde Bahn\/Datum: Alkmaar ZEturf Arena, 30.03.2025TCT Satelliten Rennen \u2013 2025 F\u00fcr vierj\u00e4hrige Pferde aller L\u00e4nder (Geburtsjahr 2021), die in der Trotting Classics Tour genannt sind.Distanz 2.060m. Autostart SpezifikationenEs starten maximal 11 Pferde. Sollten mehr als 11 Pferde als Starter angegeben werden, wird das Rennen geteilt. Teilung in Rennen nur [&hellip;]<\/p>\n","protected":false},"author":1,"featured_media":0,"parent":0,"menu_order":0,"comment_status":"closed","ping_status":"closed","template":"elementor_header_footer","meta":{"site-sidebar-layout":"no-sidebar","site-content-layout":"page-builder","ast-site-content-layout":"default","site-content-style":"default","site-sidebar-style":"default","ast-global-header-display":"","ast-banner-title-visibility":"","ast-main-header-display":"","ast-hfb-above-header-display":"","ast-hfb-below-header-display":"","ast-hfb-mobile-header-display":"","site-post-title":"disabled","ast-breadcrumbs-content":"","ast-featured-img":"disabled","footer-sml-layout":"","ast-disable-related-posts":"","theme-transparent-header-meta":"default","adv-header-id-meta":"","stick-header-meta":"","header-above-stick-meta":"","header-main-stick-meta":"","header-below-stick-meta":"","astra-migrate-meta-layouts":"set","ast-page-background-enabled":"default","ast-page-background-meta":{"desktop":{"background-color":"","background-image":"","background-repeat":"repeat","background-position":"center center","background-size":"auto","background-attachment":"scroll","background-type":"","background-media":"","overlay-type":"","overlay-color":"","overlay-opacity":"","overlay-gradient":""},"tablet":{"background-color":"","background-image":"","background-repeat":"repeat","background-position":"center center","background-size":"auto","background-attachment":"scroll","background-type":"","background-media":"","overlay-type":"","overlay-color":"","overlay-opacity":"","overlay-gradient":""},"mobile":{"background-color":"","background-image":"","background-repeat":"repeat","background-position":"center center","background-size":"auto","background-attachment":"scroll","background-type":"","background-media":"","overlay-type":"","overlay-color":"","overlay-opacity":"","overlay-gradient":""}},"ast-content-background-meta":{"desktop":{"background-color":"var(--ast-global-color-5)","background-image":"","background-repeat":"repeat","background-position":"center center","background-size":"auto","background-attachment":"scroll","background-type":"","background-media":"","overlay-type":"","overlay-color":"","overlay-opacity":"","overlay-gradient":""},"tablet":{"background-color":"var(--ast-global-color-5)","background-image":"","background-repeat":"repeat","background-position":"center center","background-size":"auto","background-attachment":"scroll","background-type":"","background-media":"","overlay-type":"","overlay-color":"","overlay-opacity":"","overlay-gradient":""},"mobile":{"background-color":"var(--ast-global-color-5)","background-image":"","background-repeat":"repeat","background-position":"center center","background-size":"auto","background-attachment":"scroll","background-type":"","background-media":"","overlay-type":"","overlay-color":"","overlay-opacity":"","overlay-gradient":""}},"footnotes":""},"class_list":["post-4295","page","type-page","status-publish","hentry"],"_links":{"self":[{"href":"https:\/\/trottingclassicstour.com\/de\/wp-json\/wp\/v2\/pages\/4295","targetHints":{"allow":["GET"]}}],"collection":[{"href":"https:\/\/trottingclassicstour.com\/de\/wp-json\/wp\/v2\/pages"}],"about":[{"href":"https:\/\/trottingclassicstour.com\/de\/wp-json\/wp\/v2\/types\/page"}],"author":[{"embeddable":true,"href":"https:\/\/trottingclassicstour.com\/de\/wp-json\/wp\/v2\/users\/1"}],"replies":[{"embeddable":true,"href":"https:\/\/trottingclassicstour.com\/de\/wp-json\/wp\/v2\/comments?post=4295"}],"version-history":[{"count":69,"href":"https:\/\/trottingclassicstour.com\/de\/wp-json\/wp\/v2\/pages\/4295\/revisions"}],"predecessor-version":[{"id":8550,"href":"https:\/\/trottingclassicstour.com\/de\/wp-json\/wp\/v2\/pages\/4295\/revisions\/8550"}],"wp:attachment":[{"href":"https:\/\/trottingclassicstour.com\/de\/wp-json\/wp\/v2\/media?parent=4295"}],"curies":[{"name":"wp","href":"https:\/\/api.w.org\/{rel}","templated":true}]}}