{"id":4680,"date":"2023-04-26T09:41:51","date_gmt":"2023-04-26T09:41:51","guid":{"rendered":"https:\/\/trottingclassicstour.com\/23-04-2023-alkmaar-zeturf-arena\/"},"modified":"2023-04-26T09:41:52","modified_gmt":"2023-04-26T09:41:52","slug":"23-04-2023-alkmaar-zeturf-arena","status":"publish","type":"page","link":"https:\/\/trottingclassicstour.com\/de\/23-04-2023-alkmaar-zeturf-arena\/","title":{"rendered":"23.04.2023 &#8211; Alkmaar ZEturf Arena"},"content":{"rendered":"\t\t<div data-elementor-type=\"wp-page\" data-elementor-id=\"4680\" class=\"elementor elementor-4680 elementor-4668\" data-elementor-post-type=\"page\">\n\t\t\t\t\t\t<section class=\"elementor-section elementor-top-section elementor-element elementor-element-7d37037 elementor-section-full_width elementor-section-height-default elementor-section-height-default\" data-id=\"7d37037\" data-element_type=\"section\" data-e-type=\"section\">\n\t\t\t\t\t\t<div class=\"elementor-container elementor-column-gap-default\">\n\t\t\t\t\t<div class=\"elementor-column elementor-col-100 elementor-top-column elementor-element elementor-element-e5efbce\" data-id=\"e5efbce\" data-element_type=\"column\" data-e-type=\"column\" data-settings=\"{&quot;background_background&quot;:&quot;classic&quot;}\">\n\t\t\t<div class=\"elementor-widget-wrap elementor-element-populated\">\n\t\t\t\t\t\t<section class=\"elementor-section elementor-inner-section elementor-element elementor-element-3ea9199 elementor-section-boxed elementor-section-height-default elementor-section-height-default\" data-id=\"3ea9199\" data-element_type=\"section\" data-e-type=\"section\">\n\t\t\t\t\t\t<div class=\"elementor-container elementor-column-gap-default\">\n\t\t\t\t\t<div class=\"elementor-column elementor-col-50 elementor-inner-column elementor-element elementor-element-5644e1e\" data-id=\"5644e1e\" data-element_type=\"column\" data-e-type=\"column\">\n\t\t\t<div class=\"elementor-widget-wrap elementor-element-populated\">\n\t\t\t\t\t\t\t<\/div>\n\t\t<\/div>\n\t\t\t\t<div class=\"elementor-column elementor-col-50 elementor-inner-column elementor-element elementor-element-056674d\" data-id=\"056674d\" data-element_type=\"column\" data-e-type=\"column\">\n\t\t\t<div class=\"elementor-widget-wrap\">\n\t\t\t\t\t\t\t<\/div>\n\t\t<\/div>\n\t\t\t\t\t<\/div>\n\t\t<\/section>\n\t\t\t\t\t<\/div>\n\t\t<\/div>\n\t\t\t\t\t<\/div>\n\t\t<\/section>\n\t\t\t\t<section class=\"elementor-section elementor-top-section elementor-element elementor-element-2def154 elementor-section-boxed elementor-section-height-default elementor-section-height-default\" data-id=\"2def154\" data-element_type=\"section\" data-e-type=\"section\">\n\t\t\t\t\t\t<div class=\"elementor-container elementor-column-gap-default\">\n\t\t\t\t\t<div class=\"elementor-column elementor-col-50 elementor-top-column elementor-element elementor-element-523c929\" data-id=\"523c929\" data-element_type=\"column\" data-e-type=\"column\">\n\t\t\t<div class=\"elementor-widget-wrap elementor-element-populated\">\n\t\t\t\t\t\t<div class=\"elementor-element elementor-element-c4c849d elementor-widget elementor-widget-heading\" data-id=\"c4c849d\" data-element_type=\"widget\" data-e-type=\"widget\" data-widget_type=\"heading.default\">\n\t\t\t\t<div class=\"elementor-widget-container\">\n\t\t\t\t\t<h2 class=\"elementor-heading-title elementor-size-default\">Ergebnis TCT - 4-j\u00e4hrige Pferde Alkmaar ZEturf Arena<\/h2>\t\t\t\t<\/div>\n\t\t\t\t<\/div>\n\t\t\t\t<div class=\"elementor-element elementor-element-1522ecc elementor-widget-divider--view-line elementor-widget elementor-widget-divider\" data-id=\"1522ecc\" data-element_type=\"widget\" data-e-type=\"widget\" data-widget_type=\"divider.default\">\n\t\t\t\t<div class=\"elementor-widget-container\">\n\t\t\t\t\t\t\t<div class=\"elementor-divider\">\n\t\t\t<span class=\"elementor-divider-separator\">\n\t\t\t\t\t\t<\/span>\n\t\t<\/div>\n\t\t\t\t\t\t<\/div>\n\t\t\t\t<\/div>\n\t\t\t\t<div class=\"elementor-element elementor-element-a92cd82 elementor-widget elementor-widget-text-editor\" data-id=\"a92cd82\" data-element_type=\"widget\" data-e-type=\"widget\" data-widget_type=\"text-editor.default\">\n\t\t\t\t<div class=\"elementor-widget-container\">\n\t\t\t\t\t\t\t\t\t<p><b>Merwestaal Moerdijk TCT Satelliten Rennen f\u00fcr Vierj\u00e4hrige Pferde<\/b><\/p>\n<p>Distanz: 2.060 meter, autostart<br \/>\nDotierung: \u20ac. 2.750,&#8211; + Zuchtpr\u00e4mie<\/p>\n\n<table id=\"tablepress-98\" class=\"tablepress tablepress-id-98\">\n<thead>\n<tr class=\"row-1\">\n\t<th class=\"column-1\">plaats:<\/th><th class=\"column-2\">paard:<\/th><th class=\"column-3\">pikeur:<\/th><th class=\"column-4\">km-tijd<\/th><th class=\"column-5\">prijs:<\/th>\n<\/tr>\n<\/thead>\n<tbody class=\"row-striping row-hover\">\n<tr class=\"row-2\">\n\t<td class=\"column-1\">1<\/td><td class=\"column-2\">Mick N. Boko<\/td><td class=\"column-3\">Tom Kooyman<\/td><td class=\"column-4\">1.19,2<\/td><td class=\"column-5\">\u20ac 1.350<\/td>\n<\/tr>\n<tr class=\"row-3\">\n\t<td class=\"column-1\">2<\/td><td class=\"column-2\">Mirone TS<\/td><td class=\"column-3\">Jeffrey Mieras<\/td><td class=\"column-4\">1.20,3<\/td><td class=\"column-5\">\u20ac 600,&#8211;<\/td>\n<\/tr>\n<tr class=\"row-4\">\n\t<td class=\"column-1\">3<\/td><td class=\"column-2\">Maintiendrez Amis<\/td><td class=\"column-3\">Serv\u00e9 Dassen<\/td><td class=\"column-4\">1.20,5<\/td><td class=\"column-5\">\u20ac 350,&#8211;<\/td>\n<\/tr>\n<tr class=\"row-5\">\n\t<td class=\"column-1\">4<\/td><td class=\"column-2\">Mexx Lady<\/td><td class=\"column-3\">Rick Wester<\/td><td class=\"column-4\">1.20,6<\/td><td class=\"column-5\">\u20ac 250,&#8211;<\/td>\n<\/tr>\n<tr class=\"row-6\">\n\t<td class=\"column-1\">5<\/td><td class=\"column-2\">Milou Swagerman<\/td><td class=\"column-3\">Frans v.d. Blonk<\/td><td class=\"column-4\">1.21,0<\/td><td class=\"column-5\">\u20ac 200,&#8211;<\/td>\n<\/tr>\n<tr class=\"row-7\">\n\t<td class=\"column-1\">a<\/td><td class=\"column-2\">Velten Principessa<\/td><td class=\"column-3\">Simon Woudstra<\/td><td class=\"column-4\">&#8211;<\/td><td class=\"column-5\">&#8211;<\/td>\n<\/tr>\n<\/tbody>\n<\/table>\n<!-- #tablepress-98 from cache -->\n<p><b>Mick N Boko<\/b><br \/>\nschwarzbrauner Hengst V. Propulsion M. Bathilda Bagshot MV. Ready Cash<\/p>\n<p>Besitzer: R.J.P. Goudsblom e.a.<br \/>\nZ\u00fcchter: Boko Stables Holland B.V.<br \/>\nTrainer: Jeroen Engwerda<\/p>\n\t\t\t\t\t\t\t\t<\/div>\n\t\t\t\t<\/div>\n\t\t\t\t\t<\/div>\n\t\t<\/div>\n\t\t\t\t<div class=\"elementor-column elementor-col-50 elementor-top-column elementor-element elementor-element-daf1e6f\" data-id=\"daf1e6f\" data-element_type=\"column\" data-e-type=\"column\">\n\t\t\t<div class=\"elementor-widget-wrap elementor-element-populated\">\n\t\t\t\t\t\t<div class=\"elementor-element elementor-element-de52194 elementor-widget elementor-widget-image\" data-id=\"de52194\" data-element_type=\"widget\" data-e-type=\"widget\" data-widget_type=\"image.default\">\n\t\t\t\t<div class=\"elementor-widget-container\">\n\t\t\t\t\t\t\t\t\t\t\t\t\t\t\t<img fetchpriority=\"high\" decoding=\"async\" width=\"1024\" height=\"683\" src=\"https:\/\/trottingclassicstour.com\/wp-content\/uploads\/2023\/04\/sat_alkmaar_4j-1024x683.jpg\" class=\"attachment-large size-large wp-image-4656\" alt=\"\" srcset=\"https:\/\/trottingclassicstour.com\/wp-content\/uploads\/2023\/04\/sat_alkmaar_4j-1024x683.jpg 1024w, https:\/\/trottingclassicstour.com\/wp-content\/uploads\/2023\/04\/sat_alkmaar_4j-300x200.jpg 300w, https:\/\/trottingclassicstour.com\/wp-content\/uploads\/2023\/04\/sat_alkmaar_4j-768x512.jpg 768w, https:\/\/trottingclassicstour.com\/wp-content\/uploads\/2023\/04\/sat_alkmaar_4j-1536x1024.jpg 1536w, https:\/\/trottingclassicstour.com\/wp-content\/uploads\/2023\/04\/sat_alkmaar_4j-2048x1365.jpg 2048w\" sizes=\"(max-width: 1024px) 100vw, 1024px\" \/>\t\t\t\t\t\t\t\t\t\t\t\t\t\t\t<\/div>\n\t\t\t\t<\/div>\n\t\t\t\t\t<\/div>\n\t\t<\/div>\n\t\t\t\t\t<\/div>\n\t\t<\/section>\n\t\t\t\t<\/div>\n\t\t","protected":false},"excerpt":{"rendered":"<p>Ergebnis TCT &#8211; 4-j\u00e4hrige Pferde Alkmaar ZEturf Arena Merwestaal Moerdijk TCT Satelliten Rennen f\u00fcr Vierj\u00e4hrige Pferde Distanz: 2.060 meter, autostart Dotierung: \u20ac. 2.750,&#8211; + Zuchtpr\u00e4mie Mick N Boko schwarzbrauner Hengst V. Propulsion M. Bathilda Bagshot MV. Ready Cash Besitzer: R.J.P. Goudsblom e.a. Z\u00fcchter: Boko Stables Holland B.V. Trainer: Jeroen Engwerda<\/p>\n","protected":false},"author":1,"featured_media":0,"parent":0,"menu_order":0,"comment_status":"closed","ping_status":"closed","template":"","meta":{"site-sidebar-layout":"no-sidebar","site-content-layout":"page-builder","ast-site-content-layout":"default","site-content-style":"default","site-sidebar-style":"default","ast-global-header-display":"","ast-banner-title-visibility":"","ast-main-header-display":"","ast-hfb-above-header-display":"","ast-hfb-below-header-display":"","ast-hfb-mobile-header-display":"","site-post-title":"disabled","ast-breadcrumbs-content":"","ast-featured-img":"disabled","footer-sml-layout":"","ast-disable-related-posts":"","theme-transparent-header-meta":"default","adv-header-id-meta":"","stick-header-meta":"","header-above-stick-meta":"","header-main-stick-meta":"","header-below-stick-meta":"","astra-migrate-meta-layouts":"default","ast-page-background-enabled":"default","ast-page-background-meta":{"desktop":{"background-color":"","background-image":"","background-repeat":"repeat","background-position":"center center","background-size":"auto","background-attachment":"scroll","background-type":"","background-media":"","overlay-type":"","overlay-color":"","overlay-opacity":"","overlay-gradient":""},"tablet":{"background-color":"","background-image":"","background-repeat":"repeat","background-position":"center center","background-size":"auto","background-attachment":"scroll","background-type":"","background-media":"","overlay-type":"","overlay-color":"","overlay-opacity":"","overlay-gradient":""},"mobile":{"background-color":"","background-image":"","background-repeat":"repeat","background-position":"center center","background-size":"auto","background-attachment":"scroll","background-type":"","background-media":"","overlay-type":"","overlay-color":"","overlay-opacity":"","overlay-gradient":""}},"ast-content-background-meta":{"desktop":{"background-color":"var(--ast-global-color-5)","background-image":"","background-repeat":"repeat","background-position":"center center","background-size":"auto","background-attachment":"scroll","background-type":"","background-media":"","overlay-type":"","overlay-color":"","overlay-opacity":"","overlay-gradient":""},"tablet":{"background-color":"var(--ast-global-color-5)","background-image":"","background-repeat":"repeat","background-position":"center center","background-size":"auto","background-attachment":"scroll","background-type":"","background-media":"","overlay-type":"","overlay-color":"","overlay-opacity":"","overlay-gradient":""},"mobile":{"background-color":"var(--ast-global-color-5)","background-image":"","background-repeat":"repeat","background-position":"center center","background-size":"auto","background-attachment":"scroll","background-type":"","background-media":"","overlay-type":"","overlay-color":"","overlay-opacity":"","overlay-gradient":""}},"footnotes":""},"class_list":["post-4680","page","type-page","status-publish","hentry"],"_links":{"self":[{"href":"https:\/\/trottingclassicstour.com\/de\/wp-json\/wp\/v2\/pages\/4680","targetHints":{"allow":["GET"]}}],"collection":[{"href":"https:\/\/trottingclassicstour.com\/de\/wp-json\/wp\/v2\/pages"}],"about":[{"href":"https:\/\/trottingclassicstour.com\/de\/wp-json\/wp\/v2\/types\/page"}],"author":[{"embeddable":true,"href":"https:\/\/trottingclassicstour.com\/de\/wp-json\/wp\/v2\/users\/1"}],"replies":[{"embeddable":true,"href":"https:\/\/trottingclassicstour.com\/de\/wp-json\/wp\/v2\/comments?post=4680"}],"version-history":[{"count":1,"href":"https:\/\/trottingclassicstour.com\/de\/wp-json\/wp\/v2\/pages\/4680\/revisions"}],"predecessor-version":[{"id":4681,"href":"https:\/\/trottingclassicstour.com\/de\/wp-json\/wp\/v2\/pages\/4680\/revisions\/4681"}],"wp:attachment":[{"href":"https:\/\/trottingclassicstour.com\/de\/wp-json\/wp\/v2\/media?parent=4680"}],"curies":[{"name":"wp","href":"https:\/\/api.w.org\/{rel}","templated":true}]}}