{"id":6779,"date":"2024-05-29T07:49:56","date_gmt":"2024-05-29T07:49:56","guid":{"rendered":"https:\/\/trottingclassicstour.com\/25-05-2024-wolvega\/"},"modified":"2024-05-29T07:49:57","modified_gmt":"2024-05-29T07:49:57","slug":"25-05-2024-wolvega","status":"publish","type":"page","link":"https:\/\/trottingclassicstour.com\/de\/25-05-2024-wolvega\/","title":{"rendered":"25.05.2024 &#8211; Wolvega"},"content":{"rendered":"\t\t<div data-elementor-type=\"wp-page\" data-elementor-id=\"6779\" class=\"elementor elementor-6779 elementor-6769\" data-elementor-post-type=\"page\">\n\t\t\t\t\t\t<section class=\"elementor-section elementor-top-section elementor-element elementor-element-7d37037 elementor-section-full_width elementor-section-height-default elementor-section-height-default\" data-id=\"7d37037\" data-element_type=\"section\" data-e-type=\"section\">\n\t\t\t\t\t\t<div class=\"elementor-container elementor-column-gap-default\">\n\t\t\t\t\t<div class=\"elementor-column elementor-col-100 elementor-top-column elementor-element elementor-element-e5efbce\" data-id=\"e5efbce\" data-element_type=\"column\" data-e-type=\"column\" data-settings=\"{&quot;background_background&quot;:&quot;classic&quot;}\">\n\t\t\t<div class=\"elementor-widget-wrap elementor-element-populated\">\n\t\t\t\t\t\t<section class=\"elementor-section elementor-inner-section elementor-element elementor-element-3ea9199 elementor-section-boxed elementor-section-height-default elementor-section-height-default\" data-id=\"3ea9199\" data-element_type=\"section\" data-e-type=\"section\">\n\t\t\t\t\t\t<div class=\"elementor-container elementor-column-gap-default\">\n\t\t\t\t\t<div class=\"elementor-column elementor-col-50 elementor-inner-column elementor-element elementor-element-5644e1e\" data-id=\"5644e1e\" data-element_type=\"column\" data-e-type=\"column\">\n\t\t\t<div class=\"elementor-widget-wrap elementor-element-populated\">\n\t\t\t\t\t\t\t<\/div>\n\t\t<\/div>\n\t\t\t\t<div class=\"elementor-column elementor-col-50 elementor-inner-column elementor-element elementor-element-056674d\" data-id=\"056674d\" data-element_type=\"column\" data-e-type=\"column\">\n\t\t\t<div class=\"elementor-widget-wrap\">\n\t\t\t\t\t\t\t<\/div>\n\t\t<\/div>\n\t\t\t\t\t<\/div>\n\t\t<\/section>\n\t\t\t\t\t<\/div>\n\t\t<\/div>\n\t\t\t\t\t<\/div>\n\t\t<\/section>\n\t\t\t\t<section class=\"elementor-section elementor-top-section elementor-element elementor-element-2def154 elementor-section-boxed elementor-section-height-default elementor-section-height-default\" data-id=\"2def154\" data-element_type=\"section\" data-e-type=\"section\">\n\t\t\t\t\t\t<div class=\"elementor-container elementor-column-gap-default\">\n\t\t\t\t\t<div class=\"elementor-column elementor-col-50 elementor-top-column elementor-element elementor-element-523c929\" data-id=\"523c929\" data-element_type=\"column\" data-e-type=\"column\">\n\t\t\t<div class=\"elementor-widget-wrap elementor-element-populated\">\n\t\t\t\t\t\t<div class=\"elementor-element elementor-element-c4c849d elementor-widget elementor-widget-heading\" data-id=\"c4c849d\" data-element_type=\"widget\" data-e-type=\"widget\" data-widget_type=\"heading.default\">\n\t\t\t\t<div class=\"elementor-widget-container\">\n\t\t\t\t\t<h2 class=\"elementor-heading-title elementor-size-default\">Ergebnis TCT - VierjVierj\u00e4hrigen Satelliten Rennen - Wolvega, Holland<\/h2>\t\t\t\t<\/div>\n\t\t\t\t<\/div>\n\t\t\t\t<div class=\"elementor-element elementor-element-1522ecc elementor-widget-divider--view-line elementor-widget elementor-widget-divider\" data-id=\"1522ecc\" data-element_type=\"widget\" data-e-type=\"widget\" data-widget_type=\"divider.default\">\n\t\t\t\t<div class=\"elementor-widget-container\">\n\t\t\t\t\t\t\t<div class=\"elementor-divider\">\n\t\t\t<span class=\"elementor-divider-separator\">\n\t\t\t\t\t\t<\/span>\n\t\t<\/div>\n\t\t\t\t\t\t<\/div>\n\t\t\t\t<\/div>\n\t\t\t\t<div class=\"elementor-element elementor-element-a92cd82 elementor-widget elementor-widget-text-editor\" data-id=\"a92cd82\" data-element_type=\"widget\" data-e-type=\"widget\" data-widget_type=\"text-editor.default\">\n\t\t\t\t<div class=\"elementor-widget-container\">\n\t\t\t\t\t\t\t\t\t<p><b>Prix M\u00fcnchen Daglfing TCT Vierj\u00e4hrigen Satelliten Rennen<\/b><\/p>\n<p>Distanz: 2.100 meter, Autostart<br \/>\nDotierung: \u20ac. 6.000,&#8211; + Zuchtpr\u00e4mie<\/p>\n\n<table id=\"tablepress-149\" class=\"tablepress tablepress-id-149\">\n<thead>\n<tr class=\"row-1\">\n\t<th class=\"column-1\">plaats:<\/th><th class=\"column-2\">paard:<\/th><th class=\"column-3\">pikeur:<\/th><th class=\"column-4\">km-tijd<\/th><th class=\"column-5\">prijs:<\/th>\n<\/tr>\n<\/thead>\n<tbody class=\"row-striping row-hover\">\n<tr class=\"row-2\">\n\t<td class=\"column-1\">1<\/td><td class=\"column-2\">Novato<\/td><td class=\"column-3\">Jeffrey Mieras<\/td><td class=\"column-4\">1.13,7<\/td><td class=\"column-5\">\u20ac 2,000,&#8211;<\/td>\n<\/tr>\n<tr class=\"row-3\">\n\t<td class=\"column-1\">2<\/td><td class=\"column-2\">Quick Bo<\/td><td class=\"column-3\">Michael Nimczyk<\/td><td class=\"column-4\">1.13,7<\/td><td class=\"column-5\">\u20ac 1.000,&#8211;<\/td>\n<\/tr>\n<tr class=\"row-4\">\n\t<td class=\"column-1\">3<\/td><td class=\"column-2\">Ekita Indal<\/td><td class=\"column-3\">Micha Brouwer<\/td><td class=\"column-4\">1.14,2<\/td><td class=\"column-5\">\u20ac 1.000,&#8211;<\/td>\n<\/tr>\n<tr class=\"row-5\">\n\t<td class=\"column-1\">4<\/td><td class=\"column-2\">Nervolo<\/td><td class=\"column-3\">Chiel Wildhagen<\/td><td class=\"column-4\">1.14,4<\/td><td class=\"column-5\">\u20ac 750,&#8211;<\/td>\n<\/tr>\n<tr class=\"row-6\">\n\t<td class=\"column-1\">5<\/td><td class=\"column-2\">Normaal<\/td><td class=\"column-3\">Patrick de Haan<\/td><td class=\"column-4\">1.14,8<\/td><td class=\"column-5\">\u20ac 600,&#8211;<\/td>\n<\/tr>\n<tr class=\"row-7\">\n\t<td class=\"column-1\">galop<\/td><td class=\"column-2\">Zoom Diamant<\/td><td class=\"column-3\">Robin Bakker<\/td><td class=\"column-4\">&#8211;<\/td><td class=\"column-5\">&#8211;<\/td>\n<\/tr>\n<\/tbody>\n<\/table>\n<!-- #tablepress-149 from cache -->\n<p><b>Novato<\/b><br \/>\nbrauner Hengst V. Maharajah a.d. Supergirl Mv. Infinitif<\/p>\n<p>Besitzer: Stal Serra E Mar<br \/>\nZ\u00fcchter: Stal Serra E Mar<br \/>\nTrainer: Dion Tesselaar<\/p>\n\t\t\t\t\t\t\t\t<\/div>\n\t\t\t\t<\/div>\n\t\t\t\t\t<\/div>\n\t\t<\/div>\n\t\t\t\t<div class=\"elementor-column elementor-col-50 elementor-top-column elementor-element elementor-element-daf1e6f\" data-id=\"daf1e6f\" data-element_type=\"column\" data-e-type=\"column\">\n\t\t\t<div class=\"elementor-widget-wrap elementor-element-populated\">\n\t\t\t\t\t\t<div class=\"elementor-element elementor-element-de52194 elementor-widget elementor-widget-image\" data-id=\"de52194\" data-element_type=\"widget\" data-e-type=\"widget\" data-widget_type=\"image.default\">\n\t\t\t\t<div class=\"elementor-widget-container\">\n\t\t\t\t\t\t\t\t\t\t\t\t\t\t\t<img fetchpriority=\"high\" decoding=\"async\" width=\"1024\" height=\"683\" src=\"https:\/\/trottingclassicstour.com\/wp-content\/uploads\/2024\/05\/25-05-2024-4jr-satelliet-02-1024x683.jpg\" class=\"attachment-large size-large wp-image-6773\" alt=\"\" srcset=\"https:\/\/trottingclassicstour.com\/wp-content\/uploads\/2024\/05\/25-05-2024-4jr-satelliet-02-1024x683.jpg 1024w, https:\/\/trottingclassicstour.com\/wp-content\/uploads\/2024\/05\/25-05-2024-4jr-satelliet-02-300x200.jpg 300w, https:\/\/trottingclassicstour.com\/wp-content\/uploads\/2024\/05\/25-05-2024-4jr-satelliet-02-768x512.jpg 768w, https:\/\/trottingclassicstour.com\/wp-content\/uploads\/2024\/05\/25-05-2024-4jr-satelliet-02-1536x1024.jpg 1536w, https:\/\/trottingclassicstour.com\/wp-content\/uploads\/2024\/05\/25-05-2024-4jr-satelliet-02-2048x1365.jpg 2048w\" sizes=\"(max-width: 1024px) 100vw, 1024px\" \/>\t\t\t\t\t\t\t\t\t\t\t\t\t\t\t<\/div>\n\t\t\t\t<\/div>\n\t\t\t\t\t<\/div>\n\t\t<\/div>\n\t\t\t\t\t<\/div>\n\t\t<\/section>\n\t\t\t\t<\/div>\n\t\t","protected":false},"excerpt":{"rendered":"<p>Ergebnis TCT &#8211; VierjVierj\u00e4hrigen Satelliten Rennen &#8211; Wolvega, Holland Prix M\u00fcnchen Daglfing TCT Vierj\u00e4hrigen Satelliten Rennen Distanz: 2.100 meter, Autostart Dotierung: \u20ac. 6.000,&#8211; + Zuchtpr\u00e4mie Novato brauner Hengst V. Maharajah a.d. Supergirl Mv. Infinitif Besitzer: Stal Serra E Mar Z\u00fcchter: Stal Serra E Mar Trainer: Dion Tesselaar<\/p>\n","protected":false},"author":1,"featured_media":0,"parent":0,"menu_order":0,"comment_status":"closed","ping_status":"closed","template":"","meta":{"site-sidebar-layout":"no-sidebar","site-content-layout":"page-builder","ast-site-content-layout":"full-width-container","site-content-style":"unboxed","site-sidebar-style":"unboxed","ast-global-header-display":"","ast-banner-title-visibility":"","ast-main-header-display":"","ast-hfb-above-header-display":"","ast-hfb-below-header-display":"","ast-hfb-mobile-header-display":"","site-post-title":"disabled","ast-breadcrumbs-content":"","ast-featured-img":"disabled","footer-sml-layout":"","ast-disable-related-posts":"","theme-transparent-header-meta":"default","adv-header-id-meta":"","stick-header-meta":"","header-above-stick-meta":"","header-main-stick-meta":"","header-below-stick-meta":"","astra-migrate-meta-layouts":"default","ast-page-background-enabled":"default","ast-page-background-meta":{"desktop":{"background-color":"","background-image":"","background-repeat":"repeat","background-position":"center center","background-size":"auto","background-attachment":"scroll","background-type":"","background-media":"","overlay-type":"","overlay-color":"","overlay-opacity":"","overlay-gradient":""},"tablet":{"background-color":"","background-image":"","background-repeat":"repeat","background-position":"center center","background-size":"auto","background-attachment":"scroll","background-type":"","background-media":"","overlay-type":"","overlay-color":"","overlay-opacity":"","overlay-gradient":""},"mobile":{"background-color":"","background-image":"","background-repeat":"repeat","background-position":"center center","background-size":"auto","background-attachment":"scroll","background-type":"","background-media":"","overlay-type":"","overlay-color":"","overlay-opacity":"","overlay-gradient":""}},"ast-content-background-meta":{"desktop":{"background-color":"var(--ast-global-color-5)","background-image":"","background-repeat":"repeat","background-position":"center center","background-size":"auto","background-attachment":"scroll","background-type":"","background-media":"","overlay-type":"","overlay-color":"","overlay-opacity":"","overlay-gradient":""},"tablet":{"background-color":"var(--ast-global-color-5)","background-image":"","background-repeat":"repeat","background-position":"center center","background-size":"auto","background-attachment":"scroll","background-type":"","background-media":"","overlay-type":"","overlay-color":"","overlay-opacity":"","overlay-gradient":""},"mobile":{"background-color":"var(--ast-global-color-5)","background-image":"","background-repeat":"repeat","background-position":"center center","background-size":"auto","background-attachment":"scroll","background-type":"","background-media":"","overlay-type":"","overlay-color":"","overlay-opacity":"","overlay-gradient":""}},"footnotes":""},"class_list":["post-6779","page","type-page","status-publish","hentry"],"_links":{"self":[{"href":"https:\/\/trottingclassicstour.com\/de\/wp-json\/wp\/v2\/pages\/6779","targetHints":{"allow":["GET"]}}],"collection":[{"href":"https:\/\/trottingclassicstour.com\/de\/wp-json\/wp\/v2\/pages"}],"about":[{"href":"https:\/\/trottingclassicstour.com\/de\/wp-json\/wp\/v2\/types\/page"}],"author":[{"embeddable":true,"href":"https:\/\/trottingclassicstour.com\/de\/wp-json\/wp\/v2\/users\/1"}],"replies":[{"embeddable":true,"href":"https:\/\/trottingclassicstour.com\/de\/wp-json\/wp\/v2\/comments?post=6779"}],"version-history":[{"count":1,"href":"https:\/\/trottingclassicstour.com\/de\/wp-json\/wp\/v2\/pages\/6779\/revisions"}],"predecessor-version":[{"id":6780,"href":"https:\/\/trottingclassicstour.com\/de\/wp-json\/wp\/v2\/pages\/6779\/revisions\/6780"}],"wp:attachment":[{"href":"https:\/\/trottingclassicstour.com\/de\/wp-json\/wp\/v2\/media?parent=6779"}],"curies":[{"name":"wp","href":"https:\/\/api.w.org\/{rel}","templated":true}]}}