{"id":922,"date":"2020-10-14T10:40:28","date_gmt":"2020-10-14T10:40:28","guid":{"rendered":"http:\/\/trottingclassicstour.com\/tct-programm\/"},"modified":"2023-10-27T11:16:19","modified_gmt":"2023-10-27T11:16:19","slug":"tct-programm","status":"publish","type":"page","link":"https:\/\/trottingclassicstour.com\/de\/tct-programm\/","title":{"rendered":"TCT-programm"},"content":{"rendered":"\t\t<div data-elementor-type=\"wp-page\" data-elementor-id=\"922\" class=\"elementor elementor-922 elementor-221\" data-elementor-post-type=\"page\">\n\t\t\t\t\t\t<section class=\"elementor-section elementor-top-section elementor-element elementor-element-7d37037 elementor-section-full_width elementor-section-height-default elementor-section-height-default\" data-id=\"7d37037\" data-element_type=\"section\" data-e-type=\"section\">\n\t\t\t\t\t\t<div class=\"elementor-container elementor-column-gap-default\">\n\t\t\t\t\t<div class=\"elementor-column elementor-col-100 elementor-top-column elementor-element elementor-element-e5efbce\" data-id=\"e5efbce\" data-element_type=\"column\" data-e-type=\"column\" data-settings=\"{&quot;background_background&quot;:&quot;classic&quot;}\">\n\t\t\t<div class=\"elementor-widget-wrap elementor-element-populated\">\n\t\t\t\t\t\t<section class=\"elementor-section elementor-inner-section elementor-element elementor-element-3ea9199 elementor-section-boxed elementor-section-height-default elementor-section-height-default\" data-id=\"3ea9199\" data-element_type=\"section\" data-e-type=\"section\">\n\t\t\t\t\t\t<div class=\"elementor-container elementor-column-gap-default\">\n\t\t\t\t\t<div class=\"elementor-column elementor-col-50 elementor-inner-column elementor-element elementor-element-5644e1e\" data-id=\"5644e1e\" data-element_type=\"column\" data-e-type=\"column\">\n\t\t\t<div class=\"elementor-widget-wrap elementor-element-populated\">\n\t\t\t\t\t\t\t<\/div>\n\t\t<\/div>\n\t\t\t\t<div class=\"elementor-column elementor-col-50 elementor-inner-column elementor-element elementor-element-056674d\" data-id=\"056674d\" data-element_type=\"column\" data-e-type=\"column\">\n\t\t\t<div class=\"elementor-widget-wrap\">\n\t\t\t\t\t\t\t<\/div>\n\t\t<\/div>\n\t\t\t\t\t<\/div>\n\t\t<\/section>\n\t\t\t\t\t<\/div>\n\t\t<\/div>\n\t\t\t\t\t<\/div>\n\t\t<\/section>\n\t\t\t\t<section class=\"elementor-section elementor-top-section elementor-element elementor-element-409296a elementor-section-boxed elementor-section-height-default elementor-section-height-default\" data-id=\"409296a\" data-element_type=\"section\" data-e-type=\"section\">\n\t\t\t\t\t\t<div class=\"elementor-container elementor-column-gap-default\">\n\t\t\t\t\t<div class=\"elementor-column elementor-col-66 elementor-top-column elementor-element elementor-element-50506f2\" data-id=\"50506f2\" data-element_type=\"column\" data-e-type=\"column\">\n\t\t\t<div class=\"elementor-widget-wrap elementor-element-populated\">\n\t\t\t\t\t\t<div class=\"elementor-element elementor-element-60669d1 elementor-widget elementor-widget-heading\" data-id=\"60669d1\" data-element_type=\"widget\" data-e-type=\"widget\" data-widget_type=\"heading.default\">\n\t\t\t\t<div class=\"elementor-widget-container\">\n\t\t\t\t\t<h2 class=\"elementor-heading-title elementor-size-default\">die Strategie<\/h2>\t\t\t\t<\/div>\n\t\t\t\t<\/div>\n\t\t\t\t<div class=\"elementor-element elementor-element-a27f5cd elementor-widget-divider--view-line elementor-widget elementor-widget-divider\" data-id=\"a27f5cd\" data-element_type=\"widget\" data-e-type=\"widget\" data-widget_type=\"divider.default\">\n\t\t\t\t<div class=\"elementor-widget-container\">\n\t\t\t\t\t\t\t<div class=\"elementor-divider\">\n\t\t\t<span class=\"elementor-divider-separator\">\n\t\t\t\t\t\t<\/span>\n\t\t<\/div>\n\t\t\t\t\t\t<\/div>\n\t\t\t\t<\/div>\n\t\t\t\t<div class=\"elementor-element elementor-element-78d7db4 elementor-widget elementor-widget-text-editor\" data-id=\"78d7db4\" data-element_type=\"widget\" data-e-type=\"widget\" data-widget_type=\"text-editor.default\">\n\t\t\t\t<div class=\"elementor-widget-container\">\n\t\t\t\t\t\t\t\t\t<ul><li>Gr\u00fcndung einer neuen Organisation, der Trotting Classics Tour (TCT), um die klassischen Rennen f\u00fcr zwei-, drei- und vierj\u00e4hrige Pferde zu unterst\u00fctzen<\/li><li>Der Ansatz umfasst jedes Jahr 20 neue internationale klassische Rennen mit einem zus\u00e4tzlichen Preisgeld von insgesamt 500.000 Euro pro Jahr ab dem (Geburts-) Jahr 2019<\/li><li>Der Gewinner des internationalen 2, 3 und 4 J\u00e4hrigen Derby erh\u00e4lt einen Bonus von 100.000 Euro (Triple Crown). Triple Crown ist f\u00fcr das Pferd, das in drei aufeinander folgenden Jahren das Derby gewinnt (Nur f\u00fcr Pferde der Jahrg\u00e4nge 2019, 2020 und 2021)<\/li><li>Ausschreibung f\u00fcr unter anderem 5 neuen internationalen Derbys:<br \/>&#8211; Int. Derby der Lage Landen f\u00fcr 2-j\u00e4hrige Pferde mit 45.000 Euro Preisgeld (inklusive Trostlauf)<br \/>&#8211; Int. Derby der Lage Landen f\u00fcr 3-j\u00e4hrige Pferde mit 110.000 Euro Preisgeld (inklusive Trostlauf)<br \/>&#8211; Int. Derby der Lage Landen f\u00fcr 3-j\u00e4hrige Stuten mit 50.000 Euro Preisgeld<br \/>&#8211; Int. Derby der Lage Landen f\u00fcr 4-j\u00e4hrige Pferde mit 58.000 Euro Preisgeld (inklusive Trostlauf)<br \/>&#8211; Int. Derby der Lage Landen f\u00fcr 4-j\u00e4hrige Stuten mit 30.000 Euro Preisgeld<\/li><li>M\u00f6glichkeit f\u00fcr Besitzer, mit 1 Pferd an 2 Derbys in einer Saison teilzunehmen. Sie k\u00f6nnen am Derby in Ihrem eigenen Land teilnehmen und auch am &#8222;Derby der Lage Landen&#8220; teilnehmen.<\/li><li>Z\u00fcchter profitieren von der Wertsteigerung ihrer Produkte.<\/li><li>Anreiz f\u00fcr den Sport: Im Vorfeld der klassischen TCT Rennen werden j\u00e4hrlich 25 TCT Satellit Rennen auf mehreren Rennstrecken abgehalten. Besitzer k\u00f6nnen ihren &#8222;Lieblings&#8220; Strecke starten. Dar\u00fcber hinaus werden aufgrund der Entstehung gro\u00dfer Rennen mit viel Preisgeld mehr Pferde gez\u00fcchtet, die Preise f\u00fcr J\u00e4hrlinge steigen und das Interesse an unserem Sport steigt. Mehr Pferde bedeuten mehr Rennen, mehr Wettumsatz, mehr Zahlungen f\u00fcr den Sport und eine realistischere Chance, sein Hobby f\u00fcr alle erschwinglich zu halten und die Profis bessere Einnahmen erzielen zu lassen.<\/li><li>J\u00e4hrlinge, die bei WIYS verkauft wurden (Wolvega International Yearling Sale), erhalten 50 Prozent ihres ersten Eintrittsgeldes vom WIYS zur\u00fcck erstattet<\/li><li>Trabrennen gewinnt internationale Anziehungskraft zur\u00fcck.<\/li><li>Trab-Sport bekommt einen riesigen &#8222;BOOST&#8220; und macht das Z\u00fcchten und Halten von Pferden wieder interessant.<\/li><li>Der Trabrennsport wird wieder wachsen, so dass der Sport langfristig sichergestellt werden kann.<\/li><li>Ein gro\u00dfer Teil des j\u00e4hrlich verf\u00fcgbaren Preisgeldes von \u20ac. 500.000 werden aus Sponsorenbeitr\u00e4gen und Beitr\u00e4gen aus den organisierenden Rennstrecken finanziert (derzeit ca. 100.000 \u20ac pro Jahr). Der Rest wird aus den Einlagen und Startgelder finanziert. Das TCT-Programm ist daher keine klassische &#8222;Zigarre aus der eigenen Schachtel&#8220; -Geschichte!<\/li><\/ul>\t\t\t\t\t\t\t\t<\/div>\n\t\t\t\t<\/div>\n\t\t\t\t\t<\/div>\n\t\t<\/div>\n\t\t\t\t<div class=\"elementor-column elementor-col-33 elementor-top-column elementor-element elementor-element-8a02253\" data-id=\"8a02253\" data-element_type=\"column\" data-e-type=\"column\" data-settings=\"{&quot;background_background&quot;:&quot;classic&quot;}\">\n\t\t\t<div class=\"elementor-widget-wrap elementor-element-populated\">\n\t\t\t\t\t\t<div class=\"elementor-element elementor-element-4ddf487 elementor-widget elementor-widget-image\" data-id=\"4ddf487\" data-element_type=\"widget\" data-e-type=\"widget\" data-widget_type=\"image.default\">\n\t\t\t\t<div class=\"elementor-widget-container\">\n\t\t\t\t\t\t\t\t\t\t\t\t\t\t\t<img fetchpriority=\"high\" decoding=\"async\" width=\"729\" height=\"1024\" src=\"https:\/\/trottingclassicstour.com\/wp-content\/uploads\/2020\/09\/nivard-729x1024.jpg\" class=\"attachment-large size-large wp-image-703\" alt=\"\" srcset=\"https:\/\/trottingclassicstour.com\/wp-content\/uploads\/2020\/09\/nivard-729x1024.jpg 729w, https:\/\/trottingclassicstour.com\/wp-content\/uploads\/2020\/09\/nivard-214x300.jpg 214w, https:\/\/trottingclassicstour.com\/wp-content\/uploads\/2020\/09\/nivard-768x1079.jpg 768w, https:\/\/trottingclassicstour.com\/wp-content\/uploads\/2020\/09\/nivard.jpg 900w\" sizes=\"(max-width: 729px) 100vw, 729px\" \/>\t\t\t\t\t\t\t\t\t\t\t\t\t\t\t<\/div>\n\t\t\t\t<\/div>\n\t\t\t\t\t<\/div>\n\t\t<\/div>\n\t\t\t\t\t<\/div>\n\t\t<\/section>\n\t\t\t\t<\/div>\n\t\t","protected":false},"excerpt":{"rendered":"<p>die Strategie Gr\u00fcndung einer neuen Organisation, der Trotting Classics Tour (TCT), um die klassischen Rennen f\u00fcr zwei-, drei- und vierj\u00e4hrige Pferde zu unterst\u00fctzen Der Ansatz umfasst jedes Jahr 20 neue internationale klassische Rennen mit einem zus\u00e4tzlichen Preisgeld von insgesamt 500.000 Euro pro Jahr ab dem (Geburts-) Jahr 2019 Der Gewinner des internationalen 2, 3 und [&hellip;]<\/p>\n","protected":false},"author":1,"featured_media":0,"parent":0,"menu_order":0,"comment_status":"closed","ping_status":"closed","template":"","meta":{"site-sidebar-layout":"no-sidebar","site-content-layout":"page-builder","ast-site-content-layout":"default","site-content-style":"default","site-sidebar-style":"default","ast-global-header-display":"","ast-banner-title-visibility":"","ast-main-header-display":"","ast-hfb-above-header-display":"","ast-hfb-below-header-display":"","ast-hfb-mobile-header-display":"","site-post-title":"disabled","ast-breadcrumbs-content":"","ast-featured-img":"disabled","footer-sml-layout":"","ast-disable-related-posts":"","theme-transparent-header-meta":"","adv-header-id-meta":"","stick-header-meta":"","header-above-stick-meta":"","header-main-stick-meta":"","header-below-stick-meta":"","astra-migrate-meta-layouts":"default","ast-page-background-enabled":"default","ast-page-background-meta":{"desktop":{"background-color":"","background-image":"","background-repeat":"repeat","background-position":"center center","background-size":"auto","background-attachment":"scroll","background-type":"","background-media":"","overlay-type":"","overlay-color":"","overlay-opacity":"","overlay-gradient":""},"tablet":{"background-color":"","background-image":"","background-repeat":"repeat","background-position":"center center","background-size":"auto","background-attachment":"scroll","background-type":"","background-media":"","overlay-type":"","overlay-color":"","overlay-opacity":"","overlay-gradient":""},"mobile":{"background-color":"","background-image":"","background-repeat":"repeat","background-position":"center center","background-size":"auto","background-attachment":"scroll","background-type":"","background-media":"","overlay-type":"","overlay-color":"","overlay-opacity":"","overlay-gradient":""}},"ast-content-background-meta":{"desktop":{"background-color":"var(--ast-global-color-5)","background-image":"","background-repeat":"repeat","background-position":"center center","background-size":"auto","background-attachment":"scroll","background-type":"","background-media":"","overlay-type":"","overlay-color":"","overlay-opacity":"","overlay-gradient":""},"tablet":{"background-color":"var(--ast-global-color-5)","background-image":"","background-repeat":"repeat","background-position":"center center","background-size":"auto","background-attachment":"scroll","background-type":"","background-media":"","overlay-type":"","overlay-color":"","overlay-opacity":"","overlay-gradient":""},"mobile":{"background-color":"var(--ast-global-color-5)","background-image":"","background-repeat":"repeat","background-position":"center center","background-size":"auto","background-attachment":"scroll","background-type":"","background-media":"","overlay-type":"","overlay-color":"","overlay-opacity":"","overlay-gradient":""}},"footnotes":""},"class_list":["post-922","page","type-page","status-publish","hentry"],"_links":{"self":[{"href":"https:\/\/trottingclassicstour.com\/de\/wp-json\/wp\/v2\/pages\/922","targetHints":{"allow":["GET"]}}],"collection":[{"href":"https:\/\/trottingclassicstour.com\/de\/wp-json\/wp\/v2\/pages"}],"about":[{"href":"https:\/\/trottingclassicstour.com\/de\/wp-json\/wp\/v2\/types\/page"}],"author":[{"embeddable":true,"href":"https:\/\/trottingclassicstour.com\/de\/wp-json\/wp\/v2\/users\/1"}],"replies":[{"embeddable":true,"href":"https:\/\/trottingclassicstour.com\/de\/wp-json\/wp\/v2\/comments?post=922"}],"version-history":[{"count":22,"href":"https:\/\/trottingclassicstour.com\/de\/wp-json\/wp\/v2\/pages\/922\/revisions"}],"predecessor-version":[{"id":5912,"href":"https:\/\/trottingclassicstour.com\/de\/wp-json\/wp\/v2\/pages\/922\/revisions\/5912"}],"wp:attachment":[{"href":"https:\/\/trottingclassicstour.com\/de\/wp-json\/wp\/v2\/media?parent=922"}],"curies":[{"name":"wp","href":"https:\/\/api.w.org\/{rel}","templated":true}]}}