{"id":933,"date":"2020-10-14T13:49:27","date_gmt":"2020-10-14T13:49:27","guid":{"rendered":"http:\/\/trottingclassicstour.com\/frequently-asked-questions\/"},"modified":"2021-01-25T15:03:31","modified_gmt":"2021-01-25T15:03:31","slug":"frequently-asked-questions","status":"publish","type":"page","link":"https:\/\/trottingclassicstour.com\/de\/frequently-asked-questions\/","title":{"rendered":"Frequently Asked Questions"},"content":{"rendered":"\t\t<div data-elementor-type=\"wp-page\" data-elementor-id=\"933\" class=\"elementor elementor-933 elementor-398\" data-elementor-post-type=\"page\">\n\t\t\t\t\t\t<section class=\"elementor-section elementor-top-section elementor-element elementor-element-7d37037 elementor-section-full_width elementor-section-height-default elementor-section-height-default\" data-id=\"7d37037\" data-element_type=\"section\" data-e-type=\"section\">\n\t\t\t\t\t\t<div class=\"elementor-container elementor-column-gap-default\">\n\t\t\t\t\t<div class=\"elementor-column elementor-col-100 elementor-top-column elementor-element elementor-element-e5efbce\" data-id=\"e5efbce\" data-element_type=\"column\" data-e-type=\"column\" data-settings=\"{&quot;background_background&quot;:&quot;classic&quot;}\">\n\t\t\t<div class=\"elementor-widget-wrap elementor-element-populated\">\n\t\t\t\t\t\t<section class=\"elementor-section elementor-inner-section elementor-element elementor-element-3ea9199 elementor-section-boxed elementor-section-height-default elementor-section-height-default\" data-id=\"3ea9199\" data-element_type=\"section\" data-e-type=\"section\">\n\t\t\t\t\t\t<div class=\"elementor-container elementor-column-gap-default\">\n\t\t\t\t\t<div class=\"elementor-column elementor-col-50 elementor-inner-column elementor-element elementor-element-5644e1e\" data-id=\"5644e1e\" data-element_type=\"column\" data-e-type=\"column\">\n\t\t\t<div class=\"elementor-widget-wrap elementor-element-populated\">\n\t\t\t\t\t\t\t<\/div>\n\t\t<\/div>\n\t\t\t\t<div class=\"elementor-column elementor-col-50 elementor-inner-column elementor-element elementor-element-056674d\" data-id=\"056674d\" data-element_type=\"column\" data-e-type=\"column\">\n\t\t\t<div class=\"elementor-widget-wrap\">\n\t\t\t\t\t\t\t<\/div>\n\t\t<\/div>\n\t\t\t\t\t<\/div>\n\t\t<\/section>\n\t\t\t\t\t<\/div>\n\t\t<\/div>\n\t\t\t\t\t<\/div>\n\t\t<\/section>\n\t\t\t\t<section class=\"elementor-section elementor-top-section elementor-element elementor-element-409296a elementor-section-boxed elementor-section-height-default elementor-section-height-default\" data-id=\"409296a\" data-element_type=\"section\" data-e-type=\"section\">\n\t\t\t\t\t\t<div class=\"elementor-container elementor-column-gap-default\">\n\t\t\t\t\t<div class=\"elementor-column elementor-col-66 elementor-top-column elementor-element elementor-element-50506f2\" data-id=\"50506f2\" data-element_type=\"column\" data-e-type=\"column\">\n\t\t\t<div class=\"elementor-widget-wrap elementor-element-populated\">\n\t\t\t\t\t\t<div class=\"elementor-element elementor-element-60669d1 elementor-widget elementor-widget-heading\" data-id=\"60669d1\" data-element_type=\"widget\" data-e-type=\"widget\" data-widget_type=\"heading.default\">\n\t\t\t\t<div class=\"elementor-widget-container\">\n\t\t\t\t\t<h2 class=\"elementor-heading-title elementor-size-default\">Antworten auf die am h\u00e4ufigsten gestellten Fragen!<\/h2>\t\t\t\t<\/div>\n\t\t\t\t<\/div>\n\t\t\t\t<div class=\"elementor-element elementor-element-a27f5cd elementor-widget-divider--view-line elementor-widget elementor-widget-divider\" data-id=\"a27f5cd\" data-element_type=\"widget\" data-e-type=\"widget\" data-widget_type=\"divider.default\">\n\t\t\t\t<div class=\"elementor-widget-container\">\n\t\t\t\t\t\t\t<div class=\"elementor-divider\">\n\t\t\t<span class=\"elementor-divider-separator\">\n\t\t\t\t\t\t<\/span>\n\t\t<\/div>\n\t\t\t\t\t\t<\/div>\n\t\t\t\t<\/div>\n\t\t\t\t<div class=\"elementor-element elementor-element-78d7db4 elementor-widget elementor-widget-text-editor\" data-id=\"78d7db4\" data-element_type=\"widget\" data-e-type=\"widget\" data-widget_type=\"text-editor.default\">\n\t\t\t\t<div class=\"elementor-widget-container\">\n\t\t\t\t\t\t\t\t\t<p><strong><span style=\"color: #51b0c6;\">Eins\u00e4tze<\/span><\/strong><br \/><strong>Die Geb\u00fchren sind ziemlich hoch. Angenommen, ich bezahle alle Einlagen f\u00fcr mein Pferd und nehme am internationalen Derby der Lage Landen f\u00fcr 3-J\u00e4hrige teil. Das kostet mich bis einschlie\u00dflich des 3. Jahres insgesamt 1.400 Euro Einlagen zuz\u00fcglich der Startgeb\u00fchren.<\/strong><\/p><p>Die Geb\u00fchren scheinen hoch zu sein, aber wenn man dies mit den bestehenden klassischen Rennen vergleicht, ist dies genau nicht der Fall. Au\u00dferdem sind die Ertr\u00e4ge proportional viel h\u00f6her als Sie es gewohnt sind. Dies liegt haupts\u00e4chlich daran, dass dem gesamten Preisgeld ein sehr gro\u00dfer Betrag an Sponsorengeldern hinzugef\u00fcgt wurde. Die gezahlten Einlage und Startgelder werden durch ein Preisgeld von 415.000 Euro (davon 150.000 \u20ac Sponsorengeld) ausgeglichen.<\/p><p>\u00dcbrigens zum Vergleich mit dem niederl\u00e4ndischen und dem deutschen Derby: Die Gesamteintrittsgeb\u00fchren f\u00fcr das niederl\u00e4ndische Derby betragen bereits 2.125 Euro und f\u00fcr das deutsche Derby 3.500 Euro. Dieser Betrag gilt nur f\u00fcr einen Rennen. Die TCT-geb\u00fchren gelten f\u00fcr insgesamt 24 Rennen. W\u00e4hrend des Alters Ihres Pferdes ist es m\u00f6glich, Ihr Pferd nicht f\u00fcr sp\u00e4tere Rennen anzumelden (z. B. als 4-J\u00e4hriger). Dies spart Ihnen wiederum Geld. Dar\u00fcber hinaus ist die Teilnahme an den 12 Satellit Rennen kostenlos!<\/p><p>Wenn Sie Ihr Pferd beim Wolvega International Yearling Sale kaufen, ist die H\u00e4lfte des ersten Startgeldes bereits bezahlt!<\/p><p><strong><span style=\"color: #51b0c6;\">Rennen mit zweij\u00e4hrigen Pferde<\/span><\/strong><br \/><strong>Ich bin kein Fan von Rennen im Alter von zwei Jahren. Um als Dreij\u00e4hriger und als Vierj\u00e4hriger an den TCT-Rennen teilnehmen zu k\u00f6nnen, muss ich jedoch auch die ersten Startgeb\u00fchren bezahlen. Damit &#8222;finanziere&#8220; ich tats\u00e4chlich die Rennen f\u00fcr Zweij\u00e4hrige alten Rennen, an denen ich nicht teilnehmen m\u00f6chte.<\/strong><\/p><p>Um als Drei- oder Vierj\u00e4hriger an den TCT-Preisen teilzunehmen, geben Sie auch die ersten Beitr\u00e4ge ein. Der gr\u00f6\u00dfte Teil des Preisgeldes (mehr als 75%) ist jedoch f\u00fcr die drei- und vierj\u00e4hrigen Rennen reserviert. Dar\u00fcber hinaus sind die 12 Satellitenrennen kostenlos!<\/p><p><strong><span style=\"color: #51b0c6;\">Keine Aufmerksamkeit f\u00fcr Breite Sport<\/span><\/strong><br \/><strong>Diese 12 Champions League-Rennen sind sehr sch\u00f6n, aber dieses Konzept ist nur f\u00fcr die &#8222;gro\u00dfen&#8220; Besitzer und Trainer, w\u00e4hrend der Sport in der Breite keine Aufmerksamkeit erh\u00e4lt!<\/strong><\/p><p>Wir freuen uns sehr, dass Sie das TCT-Konzept mit der Champions League vergleichen. Champions League-Rennen sind das Prunkst\u00fcck des Sports. Vergleichen Sie es mit dem langj\u00e4hrigen Prijs der Giganten. Die Leute kommen f\u00fcr diese Art von Rennen zu den Rennbahn, es gibt zus\u00e4tzliche Medienaufmerksamkeit und mehr Wettumsatz. Dies wird zu einer Wertsteigerung von Pferden und hoffentlich auch zu mehr Zuchtprodukten f\u00fchren. Mehr Zuchtprodukte sorgen f\u00fcr mehr Rennen usw &#8230;<\/p><p>Ein gutes Beispiel ist der Frauenfu\u00dfball: Da die niederl\u00e4ndische Nationalmannschaft auf h\u00f6chstem Niveau Erfolge erzielt hat, war die Aufmerksamkeit enorm und dies hat zu einem enormen Wachstum junger M\u00e4dchen gef\u00fchrt, die Fu\u00dfball spielen. Dies gibt dem Sport einen Mega-Impuls in seiner &#8222;Breite&#8220;.<\/p><p>Das TCT-Konzept besteht \u00fcbrigens nicht nur aus &#8222;gro\u00dfen&#8220; Rennen: Die meisten Kurse sind Satellitenkurse (12 Kurse). An diesen Rennen k\u00f6nnen Trainer und Besitzer (kostenlos) auf ihrer Lieblingsstrecke teilnehmen. Das Preisgeld dieser Rennen ist mehr als 100% h\u00f6her als bei einem normalen Rennen. Wenn Sie gewinnen, erhalten Sie einen Bonus: kostenlose Teilnahme an der Serie \/ dem Finale des jeweiligen Rennens. Finale nur, wenn Sie sich qualifizieren.<\/p><p><span style=\"color: #51b0c6;\"><strong>Niederlande oder Ausland?<\/strong><\/span><br \/><strong>Werden die TCT-Rennen nur in den Niederlanden oder auch im Ausland ausgetragen?<\/strong><\/p><p>Der Urspung des TCT Konzepts stammt aus den Niederlanden. Ein Grossteil dieser Rennen wird dann auch in Holland stattfinden.<\/p><p>Die Stiftung TCT freut sich dass die Rennbahnen Hamburg und M\u00fcnchen auch Partner des TCTs geworden sind. So werden jeweils ein 2-und 3 J\u00e4hriges Gehobene und \u00a0Satelitenrennen \u00a0in Hamburg stattfinden. In M\u00fcnchen wird in jeden Fall ein 3 J\u00e4hriges Gehobene Rennen und ein Satelitenrennen organisiert.<\/p><p><span style=\"color: #51b0c6;\"><strong><span style=\"color: #51b0c6;\">Aufmerksa<\/span>mkeit f\u00fcr Stuten?<\/strong><\/span><br \/><strong>Gibt es im TCT Programm auch M\u00f6glichkeiten f\u00fcr Stuten?<\/strong><\/p><p>Ja absolut! 2 von 12 klassische Rennen sind ausschlieschlich f\u00fcr Stuten:\u00a0Das 3-J\u00e4hrige Stuten Derby und das 4-J\u00e4hrige Speedy Volita Stuten Pokal<\/p><p>Ausserdem ist beim Criterium der 3- und 4-J\u00e4hrige folgendes festgelegt:\u00a0Solllte es mehr als 12 Anmeldungen geben, wird es eine Hengste\/Wallache und eine Stute Abteilung geben.<\/p><p><strong><span style=\"color: #51b0c6;\">Eins\u00e4tze, Startgelder und abrechnung.<\/span><br \/>Wann werden die Eins\u00e4tze bzw. Startgelder f\u00e4llig und wie funktioniert die Abrechnung? <\/strong><\/p><p>F\u00fcr 2021 werden 4 Eins\u00e4tze f\u00e4llig:<\/p><ol><li>Februar 250 Euro<\/li><li>M\u00e4rz 150 Euro<\/li><li>April 100 Euro<\/li><li>Mai 100 Euro<\/li><\/ol><p><strong>\u00a0<\/strong>Dar\u00fcber hinaus wird bei Starterangabe ein Startgeld in H\u00f6he von 1% der Dotierung des jeweiligen Rennens f\u00e4llig. Dieses Startgeld ist nur bei den gehobenen TCT-Rennen zu entrichten, entf\u00e4llt jedoch bei den sogenannten Satellitenrennen.<\/p><p>Alle Eins\u00e4tze sind Nettobetr\u00e4ge und verstehen sich zuz\u00fcglich 21% Mehrwertsteuer.<\/p><p><u>Die Abwicklung der Eins\u00e4tze erfolgt \u00fcber die SNDR (Stiftung Niederl\u00e4ndischer Trabrennsport)<\/u><\/p><p><strong>F\u00fcr die Besitzer, die bereits ein aktuelles Konto bei der SNDR haben:<\/strong><\/p><p>Die Eins\u00e4tze, Startgelder sowie Preisgelder werden auf bestehenden Konten verbucht.<\/p><p><strong>F\u00fcr alle Besitzer, die noch KEIN aktuelles Konto bei der SNDR haben: <\/strong><\/p><p>Die SNDR er\u00f6ffnet eine neues Konto, auf welchem alle Eins\u00e4tze, Startgelder sowie Preisgelder verbucht werden.<\/p><p>Buchungstag ist der 21. eines jeden Monats.<\/p><p>Besitzer mit einem holl\u00e4ndischen Bankkonto k\u00f6nnen daf\u00fcr das Lastschriftverfahren nutzen, alle \u00fcbrigen m\u00fcssen f\u00fcr eine Kontodeckung bis sp\u00e4testens zum 21. des Monats sorgen.<\/p><p><strong>Falls Ihre Daten noch nicht beim SNDR bekannt sind: <\/strong><\/p><p>Sie erhalten n\u00e4chste Woche vom TCT eine E-Mail mit der Information, welche Daten noch ben\u00f6tigt werden.<\/p><p>F\u00fcr weitere Fragen steht Ihnen die Sportabteilung der SNDR zur Verf\u00fcgung.<\/p><p><strong><span style=\"color: #51b0c6;\">Wolvega International Yearling Sale<\/span><br \/>Ich habe mein Pferd 2020 auf der Wolvega Yearling Sale gekauft. Wie erhalte ich die H\u00e4lfte des ersten Eins\u00e4tzes zur\u00fcck?<\/strong><\/p><p>Sie erhalten im Laufe des Februars 2021 eine Gutschrift von 50% auf den ersten Einsatz.<\/p><p><strong><span style=\"color: #51b0c6;\">Auszahlung Preisgelder<\/span><\/strong><\/p><p>Die Auszahlung der Preisgelder f\u00fcr alle in den Niederlanden ausgerichteten Rennen erfolgt \u00fcber Ihr Konto bei der SNDR.<\/p><p>Die Auszahlung der Preisgelder f\u00fcr alle in Hamburg und M\u00fcnchen ausgerichteten Rennen erfolgt \u00a0\u00fcber Ihr Konto bei der ZVS.<\/p><p><span style=\"color: #51b0c6;\"><strong>Erh\u00f6ht sich die Dotierung aufgrund der hohen Anzahl an gemeldeten Pferde?<\/strong><\/span><\/p><p>Die TCT ist eine Stiftung. Alle Gelder flie\u00dfen zur\u00fcck in den Trabrennsport. Durch die erh\u00f6hte Anzahl der gemeldeten Pferde erh\u00f6hen sich somit auch die Preisgelder.<\/p><p>Die TCT hat entschieden, zus\u00e4tzliche Serien f\u00fcr das 2-J\u00e4hrigen Derby abzuhalten (Dotierung: 5.000 Euro). Zudem gibt es ein zus\u00e4tzliches Satellitenrennen in M\u00fcnchen (Dotierung: 10.000 Euro). Dar\u00fcber hinaus werden beim Class Stakes Rennen in Hamburg und dem Gold Cup in Wolvega, bei einer Starterzahl von mehr als 12 Pferden, mehrere Abteilungen ausgetragen.<\/p><p>Geplant ist, den gr\u00f6\u00dften Teil der Preisgelder f\u00fcr die TCT-Rennen der Dreij\u00e4hrigen (2022) und Vierj\u00e4hrigen (2023) zu auszusch\u00fctten.<\/p>\t\t\t\t\t\t\t\t<\/div>\n\t\t\t\t<\/div>\n\t\t\t\t\t<\/div>\n\t\t<\/div>\n\t\t\t\t<div class=\"elementor-column elementor-col-33 elementor-top-column elementor-element elementor-element-8a02253\" data-id=\"8a02253\" data-element_type=\"column\" data-e-type=\"column\" data-settings=\"{&quot;background_background&quot;:&quot;classic&quot;}\">\n\t\t\t<div class=\"elementor-widget-wrap elementor-element-populated\">\n\t\t\t\t\t\t<div class=\"elementor-element elementor-element-4ddf487 elementor-widget elementor-widget-image\" data-id=\"4ddf487\" data-element_type=\"widget\" data-e-type=\"widget\" data-widget_type=\"image.default\">\n\t\t\t\t<div class=\"elementor-widget-container\">\n\t\t\t\t\t\t\t\t\t\t\t\t\t\t\t<img fetchpriority=\"high\" decoding=\"async\" width=\"729\" height=\"1024\" src=\"https:\/\/trottingclassicstour.com\/wp-content\/uploads\/2020\/09\/nivard-729x1024.jpg\" class=\"attachment-large size-large wp-image-703\" alt=\"\" srcset=\"https:\/\/trottingclassicstour.com\/wp-content\/uploads\/2020\/09\/nivard-729x1024.jpg 729w, https:\/\/trottingclassicstour.com\/wp-content\/uploads\/2020\/09\/nivard-214x300.jpg 214w, https:\/\/trottingclassicstour.com\/wp-content\/uploads\/2020\/09\/nivard-768x1079.jpg 768w, https:\/\/trottingclassicstour.com\/wp-content\/uploads\/2020\/09\/nivard.jpg 900w\" sizes=\"(max-width: 729px) 100vw, 729px\" \/>\t\t\t\t\t\t\t\t\t\t\t\t\t\t\t<\/div>\n\t\t\t\t<\/div>\n\t\t\t\t\t<\/div>\n\t\t<\/div>\n\t\t\t\t\t<\/div>\n\t\t<\/section>\n\t\t\t\t<\/div>\n\t\t","protected":false},"excerpt":{"rendered":"<p>Antworten auf die am h\u00e4ufigsten gestellten Fragen! Eins\u00e4tzeDie Geb\u00fchren sind ziemlich hoch. Angenommen, ich bezahle alle Einlagen f\u00fcr mein Pferd und nehme am internationalen Derby der Lage Landen f\u00fcr 3-J\u00e4hrige teil. Das kostet mich bis einschlie\u00dflich des 3. Jahres insgesamt 1.400 Euro Einlagen zuz\u00fcglich der Startgeb\u00fchren. Die Geb\u00fchren scheinen hoch zu sein, aber wenn man [&hellip;]<\/p>\n","protected":false},"author":1,"featured_media":0,"parent":0,"menu_order":0,"comment_status":"closed","ping_status":"closed","template":"","meta":{"site-sidebar-layout":"no-sidebar","site-content-layout":"page-builder","ast-site-content-layout":"default","site-content-style":"default","site-sidebar-style":"default","ast-global-header-display":"","ast-banner-title-visibility":"","ast-main-header-display":"","ast-hfb-above-header-display":"","ast-hfb-below-header-display":"","ast-hfb-mobile-header-display":"","site-post-title":"disabled","ast-breadcrumbs-content":"","ast-featured-img":"disabled","footer-sml-layout":"","ast-disable-related-posts":"","theme-transparent-header-meta":"default","adv-header-id-meta":"","stick-header-meta":"","header-above-stick-meta":"","header-main-stick-meta":"","header-below-stick-meta":"","astra-migrate-meta-layouts":"default","ast-page-background-enabled":"default","ast-page-background-meta":{"desktop":{"background-color":"","background-image":"","background-repeat":"repeat","background-position":"center center","background-size":"auto","background-attachment":"scroll","background-type":"","background-media":"","overlay-type":"","overlay-color":"","overlay-opacity":"","overlay-gradient":""},"tablet":{"background-color":"","background-image":"","background-repeat":"repeat","background-position":"center center","background-size":"auto","background-attachment":"scroll","background-type":"","background-media":"","overlay-type":"","overlay-color":"","overlay-opacity":"","overlay-gradient":""},"mobile":{"background-color":"","background-image":"","background-repeat":"repeat","background-position":"center center","background-size":"auto","background-attachment":"scroll","background-type":"","background-media":"","overlay-type":"","overlay-color":"","overlay-opacity":"","overlay-gradient":""}},"ast-content-background-meta":{"desktop":{"background-color":"var(--ast-global-color-5)","background-image":"","background-repeat":"repeat","background-position":"center center","background-size":"auto","background-attachment":"scroll","background-type":"","background-media":"","overlay-type":"","overlay-color":"","overlay-opacity":"","overlay-gradient":""},"tablet":{"background-color":"var(--ast-global-color-5)","background-image":"","background-repeat":"repeat","background-position":"center center","background-size":"auto","background-attachment":"scroll","background-type":"","background-media":"","overlay-type":"","overlay-color":"","overlay-opacity":"","overlay-gradient":""},"mobile":{"background-color":"var(--ast-global-color-5)","background-image":"","background-repeat":"repeat","background-position":"center center","background-size":"auto","background-attachment":"scroll","background-type":"","background-media":"","overlay-type":"","overlay-color":"","overlay-opacity":"","overlay-gradient":""}},"footnotes":""},"class_list":["post-933","page","type-page","status-publish","hentry"],"_links":{"self":[{"href":"https:\/\/trottingclassicstour.com\/de\/wp-json\/wp\/v2\/pages\/933","targetHints":{"allow":["GET"]}}],"collection":[{"href":"https:\/\/trottingclassicstour.com\/de\/wp-json\/wp\/v2\/pages"}],"about":[{"href":"https:\/\/trottingclassicstour.com\/de\/wp-json\/wp\/v2\/types\/page"}],"author":[{"embeddable":true,"href":"https:\/\/trottingclassicstour.com\/de\/wp-json\/wp\/v2\/users\/1"}],"replies":[{"embeddable":true,"href":"https:\/\/trottingclassicstour.com\/de\/wp-json\/wp\/v2\/comments?post=933"}],"version-history":[{"count":12,"href":"https:\/\/trottingclassicstour.com\/de\/wp-json\/wp\/v2\/pages\/933\/revisions"}],"predecessor-version":[{"id":1751,"href":"https:\/\/trottingclassicstour.com\/de\/wp-json\/wp\/v2\/pages\/933\/revisions\/1751"}],"wp:attachment":[{"href":"https:\/\/trottingclassicstour.com\/de\/wp-json\/wp\/v2\/media?parent=933"}],"curies":[{"name":"wp","href":"https:\/\/api.w.org\/{rel}","templated":true}]}}