{"id":936,"date":"2020-10-14T13:57:47","date_gmt":"2020-10-14T13:57:47","guid":{"rendered":"http:\/\/trottingclassicstour.com\/gebuehren\/"},"modified":"2023-10-27T11:11:41","modified_gmt":"2023-10-27T11:11:41","slug":"gebuehren","status":"publish","type":"page","link":"https:\/\/trottingclassicstour.com\/de\/gebuehren\/","title":{"rendered":"Geb\u00fchren"},"content":{"rendered":"\t\t<div data-elementor-type=\"wp-page\" data-elementor-id=\"936\" class=\"elementor elementor-936 elementor-328\" data-elementor-post-type=\"page\">\n\t\t\t\t\t\t<section class=\"elementor-section elementor-top-section elementor-element elementor-element-7d37037 elementor-section-full_width elementor-section-height-default elementor-section-height-default\" data-id=\"7d37037\" data-element_type=\"section\" data-e-type=\"section\">\n\t\t\t\t\t\t<div class=\"elementor-container elementor-column-gap-default\">\n\t\t\t\t\t<div class=\"elementor-column elementor-col-100 elementor-top-column elementor-element elementor-element-e5efbce\" data-id=\"e5efbce\" data-element_type=\"column\" data-e-type=\"column\" data-settings=\"{&quot;background_background&quot;:&quot;classic&quot;}\">\n\t\t\t<div class=\"elementor-widget-wrap elementor-element-populated\">\n\t\t\t\t\t\t<section class=\"elementor-section elementor-inner-section elementor-element elementor-element-3ea9199 elementor-section-boxed elementor-section-height-default elementor-section-height-default\" data-id=\"3ea9199\" data-element_type=\"section\" data-e-type=\"section\">\n\t\t\t\t\t\t<div class=\"elementor-container elementor-column-gap-default\">\n\t\t\t\t\t<div class=\"elementor-column elementor-col-50 elementor-inner-column elementor-element elementor-element-5644e1e\" data-id=\"5644e1e\" data-element_type=\"column\" data-e-type=\"column\">\n\t\t\t<div class=\"elementor-widget-wrap elementor-element-populated\">\n\t\t\t\t\t\t\t<\/div>\n\t\t<\/div>\n\t\t\t\t<div class=\"elementor-column elementor-col-50 elementor-inner-column elementor-element elementor-element-056674d\" data-id=\"056674d\" data-element_type=\"column\" data-e-type=\"column\">\n\t\t\t<div class=\"elementor-widget-wrap\">\n\t\t\t\t\t\t\t<\/div>\n\t\t<\/div>\n\t\t\t\t\t<\/div>\n\t\t<\/section>\n\t\t\t\t\t<\/div>\n\t\t<\/div>\n\t\t\t\t\t<\/div>\n\t\t<\/section>\n\t\t\t\t<section class=\"elementor-section elementor-top-section elementor-element elementor-element-409296a elementor-section-boxed elementor-section-height-default elementor-section-height-default\" data-id=\"409296a\" data-element_type=\"section\" data-e-type=\"section\">\n\t\t\t\t\t\t<div class=\"elementor-container elementor-column-gap-default\">\n\t\t\t\t\t<div class=\"elementor-column elementor-col-66 elementor-top-column elementor-element elementor-element-50506f2\" data-id=\"50506f2\" data-element_type=\"column\" data-e-type=\"column\">\n\t\t\t<div class=\"elementor-widget-wrap elementor-element-populated\">\n\t\t\t\t\t\t<div class=\"elementor-element elementor-element-60669d1 elementor-widget elementor-widget-heading\" data-id=\"60669d1\" data-element_type=\"widget\" data-e-type=\"widget\" data-widget_type=\"heading.default\">\n\t\t\t\t<div class=\"elementor-widget-container\">\n\t\t\t\t\t<h2 class=\"elementor-heading-title elementor-size-default\">Geb\u00fchren und Daten der Anmeldungen<\/h2>\t\t\t\t<\/div>\n\t\t\t\t<\/div>\n\t\t\t\t<div class=\"elementor-element elementor-element-03cc405 elementor-widget-divider--view-line elementor-widget elementor-widget-divider\" data-id=\"03cc405\" data-element_type=\"widget\" data-e-type=\"widget\" data-widget_type=\"divider.default\">\n\t\t\t\t<div class=\"elementor-widget-container\">\n\t\t\t\t\t\t\t<div class=\"elementor-divider\">\n\t\t\t<span class=\"elementor-divider-separator\">\n\t\t\t\t\t\t<\/span>\n\t\t<\/div>\n\t\t\t\t\t\t<\/div>\n\t\t\t\t<\/div>\n\t\t\t\t<div class=\"elementor-element elementor-element-78d7db4 elementor-widget elementor-widget-text-editor\" data-id=\"78d7db4\" data-element_type=\"widget\" data-e-type=\"widget\" data-widget_type=\"text-editor.default\">\n\t\t\t\t<div class=\"elementor-widget-container\">\n\t\t\t\t\t\t\t\t\t<p>Auf dieser Seite finden Sie eine \u00dcbersicht \u00fcber die Teilnahmegeb\u00fchren pro Alter sowie die Daten, an denen die entsprechenden Teilnahmegeb\u00fchren zu zahlen sind.<\/p>\n<table id=\"tablepress-11\" class=\"tablepress tablepress-id-11\">\n<thead>\n<tr class=\"row-1\">\n\t<th class=\"column-1\">Datum der Zahlung der Teilnahmegeb\u00fchren<\/th><th class=\"column-2\">Betrag<\/th>\n<\/tr>\n<\/thead>\n<tbody class=\"row-hover\">\n<tr class=\"row-2\">\n\t<td class=\"column-1\"><b><span style=\"color: #ee4c35;\">Teilnahmegeb\u00fchren Zweij\u00e4hrige<\/span><\/b><\/td><td class=\"column-2\"><\/td>\n<\/tr>\n<tr class=\"row-3\">\n\t<td class=\"column-1\">Zweij\u00e4hrige vor dem 1. Februar<\/td><td class=\"column-2\">\u20ac. 300,00<\/td>\n<\/tr>\n<tr class=\"row-4\">\n\t<td class=\"column-1\">Zweij\u00e4hrige vor dem 1. M\u00e4rz<\/td><td class=\"column-2\">\u20ac. 200,00<\/td>\n<\/tr>\n<tr class=\"row-5\">\n\t<td class=\"column-1\">Zweij\u00e4hrige vor dem 1. April<\/td><td class=\"column-2\">\u20ac. 150,00<\/td>\n<\/tr>\n<tr class=\"row-6\">\n\t<td class=\"column-1\">Zweij\u00e4hrige vor dem 1. Mai<\/td><td class=\"column-2\">\u20ac. 150,00<\/td>\n<\/tr>\n<tr class=\"row-7\">\n\t<td class=\"column-1\"><b><span style=\"color: #ee4c35;\">Teilnahmegeb\u00fchren Dreij\u00e4hrige<\/span><\/b><\/td><td class=\"column-2\"><\/td>\n<\/tr>\n<tr class=\"row-8\">\n\t<td class=\"column-1\">Zweij\u00e4hrige vor dem 1. Dezember<\/td><td class=\"column-2\">\u20ac. 300,00<\/td>\n<\/tr>\n<tr class=\"row-9\">\n\t<td class=\"column-1\">Dreij\u00e4hrige vor dem 1. Februar<\/td><td class=\"column-2\">\u20ac. 250,00<\/td>\n<\/tr>\n<tr class=\"row-10\">\n\t<td class=\"column-1\">Dreij\u00e4hrige vor dem 1. April<\/td><td class=\"column-2\">\u20ac. 250,00<\/td>\n<\/tr>\n<tr class=\"row-11\">\n\t<td class=\"column-1\"><b><span style=\"color: #ee4c35;\">Teilnahmegeb\u00fchren Vierj\u00e4hrige<\/span><\/b><\/td><td class=\"column-2\"><\/td>\n<\/tr>\n<tr class=\"row-12\">\n\t<td class=\"column-1\">Dreij\u00e4hrige vor dem 1. Dezember<\/td><td class=\"column-2\">\u20ac. 300,00<\/td>\n<\/tr>\n<tr class=\"row-13\">\n\t<td class=\"column-1\">Vierj\u00e4hrige vor dem 1. Februar<\/td><td class=\"column-2\">\u20ac. 250,00<\/td>\n<\/tr>\n<tr class=\"row-14\">\n\t<td class=\"column-1\">Dreij\u00e4hrige vor dem 1. April<\/td><td class=\"column-2\">\u20ac. 250,00<\/td>\n<\/tr>\n<tr class=\"row-15\">\n\t<td class=\"column-1\"><b>Gesamteinzahlung*<\/b><\/td><td class=\"column-2\"><b>\u20ac. 2.400,00<\/b><\/td>\n<\/tr>\n<\/tbody>\n<\/table>\n<!-- #tablepress-11 from cache --><p>Die Pferde m\u00fcssen sp\u00e4testens am 31. Dezember des betreffenden Jahres f\u00fcr das TCT-Programm angemeldet sein. Die Pferde aus dem Geburtsjahr 2022 (jetzt J\u00e4hrling) werden daher sp\u00e4testens am 31. Dezember 2023 registriert. 2024 werden sie an den TCT-Rennen der 2-J\u00e4hrigen teilnehmen, 2025 an den 3-J\u00e4hrigen und 2026 an den TCT-Rennen der 4-J\u00e4hrigen.<\/p><p>In diesem Jahr (Jahr 2023) geborene Pferde melden sich sp\u00e4testens am 31. Dezember 2024 an.<\/p><p>LATE ENTRY ist nicht m\u00f6glich! Sie k\u00f6nnen nur an den TCT-Rennen teilnehmen, wenn Sie von Anfang an registriert sind.<\/p><p>Ein zwischenzeitiges Aussteigen ist jederzeit m\u00f6glich.<\/p><p>Sie k\u00f6nnen Ihre Pferde \u00fcber info@trottingclassicstour.nl oder \u00fcber den NDR registrieren!<\/p><p>Alle genannten Betr\u00e4ge verstehen sich zzgl. 21 % MwSt.!<\/p>\t\t\t\t\t\t\t\t<\/div>\n\t\t\t\t<\/div>\n\t\t\t\t<div class=\"elementor-element elementor-element-da27fbc elementor-widget elementor-widget-heading\" data-id=\"da27fbc\" data-element_type=\"widget\" data-e-type=\"widget\" data-widget_type=\"heading.default\">\n\t\t\t\t<div class=\"elementor-widget-container\">\n\t\t\t\t\t<h2 class=\"elementor-heading-title elementor-size-default\">Startgeb\u00fchren<\/h2>\t\t\t\t<\/div>\n\t\t\t\t<\/div>\n\t\t\t\t<div class=\"elementor-element elementor-element-f2354b3 elementor-widget-divider--view-line elementor-widget elementor-widget-divider\" data-id=\"f2354b3\" data-element_type=\"widget\" data-e-type=\"widget\" data-widget_type=\"divider.default\">\n\t\t\t\t<div class=\"elementor-widget-container\">\n\t\t\t\t\t\t\t<div class=\"elementor-divider\">\n\t\t\t<span class=\"elementor-divider-separator\">\n\t\t\t\t\t\t<\/span>\n\t\t<\/div>\n\t\t\t\t\t\t<\/div>\n\t\t\t\t<\/div>\n\t\t\t\t<div class=\"elementor-element elementor-element-d49ffaf elementor-widget elementor-widget-text-editor\" data-id=\"d49ffaf\" data-element_type=\"widget\" data-e-type=\"widget\" data-widget_type=\"text-editor.default\">\n\t\t\t\t<div class=\"elementor-widget-container\">\n\t\t\t\t\t\t\t\t\t<p>Das Startgeld betr\u00e4gt 1% des Preisgeldes des jeweiligen Rennens. F\u00fcr Rennen mit Serien: Die Startgeb\u00fchr wird bei Teilnahme an Serien festgelegt.<\/p>\n<table id=\"tablepress-12\" class=\"tablepress tablepress-id-12\">\n<thead>\n<tr class=\"row-1\">\n\t<th class=\"column-1\">Rennen f\u00fcr Zweij\u00e4hrige Pferde<\/th><th class=\"column-2\">Preisgeld<\/th><th class=\"column-3\">Startgeld<\/th>\n<\/tr>\n<\/thead>\n<tbody class=\"row-hover\">\n<tr class=\"row-2\">\n\t<td class=\"column-1\">Dutch Trotting Classics Stake Race (International)<\/td><td class=\"column-2\">\u20ac. 20.000,00<\/td><td class=\"column-3\">\u20ac. 200,00<\/td>\n<\/tr>\n<tr class=\"row-3\">\n\t<td class=\"column-1\">Derby und Trost Derby der Zweij\u00e4hrige (International)<\/td><td class=\"column-2\">\u20ac. 40.000,00<\/td><td class=\"column-3\">\u20ac. 400,00<\/td>\n<\/tr>\n<tr class=\"row-4\">\n\t<td class=\"column-1\">Gold Cup der Zweij\u00e4hrige (International)<\/td><td class=\"column-2\">\u20ac. 30.000,00<\/td><td class=\"column-3\">\u20ac. 300,00<\/td>\n<\/tr>\n<\/tbody>\n<\/table>\n<!-- #tablepress-12 from cache -->\n<table id=\"tablepress-13\" class=\"tablepress tablepress-id-13\">\n<thead>\n<tr class=\"row-1\">\n\t<th class=\"column-1\">Rennen f\u00fcr Dreij\u00e4hrige Pferde<\/th><th class=\"column-2\">Preisgeld<\/th><th class=\"column-3\">Startgeld<\/th>\n<\/tr>\n<\/thead>\n<tbody class=\"row-hover\">\n<tr class=\"row-2\">\n\t<td class=\"column-1\">Kriterium der Dreij\u00e4hrige Hengste\/Wallache (International)<\/td><td class=\"column-2\">\u20ac. 20.000,00<\/td><td class=\"column-3\">\u20ac. 200,00<\/td>\n<\/tr>\n<tr class=\"row-3\">\n\t<td class=\"column-1\">Kriterium der Dreij\u00e4hrige Stuten(International)<\/td><td class=\"column-2\">\u20ac. 20.000,00<\/td><td class=\"column-3\">\u20ac. 200,00<\/td>\n<\/tr>\n<tr class=\"row-4\">\n\t<td class=\"column-1\">Hamburg Sommer Cup Hengste\/Wallache<\/td><td class=\"column-2\">\u20ac. 15.000,00<\/td><td class=\"column-3\">\u20ac 150,00<\/td>\n<\/tr>\n<tr class=\"row-5\">\n\t<td class=\"column-1\">Hamburg Sommer Cup Stuten<\/td><td class=\"column-2\">\u20ac. 15.000,00<\/td><td class=\"column-3\">\u20ac 150,00<\/td>\n<\/tr>\n<tr class=\"row-6\">\n\t<td class=\"column-1\">Derby der Lage Landen (International)<\/td><td class=\"column-2\">\u20ac. 100.000,00<\/td><td class=\"column-3\">\u20ac. 1.000,00<\/td>\n<\/tr>\n<tr class=\"row-7\">\n\t<td class=\"column-1\">Stuten Derby Derby der Lage Landen (International)<\/td><td class=\"column-2\">\u20ac. 50.000,00<\/td><td class=\"column-3\">\u20ac. 300,00<\/td>\n<\/tr>\n<tr class=\"row-8\">\n\t<td class=\"column-1\">M\u00fcnchen Gold Cup<\/td><td class=\"column-2\">\u20ac. 25.000,00<\/td><td class=\"column-3\">\u20ac. 250,00<\/td>\n<\/tr>\n<tr class=\"row-9\">\n\t<td class=\"column-1\">Hamburg Cup<\/td><td class=\"column-2\">\u20ac. 25.000,00<\/td><td class=\"column-3\">\u20ac. 250,00<\/td>\n<\/tr>\n<tr class=\"row-10\">\n\t<td class=\"column-1\">Wolvega Cup<\/td><td class=\"column-2\">\u20ac. 20.000,00<\/td><td class=\"column-3\">\u20ac. 200,00<\/td>\n<\/tr>\n<\/tbody>\n<\/table>\n<!-- #tablepress-13 from cache -->\n<table id=\"tablepress-14\" class=\"tablepress tablepress-id-14\">\n<thead>\n<tr class=\"row-1\">\n\t<th class=\"column-1\">Rennen f\u00fcr Vierj\u00e4hrige<\/th><th class=\"column-2\">Preisgeld<\/th><th class=\"column-3\">Startgeld<\/th>\n<\/tr>\n<\/thead>\n<tbody class=\"row-hover\">\n<tr class=\"row-2\">\n\t<td class=\"column-1\">Kriterium der Vierj\u00e4hrige Hengste\/Wallache(International)<\/td><td class=\"column-2\">\u20ac. 20.000,00<\/td><td class=\"column-3\">\u20ac. 200,00<\/td>\n<\/tr>\n<tr class=\"row-3\">\n\t<td class=\"column-1\">Kriterium der Vierj\u00e4hrige Stuten(International)<\/td><td class=\"column-2\">\u20ac. 20.000,00<\/td><td class=\"column-3\">\u20ac. 200,00<\/td>\n<\/tr>\n<tr class=\"row-4\">\n\t<td class=\"column-1\">Steher Meisterschaft der Vierj\u00e4hrige (International)<\/td><td class=\"column-2\">\u20ac. 20.000,00<\/td><td class=\"column-3\">\u20ac. 200,00<\/td>\n<\/tr>\n<tr class=\"row-5\">\n\t<td class=\"column-1\">Derby der Vierj\u00e4hrige (International)<\/td><td class=\"column-2\">\u20ac. 50.000,00<\/td><td class=\"column-3\">\u20ac. 500,00<\/td>\n<\/tr>\n<tr class=\"row-6\">\n\t<td class=\"column-1\">Derby der Vierj\u00e4hrige Stuten(International)<\/td><td class=\"column-2\">\u20ac. 30.000,00<\/td><td class=\"column-3\">\u20ac. 300,00<\/td>\n<\/tr>\n<tr class=\"row-7\">\n\t<td class=\"column-1\">M\u00fcnchen Cup der Vierj\u00e4hrige (International)<\/td><td class=\"column-2\">\u20ac. 20.000,00<\/td><td class=\"column-3\">\u20ac. 200,00<\/td>\n<\/tr>\n<tr class=\"row-8\">\n\t<td class=\"column-1\">Hamburg Halali TCT (International)<\/td><td class=\"column-2\">\u20ac. 15.000,00<\/td><td class=\"column-3\">\u20ac. 150,00<\/td>\n<\/tr>\n<tr class=\"row-9\">\n\t<td class=\"column-1\">Speedy Volita Troph\u00e4e (International f\u00fcr Stuten)<\/td><td class=\"column-2\">\u20ac. 20.000,00<\/td><td class=\"column-3\">\u20ac. 200,00<\/td>\n<\/tr>\n<\/tbody>\n<\/table>\n<!-- #tablepress-14 from cache --><p>Alle genannten Betr\u00e4ge verstehen sich zzgl. 21 % MwSt.!<\/p>\t\t\t\t\t\t\t\t<\/div>\n\t\t\t\t<\/div>\n\t\t\t\t\t<\/div>\n\t\t<\/div>\n\t\t\t\t<div class=\"elementor-column elementor-col-33 elementor-top-column elementor-element elementor-element-8a02253\" data-id=\"8a02253\" data-element_type=\"column\" data-e-type=\"column\" data-settings=\"{&quot;background_background&quot;:&quot;classic&quot;}\">\n\t\t\t<div class=\"elementor-widget-wrap elementor-element-populated\">\n\t\t\t\t\t\t<div class=\"elementor-element elementor-element-4ddf487 elementor-widget elementor-widget-image\" data-id=\"4ddf487\" data-element_type=\"widget\" data-e-type=\"widget\" data-widget_type=\"image.default\">\n\t\t\t\t<div class=\"elementor-widget-container\">\n\t\t\t\t\t\t\t\t\t\t\t\t\t\t\t<img fetchpriority=\"high\" decoding=\"async\" width=\"600\" height=\"900\" src=\"https:\/\/trottingclassicstour.com\/wp-content\/uploads\/2020\/09\/inspector_bros_robin_bakker.jpg\" class=\"attachment-large size-large wp-image-715\" alt=\"\" srcset=\"https:\/\/trottingclassicstour.com\/wp-content\/uploads\/2020\/09\/inspector_bros_robin_bakker.jpg 600w, https:\/\/trottingclassicstour.com\/wp-content\/uploads\/2020\/09\/inspector_bros_robin_bakker-200x300.jpg 200w\" sizes=\"(max-width: 600px) 100vw, 600px\" \/>\t\t\t\t\t\t\t\t\t\t\t\t\t\t\t<\/div>\n\t\t\t\t<\/div>\n\t\t\t\t\t<\/div>\n\t\t<\/div>\n\t\t\t\t\t<\/div>\n\t\t<\/section>\n\t\t\t\t<\/div>\n\t\t","protected":false},"excerpt":{"rendered":"<p>Geb\u00fchren und Daten der Anmeldungen Auf dieser Seite finden Sie eine \u00dcbersicht \u00fcber die Teilnahmegeb\u00fchren pro Alter sowie die Daten, an denen die entsprechenden Teilnahmegeb\u00fchren zu zahlen sind. Die Pferde m\u00fcssen sp\u00e4testens am 31. Dezember des betreffenden Jahres f\u00fcr das TCT-Programm angemeldet sein. Die Pferde aus dem Geburtsjahr 2022 (jetzt J\u00e4hrling) werden daher sp\u00e4testens am [&hellip;]<\/p>\n","protected":false},"author":1,"featured_media":0,"parent":0,"menu_order":0,"comment_status":"closed","ping_status":"closed","template":"","meta":{"site-sidebar-layout":"no-sidebar","site-content-layout":"page-builder","ast-site-content-layout":"default","site-content-style":"default","site-sidebar-style":"default","ast-global-header-display":"","ast-banner-title-visibility":"","ast-main-header-display":"","ast-hfb-above-header-display":"","ast-hfb-below-header-display":"","ast-hfb-mobile-header-display":"","site-post-title":"disabled","ast-breadcrumbs-content":"","ast-featured-img":"disabled","footer-sml-layout":"","ast-disable-related-posts":"","theme-transparent-header-meta":"default","adv-header-id-meta":"","stick-header-meta":"","header-above-stick-meta":"","header-main-stick-meta":"","header-below-stick-meta":"","astra-migrate-meta-layouts":"default","ast-page-background-enabled":"default","ast-page-background-meta":{"desktop":{"background-color":"","background-image":"","background-repeat":"repeat","background-position":"center center","background-size":"auto","background-attachment":"scroll","background-type":"","background-media":"","overlay-type":"","overlay-color":"","overlay-opacity":"","overlay-gradient":""},"tablet":{"background-color":"","background-image":"","background-repeat":"repeat","background-position":"center center","background-size":"auto","background-attachment":"scroll","background-type":"","background-media":"","overlay-type":"","overlay-color":"","overlay-opacity":"","overlay-gradient":""},"mobile":{"background-color":"","background-image":"","background-repeat":"repeat","background-position":"center center","background-size":"auto","background-attachment":"scroll","background-type":"","background-media":"","overlay-type":"","overlay-color":"","overlay-opacity":"","overlay-gradient":""}},"ast-content-background-meta":{"desktop":{"background-color":"var(--ast-global-color-5)","background-image":"","background-repeat":"repeat","background-position":"center center","background-size":"auto","background-attachment":"scroll","background-type":"","background-media":"","overlay-type":"","overlay-color":"","overlay-opacity":"","overlay-gradient":""},"tablet":{"background-color":"var(--ast-global-color-5)","background-image":"","background-repeat":"repeat","background-position":"center center","background-size":"auto","background-attachment":"scroll","background-type":"","background-media":"","overlay-type":"","overlay-color":"","overlay-opacity":"","overlay-gradient":""},"mobile":{"background-color":"var(--ast-global-color-5)","background-image":"","background-repeat":"repeat","background-position":"center center","background-size":"auto","background-attachment":"scroll","background-type":"","background-media":"","overlay-type":"","overlay-color":"","overlay-opacity":"","overlay-gradient":""}},"footnotes":""},"class_list":["post-936","page","type-page","status-publish","hentry"],"_links":{"self":[{"href":"https:\/\/trottingclassicstour.com\/de\/wp-json\/wp\/v2\/pages\/936","targetHints":{"allow":["GET"]}}],"collection":[{"href":"https:\/\/trottingclassicstour.com\/de\/wp-json\/wp\/v2\/pages"}],"about":[{"href":"https:\/\/trottingclassicstour.com\/de\/wp-json\/wp\/v2\/types\/page"}],"author":[{"embeddable":true,"href":"https:\/\/trottingclassicstour.com\/de\/wp-json\/wp\/v2\/users\/1"}],"replies":[{"embeddable":true,"href":"https:\/\/trottingclassicstour.com\/de\/wp-json\/wp\/v2\/comments?post=936"}],"version-history":[{"count":15,"href":"https:\/\/trottingclassicstour.com\/de\/wp-json\/wp\/v2\/pages\/936\/revisions"}],"predecessor-version":[{"id":5906,"href":"https:\/\/trottingclassicstour.com\/de\/wp-json\/wp\/v2\/pages\/936\/revisions\/5906"}],"wp:attachment":[{"href":"https:\/\/trottingclassicstour.com\/de\/wp-json\/wp\/v2\/media?parent=936"}],"curies":[{"name":"wp","href":"https:\/\/api.w.org\/{rel}","templated":true}]}}