{"id":946,"date":"2020-10-16T10:41:11","date_gmt":"2020-10-16T10:41:11","guid":{"rendered":"http:\/\/trottingclassicstour.com\/satellit-rennen\/"},"modified":"2023-10-27T11:12:34","modified_gmt":"2023-10-27T11:12:34","slug":"satellit-rennen","status":"publish","type":"page","link":"https:\/\/trottingclassicstour.com\/de\/satellit-rennen\/","title":{"rendered":"Satellit Rennen"},"content":{"rendered":"\t\t<div data-elementor-type=\"wp-page\" data-elementor-id=\"946\" class=\"elementor elementor-946 elementor-393\" data-elementor-post-type=\"page\">\n\t\t\t\t\t\t<section class=\"elementor-section elementor-top-section elementor-element elementor-element-7d37037 elementor-section-full_width elementor-section-height-default elementor-section-height-default\" data-id=\"7d37037\" data-element_type=\"section\" data-e-type=\"section\">\n\t\t\t\t\t\t<div class=\"elementor-container elementor-column-gap-default\">\n\t\t\t\t\t<div class=\"elementor-column elementor-col-100 elementor-top-column elementor-element elementor-element-e5efbce\" data-id=\"e5efbce\" data-element_type=\"column\" data-e-type=\"column\" data-settings=\"{&quot;background_background&quot;:&quot;classic&quot;}\">\n\t\t\t<div class=\"elementor-widget-wrap elementor-element-populated\">\n\t\t\t\t\t\t<section class=\"elementor-section elementor-inner-section elementor-element elementor-element-3ea9199 elementor-section-boxed elementor-section-height-default elementor-section-height-default\" data-id=\"3ea9199\" data-element_type=\"section\" data-e-type=\"section\">\n\t\t\t\t\t\t<div class=\"elementor-container elementor-column-gap-default\">\n\t\t\t\t\t<div class=\"elementor-column elementor-col-50 elementor-inner-column elementor-element elementor-element-5644e1e\" data-id=\"5644e1e\" data-element_type=\"column\" data-e-type=\"column\">\n\t\t\t<div class=\"elementor-widget-wrap elementor-element-populated\">\n\t\t\t\t\t\t\t<\/div>\n\t\t<\/div>\n\t\t\t\t<div class=\"elementor-column elementor-col-50 elementor-inner-column elementor-element elementor-element-056674d\" data-id=\"056674d\" data-element_type=\"column\" data-e-type=\"column\">\n\t\t\t<div class=\"elementor-widget-wrap\">\n\t\t\t\t\t\t\t<\/div>\n\t\t<\/div>\n\t\t\t\t\t<\/div>\n\t\t<\/section>\n\t\t\t\t\t<\/div>\n\t\t<\/div>\n\t\t\t\t\t<\/div>\n\t\t<\/section>\n\t\t\t\t<section class=\"elementor-section elementor-top-section elementor-element elementor-element-409296a elementor-section-boxed elementor-section-height-default elementor-section-height-default\" data-id=\"409296a\" data-element_type=\"section\" data-e-type=\"section\">\n\t\t\t\t\t\t<div class=\"elementor-container elementor-column-gap-default\">\n\t\t\t\t\t<div class=\"elementor-column elementor-col-66 elementor-top-column elementor-element elementor-element-50506f2\" data-id=\"50506f2\" data-element_type=\"column\" data-e-type=\"column\">\n\t\t\t<div class=\"elementor-widget-wrap elementor-element-populated\">\n\t\t\t\t\t\t<div class=\"elementor-element elementor-element-60669d1 elementor-widget elementor-widget-heading\" data-id=\"60669d1\" data-element_type=\"widget\" data-e-type=\"widget\" data-widget_type=\"heading.default\">\n\t\t\t\t<div class=\"elementor-widget-container\">\n\t\t\t\t\t<h2 class=\"elementor-heading-title elementor-size-default\">Satellit Rennen als zus\u00e4tzlicher Anreiz f\u00fcr den ganzen Sport!<\/h2>\t\t\t\t<\/div>\n\t\t\t\t<\/div>\n\t\t\t\t<div class=\"elementor-element elementor-element-03cc405 elementor-widget-divider--view-line elementor-widget elementor-widget-divider\" data-id=\"03cc405\" data-element_type=\"widget\" data-e-type=\"widget\" data-widget_type=\"divider.default\">\n\t\t\t\t<div class=\"elementor-widget-container\">\n\t\t\t\t\t\t\t<div class=\"elementor-divider\">\n\t\t\t<span class=\"elementor-divider-separator\">\n\t\t\t\t\t\t<\/span>\n\t\t<\/div>\n\t\t\t\t\t\t<\/div>\n\t\t\t\t<\/div>\n\t\t\t\t<div class=\"elementor-element elementor-element-78d7db4 elementor-widget elementor-widget-text-editor\" data-id=\"78d7db4\" data-element_type=\"widget\" data-e-type=\"widget\" data-widget_type=\"text-editor.default\">\n\t\t\t\t<div class=\"elementor-widget-container\">\n\t\t\t\t\t\t\t\t\t<p>Die Satellit Rennen des Trotting Classics Tour-Programms geben dem Sport einen breiten Schub. Diese Satellit Rennen werden auf mehrere Bahnen verteilt, so dass jeder Rennstrecke von den Vorteilen der Trotting Classics Tour profitiert. Letztendlich werden j\u00e4hrlich 25 Satellitenrennen mit erh\u00f6htem Preisgeld (mindestens 100% mehr als ein &#8222;normales Rennen&#8220;) ausgetragen.<\/p><p>Die Teilnahme an Satellit Rennen ist kostenlos (im Gegensatz zu den klassischen Rennen, bei denen 1% Startgeld bezahlt werden muss).<\/p><p>Die Teilnahme ist nur f\u00fcr Pferde m\u00f6glich, die im TCT Stake-Programm registriert sind (und daher die Teilnahmegeb\u00fchren bezahlt haben).<\/p><p>Satellit Rennen finden haupts\u00e4chlich im Vorfeld eines bestimmten Klassikers statt<\/p><p>Die Trotting Classics Tour sorgt f\u00fcr ein grosses Pokal beim Siegerehrung<\/p><p>Satelitt Rennen sorgen f\u00fcr mehr Exposure auf die Rennbahn und somit mehr M\u00f6glichkeiten f\u00fcr PR und Marketing\u00a0<\/p><p><span style=\"color: #51b0c6;\"><strong>Vorteile von Satellit rennen f\u00fcr Eigent\u00fcmer.<\/strong><\/span><\/p><ul><li>Nehmen Sie kostenlos an einem TCT-Rennen auf Ihre Lieblings Bahn teil<\/li><li>Wenn Sie gewinnen, wird f\u00fcr den betreffenden Klassiches Rennen keine Startgeb\u00fchr f\u00e4llig<\/li><li>Sch\u00f6ner Vorbereitungskurs im Vorfeld des jeweiligen TCT-Klassikers<\/li><li>Das Preisgeld hat sich im Vergleich zu einem normalen Rennen mindestens verdoppelt<\/li><li>Wenn Sie gewinnen, ein gro\u00dfer TCT-Pokal<\/li><\/ul><p><strong>Wichtig:<\/strong><br \/><em>Die Teilnahme an Satellit Rennen ist keine Voraussetzung f\u00fcr die Teilnahme an den klassischen Rennen. Es ist also kein Qualifikationsrennen !<\/em><\/p>\t\t\t\t\t\t\t\t<\/div>\n\t\t\t\t<\/div>\n\t\t\t\t\t<\/div>\n\t\t<\/div>\n\t\t\t\t<div class=\"elementor-column elementor-col-33 elementor-top-column elementor-element elementor-element-8a02253\" data-id=\"8a02253\" data-element_type=\"column\" data-e-type=\"column\" data-settings=\"{&quot;background_background&quot;:&quot;classic&quot;}\">\n\t\t\t<div class=\"elementor-widget-wrap elementor-element-populated\">\n\t\t\t\t\t\t<div class=\"elementor-element elementor-element-4ddf487 elementor-widget elementor-widget-image\" data-id=\"4ddf487\" data-element_type=\"widget\" data-e-type=\"widget\" data-widget_type=\"image.default\">\n\t\t\t\t<div class=\"elementor-widget-container\">\n\t\t\t\t\t\t\t\t\t\t\t\t\t\t\t<img fetchpriority=\"high\" decoding=\"async\" width=\"600\" height=\"900\" src=\"https:\/\/trottingclassicstour.com\/wp-content\/uploads\/2020\/09\/inspector_bros_robin_bakker.jpg\" class=\"attachment-large size-large wp-image-715\" alt=\"\" srcset=\"https:\/\/trottingclassicstour.com\/wp-content\/uploads\/2020\/09\/inspector_bros_robin_bakker.jpg 600w, https:\/\/trottingclassicstour.com\/wp-content\/uploads\/2020\/09\/inspector_bros_robin_bakker-200x300.jpg 200w\" sizes=\"(max-width: 600px) 100vw, 600px\" \/>\t\t\t\t\t\t\t\t\t\t\t\t\t\t\t<\/div>\n\t\t\t\t<\/div>\n\t\t\t\t\t<\/div>\n\t\t<\/div>\n\t\t\t\t\t<\/div>\n\t\t<\/section>\n\t\t\t\t<\/div>\n\t\t","protected":false},"excerpt":{"rendered":"<p>Satellit Rennen als zus\u00e4tzlicher Anreiz f\u00fcr den ganzen Sport! Die Satellit Rennen des Trotting Classics Tour-Programms geben dem Sport einen breiten Schub. Diese Satellit Rennen werden auf mehrere Bahnen verteilt, so dass jeder Rennstrecke von den Vorteilen der Trotting Classics Tour profitiert. Letztendlich werden j\u00e4hrlich 25 Satellitenrennen mit erh\u00f6htem Preisgeld (mindestens 100% mehr als ein [&hellip;]<\/p>\n","protected":false},"author":1,"featured_media":0,"parent":0,"menu_order":0,"comment_status":"closed","ping_status":"closed","template":"","meta":{"site-sidebar-layout":"no-sidebar","site-content-layout":"page-builder","ast-site-content-layout":"default","site-content-style":"default","site-sidebar-style":"default","ast-global-header-display":"","ast-banner-title-visibility":"","ast-main-header-display":"","ast-hfb-above-header-display":"","ast-hfb-below-header-display":"","ast-hfb-mobile-header-display":"","site-post-title":"disabled","ast-breadcrumbs-content":"","ast-featured-img":"disabled","footer-sml-layout":"","ast-disable-related-posts":"","theme-transparent-header-meta":"default","adv-header-id-meta":"","stick-header-meta":"","header-above-stick-meta":"","header-main-stick-meta":"","header-below-stick-meta":"","astra-migrate-meta-layouts":"default","ast-page-background-enabled":"default","ast-page-background-meta":{"desktop":{"background-color":"","background-image":"","background-repeat":"repeat","background-position":"center center","background-size":"auto","background-attachment":"scroll","background-type":"","background-media":"","overlay-type":"","overlay-color":"","overlay-opacity":"","overlay-gradient":""},"tablet":{"background-color":"","background-image":"","background-repeat":"repeat","background-position":"center center","background-size":"auto","background-attachment":"scroll","background-type":"","background-media":"","overlay-type":"","overlay-color":"","overlay-opacity":"","overlay-gradient":""},"mobile":{"background-color":"","background-image":"","background-repeat":"repeat","background-position":"center center","background-size":"auto","background-attachment":"scroll","background-type":"","background-media":"","overlay-type":"","overlay-color":"","overlay-opacity":"","overlay-gradient":""}},"ast-content-background-meta":{"desktop":{"background-color":"var(--ast-global-color-5)","background-image":"","background-repeat":"repeat","background-position":"center center","background-size":"auto","background-attachment":"scroll","background-type":"","background-media":"","overlay-type":"","overlay-color":"","overlay-opacity":"","overlay-gradient":""},"tablet":{"background-color":"var(--ast-global-color-5)","background-image":"","background-repeat":"repeat","background-position":"center center","background-size":"auto","background-attachment":"scroll","background-type":"","background-media":"","overlay-type":"","overlay-color":"","overlay-opacity":"","overlay-gradient":""},"mobile":{"background-color":"var(--ast-global-color-5)","background-image":"","background-repeat":"repeat","background-position":"center center","background-size":"auto","background-attachment":"scroll","background-type":"","background-media":"","overlay-type":"","overlay-color":"","overlay-opacity":"","overlay-gradient":""}},"footnotes":""},"class_list":["post-946","page","type-page","status-publish","hentry"],"_links":{"self":[{"href":"https:\/\/trottingclassicstour.com\/de\/wp-json\/wp\/v2\/pages\/946","targetHints":{"allow":["GET"]}}],"collection":[{"href":"https:\/\/trottingclassicstour.com\/de\/wp-json\/wp\/v2\/pages"}],"about":[{"href":"https:\/\/trottingclassicstour.com\/de\/wp-json\/wp\/v2\/types\/page"}],"author":[{"embeddable":true,"href":"https:\/\/trottingclassicstour.com\/de\/wp-json\/wp\/v2\/users\/1"}],"replies":[{"embeddable":true,"href":"https:\/\/trottingclassicstour.com\/de\/wp-json\/wp\/v2\/comments?post=946"}],"version-history":[{"count":23,"href":"https:\/\/trottingclassicstour.com\/de\/wp-json\/wp\/v2\/pages\/946\/revisions"}],"predecessor-version":[{"id":5909,"href":"https:\/\/trottingclassicstour.com\/de\/wp-json\/wp\/v2\/pages\/946\/revisions\/5909"}],"wp:attachment":[{"href":"https:\/\/trottingclassicstour.com\/de\/wp-json\/wp\/v2\/media?parent=946"}],"curies":[{"name":"wp","href":"https:\/\/api.w.org\/{rel}","templated":true}]}}