{"id":950,"date":"2020-10-16T10:49:56","date_gmt":"2020-10-16T10:49:56","guid":{"rendered":"http:\/\/trottingclassicstour.com\/sponsoring\/"},"modified":"2023-10-27T11:24:56","modified_gmt":"2023-10-27T11:24:56","slug":"sponsoring","status":"publish","type":"page","link":"https:\/\/trottingclassicstour.com\/de\/sponsoring\/","title":{"rendered":"Sponsoring"},"content":{"rendered":"\t\t<div data-elementor-type=\"wp-page\" data-elementor-id=\"950\" class=\"elementor elementor-950 elementor-303\" data-elementor-post-type=\"page\">\n\t\t\t\t\t\t<section class=\"elementor-section elementor-top-section elementor-element elementor-element-7d37037 elementor-section-full_width elementor-section-height-default elementor-section-height-default\" data-id=\"7d37037\" data-element_type=\"section\" data-e-type=\"section\">\n\t\t\t\t\t\t<div class=\"elementor-container elementor-column-gap-default\">\n\t\t\t\t\t<div class=\"elementor-column elementor-col-100 elementor-top-column elementor-element elementor-element-e5efbce\" data-id=\"e5efbce\" data-element_type=\"column\" data-e-type=\"column\" data-settings=\"{&quot;background_background&quot;:&quot;classic&quot;}\">\n\t\t\t<div class=\"elementor-widget-wrap elementor-element-populated\">\n\t\t\t\t\t\t<section class=\"elementor-section elementor-inner-section elementor-element elementor-element-3ea9199 elementor-section-boxed elementor-section-height-default elementor-section-height-default\" data-id=\"3ea9199\" data-element_type=\"section\" data-e-type=\"section\">\n\t\t\t\t\t\t<div class=\"elementor-container elementor-column-gap-default\">\n\t\t\t\t\t<div class=\"elementor-column elementor-col-50 elementor-inner-column elementor-element elementor-element-5644e1e\" data-id=\"5644e1e\" data-element_type=\"column\" data-e-type=\"column\">\n\t\t\t<div class=\"elementor-widget-wrap elementor-element-populated\">\n\t\t\t\t\t\t\t<\/div>\n\t\t<\/div>\n\t\t\t\t<div class=\"elementor-column elementor-col-50 elementor-inner-column elementor-element elementor-element-056674d\" data-id=\"056674d\" data-element_type=\"column\" data-e-type=\"column\">\n\t\t\t<div class=\"elementor-widget-wrap\">\n\t\t\t\t\t\t\t<\/div>\n\t\t<\/div>\n\t\t\t\t\t<\/div>\n\t\t<\/section>\n\t\t\t\t\t<\/div>\n\t\t<\/div>\n\t\t\t\t\t<\/div>\n\t\t<\/section>\n\t\t\t\t<section class=\"elementor-section elementor-top-section elementor-element elementor-element-409296a elementor-section-boxed elementor-section-height-default elementor-section-height-default\" data-id=\"409296a\" data-element_type=\"section\" data-e-type=\"section\">\n\t\t\t\t\t\t<div class=\"elementor-container elementor-column-gap-default\">\n\t\t\t\t\t<div class=\"elementor-column elementor-col-66 elementor-top-column elementor-element elementor-element-50506f2\" data-id=\"50506f2\" data-element_type=\"column\" data-e-type=\"column\">\n\t\t\t<div class=\"elementor-widget-wrap elementor-element-populated\">\n\t\t\t\t\t\t<div class=\"elementor-element elementor-element-60669d1 elementor-widget elementor-widget-heading\" data-id=\"60669d1\" data-element_type=\"widget\" data-e-type=\"widget\" data-widget_type=\"heading.default\">\n\t\t\t\t<div class=\"elementor-widget-container\">\n\t\t\t\t\t<h2 class=\"elementor-heading-title elementor-size-default\">Sponsoren bringen Sie auf einen fliegenden Start!<\/h2>\t\t\t\t<\/div>\n\t\t\t\t<\/div>\n\t\t\t\t<div class=\"elementor-element elementor-element-c3a805d elementor-widget-divider--view-line elementor-widget elementor-widget-divider\" data-id=\"c3a805d\" data-element_type=\"widget\" data-e-type=\"widget\" data-widget_type=\"divider.default\">\n\t\t\t\t<div class=\"elementor-widget-container\">\n\t\t\t\t\t\t\t<div class=\"elementor-divider\">\n\t\t\t<span class=\"elementor-divider-separator\">\n\t\t\t\t\t\t<\/span>\n\t\t<\/div>\n\t\t\t\t\t\t<\/div>\n\t\t\t\t<\/div>\n\t\t\t\t<div class=\"elementor-element elementor-element-78d7db4 elementor-widget elementor-widget-text-editor\" data-id=\"78d7db4\" data-element_type=\"widget\" data-e-type=\"widget\" data-widget_type=\"text-editor.default\">\n\t\t\t\t<div class=\"elementor-widget-container\">\n\t\t\t\t\t\t\t\t\t<p>In den ersten Jahren wird das geplante Preisgeld nicht vollst\u00e4ndig durch die Teilnahmegeb\u00fchren gedeckt, und es m\u00fcssen Sponsoren gefunden werden, die dieses Preisgeld f\u00fcr die ersten drei Jahre garantieren.<\/p><p><span style=\"color: #51b0c6;\"><strong>Hauptsponsor der Trotting Classics Tour<\/strong><\/span><\/p><ul><li>Boko Stables Holland B.V.<\/li><\/ul><p><span style=\"color: #51b0c6;\"><strong>Platin Sponsoren<\/strong><\/span><\/p><ul><li>Newport Breeding B.V.<\/li><li>Stal Payday<\/li><li>Boko Stables Holland B.V.<\/li><li>Victoria Park Stable<\/li><li>Victoria Park Wolvega<\/li><li>Roman Thomaskamp<\/li><li>Schotte Vastgoed<\/li><li>Stable Why Not<\/li><li>ZEbetting &amp; Gaming NL B.V.<\/li><li>Hamburger Trab-Zentrum e.V. HTZ<\/li><li>M\u00fcnchner Trabrenn- und Zuchtverein e.V.<\/li><\/ul><p><strong><span style=\"color: #51b0c6;\">Gold Sponsoren<\/span><\/strong><\/p><ul><li>Gerrits Recycling Group B.V.<\/li><li>Merwestaal Moerdijk B.V.<\/li><li>Euregio Recycling B.V.<\/li><li>Dragon Trotters B.V.<\/li><li>TopKip B.V.<\/li><li>Leo Schalkoort B.V.<\/li><li>NL Pharma Veterinair B.V.<\/li><li>Robin Goudsblom<\/li><li>Glas Diergeneeskunde B.V.<\/li><li>De Hypotheekshop Lemmer<\/li><li>Robert Bi<\/li><li>Schavemaker Logistics<\/li><li>Stall Habo<\/li><li>Van Mossel Autolease<\/li><li>Readly Express<\/li><\/ul>\t\t\t\t\t\t\t\t<\/div>\n\t\t\t\t<\/div>\n\t\t\t\t<div class=\"elementor-element elementor-element-f79c59e elementor-widget elementor-widget-heading\" data-id=\"f79c59e\" data-element_type=\"widget\" data-e-type=\"widget\" data-widget_type=\"heading.default\">\n\t\t\t\t<div class=\"elementor-widget-container\">\n\t\t\t\t\t<h2 class=\"elementor-heading-title elementor-size-default\">Sponsor M\u00f6glichkeiten<\/h2>\t\t\t\t<\/div>\n\t\t\t\t<\/div>\n\t\t\t\t<div class=\"elementor-element elementor-element-3e73310 elementor-widget-divider--view-line elementor-widget elementor-widget-divider\" data-id=\"3e73310\" data-element_type=\"widget\" data-e-type=\"widget\" data-widget_type=\"divider.default\">\n\t\t\t\t<div class=\"elementor-widget-container\">\n\t\t\t\t\t\t\t<div class=\"elementor-divider\">\n\t\t\t<span class=\"elementor-divider-separator\">\n\t\t\t\t\t\t<\/span>\n\t\t<\/div>\n\t\t\t\t\t\t<\/div>\n\t\t\t\t<\/div>\n\t\t\t\t<div class=\"elementor-element elementor-element-5d13a59 elementor-widget elementor-widget-text-editor\" data-id=\"5d13a59\" data-element_type=\"widget\" data-e-type=\"widget\" data-widget_type=\"text-editor.default\">\n\t\t\t\t<div class=\"elementor-widget-container\">\n\t\t\t\t\t\t\t\t\t<p>Die Trotting Classics Tour bietet Sponsorenpakete: Platin (7.500 Euro pro Jahr) und Gold (3.000 Euro pro Jahr).<\/p>\t\t\t\t\t\t\t\t<\/div>\n\t\t\t\t<\/div>\n\t\t\t\t<div class=\"elementor-element elementor-element-838c192 elementor-view-default elementor-position-block-start elementor-mobile-position-block-start elementor-widget elementor-widget-icon-box\" data-id=\"838c192\" data-element_type=\"widget\" data-e-type=\"widget\" data-widget_type=\"icon-box.default\">\n\t\t\t\t<div class=\"elementor-widget-container\">\n\t\t\t\t\t\t\t<div class=\"elementor-icon-box-wrapper\">\n\n\t\t\t\t\t\t<div class=\"elementor-icon-box-icon\">\n\t\t\t\t<span  class=\"elementor-icon\">\n\t\t\t\t<i aria-hidden=\"true\" class=\"fas fa-crown\"><\/i>\t\t\t\t<\/span>\n\t\t\t<\/div>\n\t\t\t\n\t\t\t\t\t\t<div class=\"elementor-icon-box-content\">\n\n\t\t\t\t\t\t\t\t\t<h3 class=\"elementor-icon-box-title\">\n\t\t\t\t\t\t<span  >\n\t\t\t\t\t\t\tPlatin-Sponsor - 7.500 Euro (ohne MwSt.)\t\t\t\t\t\t<\/span>\n\t\t\t\t\t<\/h3>\n\t\t\t\t\n\t\t\t\t\t\t\t\t\t<p class=\"elementor-icon-box-description\">\n\t\t\t\t\t\t\u2022 Der Sponsor zahlt drei Jahre lang einen Betrag von 7.500 Euro pro Jahr.<br \/><br \/>\n\n\n\n\u2022 Der Sponsor erh\u00e4lt jedes Jahr ein gro\u00dfes TCT-Rennen im Namen<br \/><br \/>\n\n\u2022 Der Gewinner erh\u00e4lt eine gro\u00dfe Pokal und eine dekorative Decke mit Sponsorenlogo<br \/><br \/>\n\n\u2022 Gro\u00dfes Logo in der TCT-Werbes\u00e4ule auf allen Rennbahnen, auf denen TCT-Rennen stattfinden<br \/><br \/>\n\n\u2022 Firmenlogo auf allen Videobildschirmen \/ Fernsehger\u00e4ten w\u00e4hrend aller Renntage auf allen Rennbahnen, auf denen TCT-Rennen stattfinden<br \/><br \/>\n\n\u2022 Einladung f\u00fcr 6 Personen inklusive Buffet und Getr\u00e4nke w\u00e4hrend das Derby f\u00fcr Zweij\u00e4hrige, Dreij\u00e4hrige und Vierj\u00e4hrige Pferde und die wichtige TCT Rennen in Alkmaar, Hamburg und M\u00fcnchen.<br \/><br \/>\n\n\u2022 Einmal im Jahr wird f\u00fcr alle Platin-Sponsoren eine Reise zu einem speziellen Renntag oder einer Auktion im Ausland organisiert (Reise gegen Aufpreis). In einem Zeitraum von drei Jahren werden drei Reisen f\u00fcr die Platin-Sponsoren organisiert; der Hambletonian, Lexington Yearling Sale \/ Kentucky Futurity und an den Elitloppet\t\t\t\t\t<\/p>\n\t\t\t\t\n\t\t\t<\/div>\n\t\t\t\n\t\t<\/div>\n\t\t\t\t\t\t<\/div>\n\t\t\t\t<\/div>\n\t\t\t\t<div class=\"elementor-element elementor-element-983fbaf elementor-view-default elementor-position-block-start elementor-mobile-position-block-start elementor-widget elementor-widget-icon-box\" data-id=\"983fbaf\" data-element_type=\"widget\" data-e-type=\"widget\" data-widget_type=\"icon-box.default\">\n\t\t\t\t<div class=\"elementor-widget-container\">\n\t\t\t\t\t\t\t<div class=\"elementor-icon-box-wrapper\">\n\n\t\t\t\t\t\t<div class=\"elementor-icon-box-icon\">\n\t\t\t\t<span  class=\"elementor-icon\">\n\t\t\t\t<i aria-hidden=\"true\" class=\"fas fa-trophy\"><\/i>\t\t\t\t<\/span>\n\t\t\t<\/div>\n\t\t\t\n\t\t\t\t\t\t<div class=\"elementor-icon-box-content\">\n\n\t\t\t\t\t\t\t\t\t<h3 class=\"elementor-icon-box-title\">\n\t\t\t\t\t\t<span  >\n\t\t\t\t\t\t\tGold-Sponsor - 3.000 Euro (ohne MwSt.)\t\t\t\t\t\t<\/span>\n\t\t\t\t\t<\/h3>\n\t\t\t\t\n\t\t\t\t\t\t\t\t\t<p class=\"elementor-icon-box-description\">\n\t\t\t\t\t\t\u2022 Der Sponsor zahlt drei Jahre lang einen Betrag von 3.000 Euro pro Jahr.<br \/><br \/>\n\n\u2022 Logo in der TCT-Werbespalte auf allen Rennbahnen, auf denen TCT-Rennen stattfinden<br \/><br \/>\n\n\u2022 Einladung f\u00fcr 2 Personen inklusive Buffet mit Getr\u00e4nken w\u00e4hrend das Derby f\u00fcr Zweij\u00e4hrige, Dreij\u00e4hrige und Vierj\u00e4hrige Pferde und die wichtige TCT Rennen in Alkmaar, Hamburg und M\u00fcnchen<br \/><br \/>\n\n\u2022 Der Sponsor erh\u00e4lt w\u00e4hrend eines Renntreffens, bei dem ein TCT-Rennen stattfindet, einen Rennen auf sein Namen<br \/><br \/>\n\n\u2022 Der Gewinner erh\u00e4lt eine gro\u00dfe Bokal und eine dekorative Decke mit Sponsorenlogo<br \/><br \/>\n\n\u2022 Einmal im Jahr wird f\u00fcr alle Sponsoren eine Reise zu einem Speziellen Renntag oder einer Auktion im Ausland organisiert (Reise gegen Aufpreis).<br \/><br \/>\t\t\t\t\t<\/p>\n\t\t\t\t\n\t\t\t<\/div>\n\t\t\t\n\t\t<\/div>\n\t\t\t\t\t\t<\/div>\n\t\t\t\t<\/div>\n\t\t\t\t\t<\/div>\n\t\t<\/div>\n\t\t\t\t<div class=\"elementor-column elementor-col-33 elementor-top-column elementor-element elementor-element-8a02253\" data-id=\"8a02253\" data-element_type=\"column\" data-e-type=\"column\" data-settings=\"{&quot;background_background&quot;:&quot;classic&quot;}\">\n\t\t\t<div class=\"elementor-widget-wrap elementor-element-populated\">\n\t\t\t\t\t\t<div class=\"elementor-element elementor-element-4ddf487 elementor-widget elementor-widget-image\" data-id=\"4ddf487\" data-element_type=\"widget\" data-e-type=\"widget\" data-widget_type=\"image.default\">\n\t\t\t\t<div class=\"elementor-widget-container\">\n\t\t\t\t\t\t\t\t\t\t\t\t\t\t\t<img fetchpriority=\"high\" decoding=\"async\" width=\"600\" height=\"900\" src=\"https:\/\/trottingclassicstour.com\/wp-content\/uploads\/2020\/09\/inspector_bros_robin_bakker.jpg\" class=\"attachment-large size-large wp-image-715\" alt=\"\" srcset=\"https:\/\/trottingclassicstour.com\/wp-content\/uploads\/2020\/09\/inspector_bros_robin_bakker.jpg 600w, https:\/\/trottingclassicstour.com\/wp-content\/uploads\/2020\/09\/inspector_bros_robin_bakker-200x300.jpg 200w\" sizes=\"(max-width: 600px) 100vw, 600px\" \/>\t\t\t\t\t\t\t\t\t\t\t\t\t\t\t<\/div>\n\t\t\t\t<\/div>\n\t\t\t\t\t<\/div>\n\t\t<\/div>\n\t\t\t\t\t<\/div>\n\t\t<\/section>\n\t\t\t\t<\/div>\n\t\t","protected":false},"excerpt":{"rendered":"<p>Sponsoren bringen Sie auf einen fliegenden Start! In den ersten Jahren wird das geplante Preisgeld nicht vollst\u00e4ndig durch die Teilnahmegeb\u00fchren gedeckt, und es m\u00fcssen Sponsoren gefunden werden, die dieses Preisgeld f\u00fcr die ersten drei Jahre garantieren. Hauptsponsor der Trotting Classics Tour Boko Stables Holland B.V. Platin Sponsoren Newport Breeding B.V. Stal Payday Boko Stables Holland [&hellip;]<\/p>\n","protected":false},"author":1,"featured_media":0,"parent":0,"menu_order":0,"comment_status":"closed","ping_status":"closed","template":"","meta":{"site-sidebar-layout":"no-sidebar","site-content-layout":"page-builder","ast-site-content-layout":"default","site-content-style":"default","site-sidebar-style":"default","ast-global-header-display":"","ast-banner-title-visibility":"","ast-main-header-display":"","ast-hfb-above-header-display":"","ast-hfb-below-header-display":"","ast-hfb-mobile-header-display":"","site-post-title":"disabled","ast-breadcrumbs-content":"","ast-featured-img":"disabled","footer-sml-layout":"","ast-disable-related-posts":"","theme-transparent-header-meta":"default","adv-header-id-meta":"","stick-header-meta":"","header-above-stick-meta":"","header-main-stick-meta":"","header-below-stick-meta":"","astra-migrate-meta-layouts":"default","ast-page-background-enabled":"default","ast-page-background-meta":{"desktop":{"background-color":"","background-image":"","background-repeat":"repeat","background-position":"center center","background-size":"auto","background-attachment":"scroll","background-type":"","background-media":"","overlay-type":"","overlay-color":"","overlay-opacity":"","overlay-gradient":""},"tablet":{"background-color":"","background-image":"","background-repeat":"repeat","background-position":"center center","background-size":"auto","background-attachment":"scroll","background-type":"","background-media":"","overlay-type":"","overlay-color":"","overlay-opacity":"","overlay-gradient":""},"mobile":{"background-color":"","background-image":"","background-repeat":"repeat","background-position":"center center","background-size":"auto","background-attachment":"scroll","background-type":"","background-media":"","overlay-type":"","overlay-color":"","overlay-opacity":"","overlay-gradient":""}},"ast-content-background-meta":{"desktop":{"background-color":"var(--ast-global-color-5)","background-image":"","background-repeat":"repeat","background-position":"center center","background-size":"auto","background-attachment":"scroll","background-type":"","background-media":"","overlay-type":"","overlay-color":"","overlay-opacity":"","overlay-gradient":""},"tablet":{"background-color":"var(--ast-global-color-5)","background-image":"","background-repeat":"repeat","background-position":"center center","background-size":"auto","background-attachment":"scroll","background-type":"","background-media":"","overlay-type":"","overlay-color":"","overlay-opacity":"","overlay-gradient":""},"mobile":{"background-color":"var(--ast-global-color-5)","background-image":"","background-repeat":"repeat","background-position":"center center","background-size":"auto","background-attachment":"scroll","background-type":"","background-media":"","overlay-type":"","overlay-color":"","overlay-opacity":"","overlay-gradient":""}},"footnotes":""},"class_list":["post-950","page","type-page","status-publish","hentry"],"_links":{"self":[{"href":"https:\/\/trottingclassicstour.com\/de\/wp-json\/wp\/v2\/pages\/950","targetHints":{"allow":["GET"]}}],"collection":[{"href":"https:\/\/trottingclassicstour.com\/de\/wp-json\/wp\/v2\/pages"}],"about":[{"href":"https:\/\/trottingclassicstour.com\/de\/wp-json\/wp\/v2\/types\/page"}],"author":[{"embeddable":true,"href":"https:\/\/trottingclassicstour.com\/de\/wp-json\/wp\/v2\/users\/1"}],"replies":[{"embeddable":true,"href":"https:\/\/trottingclassicstour.com\/de\/wp-json\/wp\/v2\/comments?post=950"}],"version-history":[{"count":36,"href":"https:\/\/trottingclassicstour.com\/de\/wp-json\/wp\/v2\/pages\/950\/revisions"}],"predecessor-version":[{"id":5921,"href":"https:\/\/trottingclassicstour.com\/de\/wp-json\/wp\/v2\/pages\/950\/revisions\/5921"}],"wp:attachment":[{"href":"https:\/\/trottingclassicstour.com\/de\/wp-json\/wp\/v2\/media?parent=950"}],"curies":[{"name":"wp","href":"https:\/\/api.w.org\/{rel}","templated":true}]}}