{"id":953,"date":"2020-10-16T10:54:40","date_gmt":"2020-10-16T10:54:40","guid":{"rendered":"http:\/\/trottingclassicstour.com\/stakeholder-besitzer\/"},"modified":"2023-10-27T11:19:46","modified_gmt":"2023-10-27T11:19:46","slug":"stakeholder-besitzer","status":"publish","type":"page","link":"https:\/\/trottingclassicstour.com\/de\/stakeholder-besitzer\/","title":{"rendered":"Stakeholder &#8211; Besitzer"},"content":{"rendered":"\t\t<div data-elementor-type=\"wp-page\" data-elementor-id=\"953\" class=\"elementor elementor-953 elementor-257\" data-elementor-post-type=\"page\">\n\t\t\t\t\t\t<section class=\"elementor-section elementor-top-section elementor-element elementor-element-7d37037 elementor-section-full_width elementor-section-height-default elementor-section-height-default\" data-id=\"7d37037\" data-element_type=\"section\" data-e-type=\"section\">\n\t\t\t\t\t\t<div class=\"elementor-container elementor-column-gap-default\">\n\t\t\t\t\t<div class=\"elementor-column elementor-col-100 elementor-top-column elementor-element elementor-element-e5efbce\" data-id=\"e5efbce\" data-element_type=\"column\" data-e-type=\"column\" data-settings=\"{&quot;background_background&quot;:&quot;classic&quot;}\">\n\t\t\t<div class=\"elementor-widget-wrap elementor-element-populated\">\n\t\t\t\t\t\t<section class=\"elementor-section elementor-inner-section elementor-element elementor-element-3ea9199 elementor-section-boxed elementor-section-height-default elementor-section-height-default\" data-id=\"3ea9199\" data-element_type=\"section\" data-e-type=\"section\">\n\t\t\t\t\t\t<div class=\"elementor-container elementor-column-gap-default\">\n\t\t\t\t\t<div class=\"elementor-column elementor-col-50 elementor-inner-column elementor-element elementor-element-5644e1e\" data-id=\"5644e1e\" data-element_type=\"column\" data-e-type=\"column\">\n\t\t\t<div class=\"elementor-widget-wrap elementor-element-populated\">\n\t\t\t\t\t\t\t<\/div>\n\t\t<\/div>\n\t\t\t\t<div class=\"elementor-column elementor-col-50 elementor-inner-column elementor-element elementor-element-056674d\" data-id=\"056674d\" data-element_type=\"column\" data-e-type=\"column\">\n\t\t\t<div class=\"elementor-widget-wrap\">\n\t\t\t\t\t\t\t<\/div>\n\t\t<\/div>\n\t\t\t\t\t<\/div>\n\t\t<\/section>\n\t\t\t\t\t<\/div>\n\t\t<\/div>\n\t\t\t\t\t<\/div>\n\t\t<\/section>\n\t\t\t\t<section class=\"elementor-section elementor-top-section elementor-element elementor-element-409296a elementor-section-boxed elementor-section-height-default elementor-section-height-default\" data-id=\"409296a\" data-element_type=\"section\" data-e-type=\"section\">\n\t\t\t\t\t\t<div class=\"elementor-container elementor-column-gap-default\">\n\t\t\t\t\t<div class=\"elementor-column elementor-col-66 elementor-top-column elementor-element elementor-element-50506f2\" data-id=\"50506f2\" data-element_type=\"column\" data-e-type=\"column\">\n\t\t\t<div class=\"elementor-widget-wrap elementor-element-populated\">\n\t\t\t\t\t\t<div class=\"elementor-element elementor-element-60669d1 elementor-widget elementor-widget-heading\" data-id=\"60669d1\" data-element_type=\"widget\" data-e-type=\"widget\" data-widget_type=\"heading.default\">\n\t\t\t\t<div class=\"elementor-widget-container\">\n\t\t\t\t\t<h2 class=\"elementor-heading-title elementor-size-default\">Wichtige Perspektiven f\u00fcr alle Stakeholder.<\/h2>\t\t\t\t<\/div>\n\t\t\t\t<\/div>\n\t\t\t\t<div class=\"elementor-element elementor-element-f0735d1 elementor-widget-divider--view-line elementor-widget elementor-widget-divider\" data-id=\"f0735d1\" data-element_type=\"widget\" data-e-type=\"widget\" data-widget_type=\"divider.default\">\n\t\t\t\t<div class=\"elementor-widget-container\">\n\t\t\t\t\t\t\t<div class=\"elementor-divider\">\n\t\t\t<span class=\"elementor-divider-separator\">\n\t\t\t\t\t\t<\/span>\n\t\t<\/div>\n\t\t\t\t\t\t<\/div>\n\t\t\t\t<\/div>\n\t\t\t\t<div class=\"elementor-element elementor-element-78d7db4 elementor-widget elementor-widget-text-editor\" data-id=\"78d7db4\" data-element_type=\"widget\" data-e-type=\"widget\" data-widget_type=\"text-editor.default\">\n\t\t\t\t<div class=\"elementor-widget-container\">\n\t\t\t\t\t\t\t\t\t<p><span style=\"color: #51b0c6;\"><strong>Besitzer<\/strong><\/span><br \/><strong>Die Eigent\u00fcmer profitieren maximal vom j\u00e4hrlichen Sponsorenbeitrag und vom Beitrag der organisierenden Rennbahnen von ca. \u20ac. 100.000.<\/strong><\/p><p>Die Besitzer haben die Aussicht auf 20 neue klassische Rennen mit einem j\u00e4hrlichen Gesamtpreispool von 500.000 Euro . Alle Einlage- und Startgelder werden vollst\u00e4ndig als Preisgeld ausbezahlt. Dar\u00fcber hinaus k\u00f6nnen Sie kostenlos an 25 Satellit Rennen teilnehmen<\/p><p>Besitzer deutscher \/ schwedischer \/ belgischer \/ d\u00e4nischer \/ norwegischer Zuchtpferde k\u00f6nnen zwei Derbys in einem Jahr gewinnen! Neben dem Derby im Registrierungsland k\u00f6nnen diese Pferde mit dem TCT-Plan auch im Derby der Lage Landen starten.<\/p>\t\t\t\t\t\t\t\t<\/div>\n\t\t\t\t<\/div>\n\t\t\t\t<div class=\"elementor-element elementor-element-9bef7da elementor-widget elementor-widget-heading\" data-id=\"9bef7da\" data-element_type=\"widget\" data-e-type=\"widget\" data-widget_type=\"heading.default\">\n\t\t\t\t<div class=\"elementor-widget-container\">\n\t\t\t\t\t<h2 class=\"elementor-heading-title elementor-size-default\">Internationale Perspektive<\/h2>\t\t\t\t<\/div>\n\t\t\t\t<\/div>\n\t\t\t\t<div class=\"elementor-element elementor-element-6bbc24d elementor-widget-divider--view-line elementor-widget elementor-widget-divider\" data-id=\"6bbc24d\" data-element_type=\"widget\" data-e-type=\"widget\" data-widget_type=\"divider.default\">\n\t\t\t\t<div class=\"elementor-widget-container\">\n\t\t\t\t\t\t\t<div class=\"elementor-divider\">\n\t\t\t<span class=\"elementor-divider-separator\">\n\t\t\t\t\t\t<\/span>\n\t\t<\/div>\n\t\t\t\t\t\t<\/div>\n\t\t\t\t<\/div>\n\t\t\t\t<div class=\"elementor-element elementor-element-a5923f0 elementor-widget elementor-widget-text-editor\" data-id=\"a5923f0\" data-element_type=\"widget\" data-e-type=\"widget\" data-widget_type=\"text-editor.default\">\n\t\t\t\t<div class=\"elementor-widget-container\">\n\t\t\t\t\t\t\t\t\t<p><span style=\"color: #51b0c6;\"><strong>Belgien<\/strong><\/span><br \/>Auch in Belgien sind die Preisgelder f\u00fcr das Belgische Derby strukturell gering und neben dem Derby wurden fast keine klassischen Rennen f\u00fcr junge Pferde in Belgien ausgetragen. Die Teilnahme an den internationalen klassischen Rennen des TCT ist eine wunderbare Gelegenheit f\u00fcr belgische Besitzer.<\/p><p><span style=\"color: #51b0c6;\"><strong>D\u00e4nemark<\/strong><\/span><br \/>In D\u00e4nemark gibt es auch einen gro\u00dfen Pferdebestand mit einem vergleichbaren Preisgeld wie der TCT. D\u00e4nische Besitzer k\u00f6nnen problemlos geografisch reisen, um an diesen internationalen klassischen Rennen teilzunehmen, wenn ihr Programm unserem entspricht.<\/p><p><span style=\"color: #51b0c6;\"><strong>Frankreich<\/strong><\/span><br \/>F\u00fcr franz\u00f6sische Besitzer ist es attraktiv, ein Gruppenrennen (Gruppe 1, 2 oder 3) zu gewinnen zuk\u00fcnftige Zucht als Stute oder Hengst.<\/p>\t\t\t\t\t\t\t\t<\/div>\n\t\t\t\t<\/div>\n\t\t\t\t<div class=\"elementor-element elementor-element-d56a320 elementor-widget elementor-widget-heading\" data-id=\"d56a320\" data-element_type=\"widget\" data-e-type=\"widget\" data-widget_type=\"heading.default\">\n\t\t\t\t<div class=\"elementor-widget-container\">\n\t\t\t\t\t<h2 class=\"elementor-heading-title elementor-size-default\">Vorteile f\u00fcr alle Besitzer<\/h2>\t\t\t\t<\/div>\n\t\t\t\t<\/div>\n\t\t\t\t<div class=\"elementor-element elementor-element-ac1fd9a elementor-widget-divider--view-line elementor-widget elementor-widget-divider\" data-id=\"ac1fd9a\" data-element_type=\"widget\" data-e-type=\"widget\" data-widget_type=\"divider.default\">\n\t\t\t\t<div class=\"elementor-widget-container\">\n\t\t\t\t\t\t\t<div class=\"elementor-divider\">\n\t\t\t<span class=\"elementor-divider-separator\">\n\t\t\t\t\t\t<\/span>\n\t\t<\/div>\n\t\t\t\t\t\t<\/div>\n\t\t\t\t<\/div>\n\t\t\t\t<div class=\"elementor-element elementor-element-a88b7b3 elementor-widget elementor-widget-text-editor\" data-id=\"a88b7b3\" data-element_type=\"widget\" data-e-type=\"widget\" data-widget_type=\"text-editor.default\">\n\t\t\t\t<div class=\"elementor-widget-container\">\n\t\t\t\t\t\t\t\t\t<ul><li>Verdienen Sie mehr Preisgeld f\u00fcr zwei-, drei- und vierj\u00e4hrige Pferde und die Triple Crown* von 100.000 Euro (* Nur f\u00fcr Pferde der Jahrg\u00e4nge 2019, 2020 und 2021)<\/li><li>M\u00f6glichkeit zur Teilnahme an zwei Derbys<\/li><li>Profitieren Sie von einer gro\u00dfen Menge Sponsoring-Geld zus\u00e4tzlich zum Einzahlungsgeld<\/li><li>50% Rabatt der ersten Einzahlung von WIYS (Wolvega International Yearling Sale) f\u00fcr dort versteigerte J\u00e4hrlinge.<\/li><li>Kostenlos teilnehmen an 25 Satellit Rennen<\/li><li>Mehrere Rennen ausschliesslich f\u00fcr Stuten<\/li><\/ul>\t\t\t\t\t\t\t\t<\/div>\n\t\t\t\t<\/div>\n\t\t\t\t\t<\/div>\n\t\t<\/div>\n\t\t\t\t<div class=\"elementor-column elementor-col-33 elementor-top-column elementor-element elementor-element-8a02253\" data-id=\"8a02253\" data-element_type=\"column\" data-e-type=\"column\" data-settings=\"{&quot;background_background&quot;:&quot;classic&quot;}\">\n\t\t\t<div class=\"elementor-widget-wrap elementor-element-populated\">\n\t\t\t\t\t\t<div class=\"elementor-element elementor-element-4ddf487 elementor-widget elementor-widget-image\" data-id=\"4ddf487\" data-element_type=\"widget\" data-e-type=\"widget\" data-widget_type=\"image.default\">\n\t\t\t\t<div class=\"elementor-widget-container\">\n\t\t\t\t\t\t\t\t\t\t\t\t\t\t\t<img fetchpriority=\"high\" decoding=\"async\" width=\"729\" height=\"1024\" src=\"https:\/\/trottingclassicstour.com\/wp-content\/uploads\/2020\/09\/nivard-729x1024.jpg\" class=\"attachment-large size-large wp-image-703\" alt=\"\" srcset=\"https:\/\/trottingclassicstour.com\/wp-content\/uploads\/2020\/09\/nivard-729x1024.jpg 729w, https:\/\/trottingclassicstour.com\/wp-content\/uploads\/2020\/09\/nivard-214x300.jpg 214w, https:\/\/trottingclassicstour.com\/wp-content\/uploads\/2020\/09\/nivard-768x1079.jpg 768w, https:\/\/trottingclassicstour.com\/wp-content\/uploads\/2020\/09\/nivard.jpg 900w\" sizes=\"(max-width: 729px) 100vw, 729px\" \/>\t\t\t\t\t\t\t\t\t\t\t\t\t\t\t<\/div>\n\t\t\t\t<\/div>\n\t\t\t\t\t<\/div>\n\t\t<\/div>\n\t\t\t\t\t<\/div>\n\t\t<\/section>\n\t\t\t\t<\/div>\n\t\t","protected":false},"excerpt":{"rendered":"<p>Wichtige Perspektiven f\u00fcr alle Stakeholder. BesitzerDie Eigent\u00fcmer profitieren maximal vom j\u00e4hrlichen Sponsorenbeitrag und vom Beitrag der organisierenden Rennbahnen von ca. \u20ac. 100.000. Die Besitzer haben die Aussicht auf 20 neue klassische Rennen mit einem j\u00e4hrlichen Gesamtpreispool von 500.000 Euro . Alle Einlage- und Startgelder werden vollst\u00e4ndig als Preisgeld ausbezahlt. Dar\u00fcber hinaus k\u00f6nnen Sie kostenlos an [&hellip;]<\/p>\n","protected":false},"author":1,"featured_media":0,"parent":0,"menu_order":0,"comment_status":"closed","ping_status":"closed","template":"","meta":{"site-sidebar-layout":"no-sidebar","site-content-layout":"page-builder","ast-site-content-layout":"default","site-content-style":"default","site-sidebar-style":"default","ast-global-header-display":"","ast-banner-title-visibility":"","ast-main-header-display":"","ast-hfb-above-header-display":"","ast-hfb-below-header-display":"","ast-hfb-mobile-header-display":"","site-post-title":"disabled","ast-breadcrumbs-content":"","ast-featured-img":"disabled","footer-sml-layout":"","ast-disable-related-posts":"","theme-transparent-header-meta":"default","adv-header-id-meta":"","stick-header-meta":"","header-above-stick-meta":"","header-main-stick-meta":"","header-below-stick-meta":"","astra-migrate-meta-layouts":"default","ast-page-background-enabled":"default","ast-page-background-meta":{"desktop":{"background-color":"","background-image":"","background-repeat":"repeat","background-position":"center center","background-size":"auto","background-attachment":"scroll","background-type":"","background-media":"","overlay-type":"","overlay-color":"","overlay-opacity":"","overlay-gradient":""},"tablet":{"background-color":"","background-image":"","background-repeat":"repeat","background-position":"center center","background-size":"auto","background-attachment":"scroll","background-type":"","background-media":"","overlay-type":"","overlay-color":"","overlay-opacity":"","overlay-gradient":""},"mobile":{"background-color":"","background-image":"","background-repeat":"repeat","background-position":"center center","background-size":"auto","background-attachment":"scroll","background-type":"","background-media":"","overlay-type":"","overlay-color":"","overlay-opacity":"","overlay-gradient":""}},"ast-content-background-meta":{"desktop":{"background-color":"var(--ast-global-color-5)","background-image":"","background-repeat":"repeat","background-position":"center center","background-size":"auto","background-attachment":"scroll","background-type":"","background-media":"","overlay-type":"","overlay-color":"","overlay-opacity":"","overlay-gradient":""},"tablet":{"background-color":"var(--ast-global-color-5)","background-image":"","background-repeat":"repeat","background-position":"center center","background-size":"auto","background-attachment":"scroll","background-type":"","background-media":"","overlay-type":"","overlay-color":"","overlay-opacity":"","overlay-gradient":""},"mobile":{"background-color":"var(--ast-global-color-5)","background-image":"","background-repeat":"repeat","background-position":"center center","background-size":"auto","background-attachment":"scroll","background-type":"","background-media":"","overlay-type":"","overlay-color":"","overlay-opacity":"","overlay-gradient":""}},"footnotes":""},"class_list":["post-953","page","type-page","status-publish","hentry"],"_links":{"self":[{"href":"https:\/\/trottingclassicstour.com\/de\/wp-json\/wp\/v2\/pages\/953","targetHints":{"allow":["GET"]}}],"collection":[{"href":"https:\/\/trottingclassicstour.com\/de\/wp-json\/wp\/v2\/pages"}],"about":[{"href":"https:\/\/trottingclassicstour.com\/de\/wp-json\/wp\/v2\/types\/page"}],"author":[{"embeddable":true,"href":"https:\/\/trottingclassicstour.com\/de\/wp-json\/wp\/v2\/users\/1"}],"replies":[{"embeddable":true,"href":"https:\/\/trottingclassicstour.com\/de\/wp-json\/wp\/v2\/comments?post=953"}],"version-history":[{"count":25,"href":"https:\/\/trottingclassicstour.com\/de\/wp-json\/wp\/v2\/pages\/953\/revisions"}],"predecessor-version":[{"id":5918,"href":"https:\/\/trottingclassicstour.com\/de\/wp-json\/wp\/v2\/pages\/953\/revisions\/5918"}],"wp:attachment":[{"href":"https:\/\/trottingclassicstour.com\/de\/wp-json\/wp\/v2\/media?parent=953"}],"curies":[{"name":"wp","href":"https:\/\/api.w.org\/{rel}","templated":true}]}}