{"id":960,"date":"2020-10-16T12:08:12","date_gmt":"2020-10-16T12:08:12","guid":{"rendered":"http:\/\/trottingclassicstour.com\/geplante-rennen\/"},"modified":"2025-03-12T10:39:22","modified_gmt":"2025-03-12T10:39:22","slug":"geplante-rennen","status":"publish","type":"page","link":"https:\/\/trottingclassicstour.com\/de\/geplante-rennen\/","title":{"rendered":"Geplante Rennen"},"content":{"rendered":"\t\t<div data-elementor-type=\"wp-page\" data-elementor-id=\"960\" class=\"elementor elementor-960 elementor-385\" data-elementor-post-type=\"page\">\n\t\t\t\t\t\t<section class=\"elementor-section elementor-top-section elementor-element elementor-element-da12899 elementor-section-full_width elementor-section-height-default elementor-section-height-default\" data-id=\"da12899\" data-element_type=\"section\" data-e-type=\"section\">\n\t\t\t\t\t\t<div class=\"elementor-container elementor-column-gap-default\">\n\t\t\t\t\t<div class=\"elementor-column elementor-col-100 elementor-top-column elementor-element elementor-element-db6f953\" data-id=\"db6f953\" data-element_type=\"column\" data-e-type=\"column\" data-settings=\"{&quot;background_background&quot;:&quot;classic&quot;}\">\n\t\t\t<div class=\"elementor-widget-wrap elementor-element-populated\">\n\t\t\t\t\t\t<section class=\"elementor-section elementor-inner-section elementor-element elementor-element-4f4be53 elementor-section-boxed elementor-section-height-default elementor-section-height-default\" data-id=\"4f4be53\" data-element_type=\"section\" data-e-type=\"section\">\n\t\t\t\t\t\t<div class=\"elementor-container elementor-column-gap-default\">\n\t\t\t\t\t<div class=\"elementor-column elementor-col-50 elementor-inner-column elementor-element elementor-element-12738cd\" data-id=\"12738cd\" data-element_type=\"column\" data-e-type=\"column\">\n\t\t\t<div class=\"elementor-widget-wrap elementor-element-populated\">\n\t\t\t\t\t\t\t<\/div>\n\t\t<\/div>\n\t\t\t\t<div class=\"elementor-column elementor-col-50 elementor-inner-column elementor-element elementor-element-bcaf227\" data-id=\"bcaf227\" data-element_type=\"column\" data-e-type=\"column\">\n\t\t\t<div class=\"elementor-widget-wrap\">\n\t\t\t\t\t\t\t<\/div>\n\t\t<\/div>\n\t\t\t\t\t<\/div>\n\t\t<\/section>\n\t\t\t\t\t<\/div>\n\t\t<\/div>\n\t\t\t\t\t<\/div>\n\t\t<\/section>\n\t\t\t\t<section class=\"elementor-section elementor-top-section elementor-element elementor-element-adc432a elementor-section-boxed elementor-section-height-default elementor-section-height-default\" data-id=\"adc432a\" data-element_type=\"section\" data-e-type=\"section\">\n\t\t\t\t\t\t<div class=\"elementor-container elementor-column-gap-default\">\n\t\t\t\t\t<div class=\"elementor-column elementor-col-66 elementor-top-column elementor-element elementor-element-ff0cf3d\" data-id=\"ff0cf3d\" data-element_type=\"column\" data-e-type=\"column\">\n\t\t\t<div class=\"elementor-widget-wrap elementor-element-populated\">\n\t\t\t\t\t\t<div class=\"elementor-element elementor-element-82e077a elementor-widget elementor-widget-heading\" data-id=\"82e077a\" data-element_type=\"widget\" data-e-type=\"widget\" data-widget_type=\"heading.default\">\n\t\t\t\t<div class=\"elementor-widget-container\">\n\t\t\t\t\t<h2 class=\"elementor-heading-title elementor-size-default\">Ausschreibungen  TCT 2025<\/h2>\t\t\t\t<\/div>\n\t\t\t\t<\/div>\n\t\t\t\t<div class=\"elementor-element elementor-element-853d50b elementor-widget elementor-widget-text-editor\" data-id=\"853d50b\" data-element_type=\"widget\" data-e-type=\"widget\" data-widget_type=\"text-editor.default\">\n\t\t\t\t<div class=\"elementor-widget-container\">\n\t\t\t\t\t\t\t\t\t<h5><strong>Bahn\/Datum: Duindigt, 03.08.2025<br \/>TCT Satelliten Rennen \u2013 2025<\/strong><\/h5><p>F\u00fcr zweij\u00e4hrige Pferde aller L\u00e4nder (Geburtsjahr 2023), die in der Trotting Classics Tour genannt sind.<br \/>Distanz 1.609m. Autostart<\/p><p><strong>Spezifikationen<\/strong><br \/>Es starten maximal 12 Pferde. Sollten mehr als 12 Pferde als Starter angegeben werden, wird das Rennen geteilt.<\/p><p>Teilung in Rennen nur f\u00fcr Stuten und Hengste\/Wallache wird stattfinden wenn mehr als 6 Stuten und 6 Hengste\/Wallache angegeben werden*<\/p><p>Das Rennen findet statt wenn mindestens 6 Pferde angemeldet sind.<\/p><p><strong>Dotierung<\/strong><br \/>\u20ac. 5.000,\u2013 excl. Zuchtpr\u00e4mie<br \/>(2.250, 1.000, 750, 450, 300, 150, 100 + 10% Zuchtpr\u00e4mie)<\/p><p><strong>Startpl\u00e4tze<\/strong><br \/>Die Startpl\u00e4tze werden ausgelost.<\/p><p><strong>Startgeld<\/strong><br \/>Kein Startgeld<\/p><p><strong>zus\u00e4tzliche Info<\/strong><br \/>Der Gewinner zahlt kein Startgeld f\u00fcr das Rennen vom 3. Oktober (TCT Classic Race &#8211; Hamburg)<strong><br \/><\/strong><\/p><h5><strong>Bahn\/Datum: Victoria Park Wolvega, 16.08.2025<br \/>TCT Satelliten Rennen \u2013 2025<\/strong><\/h5><p>F\u00fcr zweij\u00e4hrige Pferde aller L\u00e4nder (Geburtsjahr 2023), die in der Trotting Classics Tour genannt sind.<br \/>Distanz 1.609m. Autostart<\/p><p><strong>Spezifikationen<\/strong><br \/>Es starten maximal 12 Pferde. Sollten mehr als 12 Pferde als Starter angegeben werden, wird das Rennen geteilt.<\/p><p>Teilung in Rennen nur f\u00fcr Stuten und Hengste\/Wallache wird stattfinden wenn mehr als 6 Stuten und 6 Hengste\/Wallache angegeben werden*<\/p><p>Das Rennen findet statt wenn mindestens 6 Pferde angemeldet sind.<\/p><p><strong>Dotierung<\/strong><br \/>\u20ac. 6.000,\u2013 excl. Zuchtpr\u00e4mie<br \/>( 2500 \u2013 1250 \u2013 1000 \u2013 600 \u2013 350 \u2013 200 \u2013 100 + 10% Zuchtpr\u00e4mie)<\/p><p><strong>Startpl\u00e4tze<\/strong><br \/>Die Startpl\u00e4tze werden ausgelost.<\/p><p><strong>Startgeld<\/strong><br \/>Kein Startgeld<\/p><p><strong>zus\u00e4tzliche Info<\/strong><br \/>Der Gewinner zahlt kein Startgeld f\u00fcr das Rennen vom 3. Oktober (TCT Classic Race &#8211; Hamburg)<strong><br \/><\/strong><\/p><h5><strong>Bahn\/Datum: M\u00fcnchen Daglfing, 14.09.2025<br \/>M\u00fcnchen TCT Cup \u2013 2025<\/strong><\/h5><p>F\u00fcr zweij\u00e4hrige Pferde aller L\u00e4nder (Geburtsjahr 2023), die in der Trotting Classics Tour genannt sind.<br \/>Distanz 1.680m. Autostart<\/p><p><strong>Spezifikationen<\/strong><br \/>Es starten maximal 12 Pferde. Sollten mehr als 12 Pferde als Starter angegeben werden wird das Rennen wie folgt geteilt:<\/p><p>Wenn jeweils mindestens 6 Stuten und 6 Hengste\/Wallache als Starter angegeben werden wird das Rennen nach Geschlechtern geteilt<\/p><p>Wenn insgesamt mehr als 12 Pferde angegeben sind aber bei einem Geschlecht weniger als 6 Pferde kann das Rennen gem\u00e4\u00df Trabrennordnung geteilt werden.<\/p><p><strong>Dotierung<\/strong><br \/>\u20ac 20.000,\u2013 excl. Zuchtpr\u00e4mie<br \/>(9.200 \u2013 4.600 \u2013 2.200 \u2013 1.600 \u2013 1.000 \u2013 800 \u2013 600 + 10% Zuchtpr\u00e4mie)<\/p><p>Bei Teilung in zwei Abteilungen betr\u00e4gt die Dotierung:<\/p><p>2 Abteilungen: \u20ac. 24.000 (\u20ac. 12.000 pro Abteilung)<br \/>3 Abteilungen: \u20ac 27.000 (\u20ac. 9.000 pro Abteilung)<br \/>4 Abteilungen: \u00a0\u20ac. 30.000 (\u20ac. 7.500 pro Abteilung)<\/p><p><strong>Startpl\u00e4tze<\/strong><br \/>Die Startpl\u00e4tze werden ausgelost.<\/p><p><strong>Startgeld<\/strong><br \/>Das Startgeld betr\u00e4gt 1% des Preisgeldes pro Abteilung zzgl. MwSt.<\/p><p><strong>zus\u00e4tzliche Info<\/strong><br \/>Kein<\/p><h5><strong>Bahn\/Datum: Duindigt, 21.09.2025<br \/>TCT Satelliten Rennen \u2013 2025<\/strong><\/h5><p>F\u00fcr zweij\u00e4hrige Pferde aller L\u00e4nder (Geburtsjahr 2023), die in der Trotting Classics Tour genannt sind.<br \/>Distanz 1.609m. Autostart<\/p><p><strong>Spezifikationen<\/strong><br \/>Es starten maximal 12 Pferde. Sollten mehr als 12 Pferde als Starter angegeben werden, wird das Rennen geteilt.<\/p><p>Teilung in Rennen nur f\u00fcr Stuten und Hengste\/Wallache wird stattfinden wenn mehr als 6 Stuten und 6 Hengste\/Wallache angegeben werden*<\/p><p>Das Rennen findet statt wenn mindestens 6 Pferde angemeldet sind.<\/p><p><strong>Dotierung<\/strong><br \/>\u20ac. 5.000,\u2013 excl, Zuchtpr\u00e4mie<br \/>(2.250, 1.000, 750, 450, 300, 150, 100 + 10% Zuchtpr\u00e4mie)<\/p><p><strong>Startpl\u00e4tze<\/strong><br \/>Die Startpl\u00e4tze werden ausgelost.<\/p><p><strong>Startgeld<\/strong><br \/>Kein Startgeld<\/p><p><strong>zus\u00e4tzliche Info<\/strong><br \/>Der Gewinner zahlt kein Startgeld f\u00fcr das Rennen vom 3. Oktober (TCT Classic Race &#8211; Hamburg)<strong>\u00a0<\/strong><\/p><h5><strong>Bahn\/Datum: Hamburg, 03.10.2025<br \/>TCT Classics Race \u2013 2025<\/strong><\/h5><p>F\u00fcr zweij\u00e4hrige Pferde aller L\u00e4nder (Geburtsjahr 2023), die in der Trotting Classics Tour genannt sind.<br \/>Distanz 1.680m. Autostart<\/p><p><strong>Spezifikationen<\/strong><br \/>Es starten maximal 12 Pferde. Sollten mehr als 12 Pferde als Starter angegeben werden wird das Rennen wie folgt geteilt:<\/p><p>Wenn jeweils mindestens 6 Stuten und 6 Hengste\/Wallache als Starter angegeben werden wird das Rennen nach Geschlechtern geteilt<\/p><p>Wenn insgesamt mehr als 12 Pferde angegeben sind aber bei einem Geschlecht weniger als 6 Pferde kann das Rennen gem\u00e4\u00df Trabrennordnung geteilt werden.<\/p><p><strong>Dotierung<\/strong><br \/>\u20ac 20.000,\u2013 excl. Zuchtpr\u00e4mie<br \/>(9.200 \u2013 4.600 \u2013 2.200 \u2013 1.600 \u2013 1.000 \u2013 800 \u2013 600 + 10% Zuchtpr\u00e4mie)<\/p><p>In het geval van meerdere afdelingen geldt de onderstaande dotering:<\/p><p>2 afdelingen: totaal \u20ac. 24.000 (\u20ac. 12.000 per afdeling)<br \/>3 afdelingen: totaal \u20ac 27.000 (\u20ac. 9.000 per afdeling)<br \/>4 afdelingen: totaal \u20ac. 30.000 (\u20ac. 7.500 per afdeling)<\/p><p><strong>Startpl\u00e4tze<\/strong><br \/>Die Startpl\u00e4tze werden ausgelost.<\/p><p><strong>Startgeld<\/strong><br \/>Das Startgeld betr\u00e4gt 1% des Preisgeldes pro Abteilung zzgl. MwSt.<\/p><p><strong>zus\u00e4tzliche Info<\/strong><br \/>Kein<\/p><h5><strong>Bahn\/Datum: Wolvega, 26.10.2025<br \/>TCT Satelliten Rennen \u2013 2025<\/strong><\/h5><p>F\u00fcr zweij\u00e4hrige Pferde aller L\u00e4nder (Geburtsjahr 2023), die in der Trotting Classics Tour genannt sind.<br \/>Distanz 1.609m. Autostart<\/p><p><strong>Spezifikationen<\/strong><br \/>Es starten maximal 12 Pferde. Sollten mehr als 12 Pferde als Starter angegeben werden, wird das Rennen geteilt.<\/p><p>Teilung in Rennen nur f\u00fcr Stuten und Hengste\/Wallache wird stattfinden wenn mehr als 6 Stuten und 6 Hengste\/Wallache angegeben werden*<\/p><p>Das Rennen findet statt wenn mindestens 6 Pferde angemeldet sind.<\/p><p><strong>Dotierung<\/strong><br \/>\u20ac. 6.000,\u2013 excl. Zuchtpr\u00e4mie<br \/>( 2500 \u2013 1250 \u2013 1000 \u2013 600 \u2013 350 \u2013 200 \u2013 100 + 10% Zuchtpr\u00e4mie)<\/p><p><strong>Startpl\u00e4tze<\/strong><br \/>Die Startpl\u00e4tze werden ausgelost.<\/p><p><strong>Startgeld<\/strong><br \/>Kein Startgeld<\/p><p><strong>zus\u00e4tzliche Info<\/strong><br \/>Der Gewinner zahlt kein Startgeld f\u00fcr das Rennen vom 20. Dezember (TCT Gold cup)<strong><br \/><\/strong><\/p><h5><strong>Bahn\/Datum: Wolvega, 14.11.2025<br \/>TCT Derby Vorl\u00e4ufe \u2013 2025<\/strong><\/h5><p>F\u00fcr zweij\u00e4hrige Pferde aller L\u00e4nder (Geburtsjahr 2023), die in der Trotting Classics Tour genannt sind.<br \/>Distanz 1.609m. Autostart<\/p><p><strong>Spezifikationen<\/strong><br \/>Es starten maximal 12 Pferde. Sollten mehr als 12 Pferde als Starter angegeben werden, wird es 2 Vorla\u00fcfe geben. Sollten mehr als 24 Pferde als Starter angegeben werden, wird es 3 Vorla\u00fcfe geben. Sollten mehr als 36 Pferde als Starter angegeben werden, wird es 4 Vorla\u00fcfe geben.<\/p><p><strong>Dotierung<\/strong><br \/>\u20ac 6.000,\u2013 excl. Zuchtpr\u00e4mie<br \/>( 2500 \u2013 1250 \u2013 1000 \u2013 600 \u2013 350 \u2013 200 \u2013 100 + 10% Zuchtpr\u00e4mie)<\/p><p><strong>Startpl\u00e4tze<\/strong><br \/>Die Startpl\u00e4tze werden ausgelost.<\/p><p><strong>Startgeld<\/strong><br \/>Das Startgeld betr\u00e4gt 1% des Preisgeldes vom Derby (6.12.2025) zzgl. MwSt.<\/p><p><strong>zus\u00e4tzliche Info<\/strong><br \/>Kein<\/p><h5><strong>Bahn\/Datum: Wolvega, 06.12.2025<br \/>Internationales TCT Zweij\u00e4hrigen Derby \u2013 2025<\/strong><\/h5><p>F\u00fcr zweij\u00e4hrige Pferde aller L\u00e4nder (Geburtsjahr 2023), die in der Trotting Classics Tour genannt sind.<br \/>Distanz 1.609m. Autostart<\/p><p><strong>Spezifikationen<\/strong><br \/>Die best kwalifizierte Pferde aus der Vorla\u00fcfe (14 November) starten im Derby Finale.<\/p><p>2 Vorla\u00fcfe: die 5 best kwalifizierte Pferde der beiden Serien<\/p><p>3 Vorla\u00fcfe: die 4 best kwalifizierte Pferde der 3 Serien<\/p><p>4 Vorla\u00fcfe: die 3 best kwalifizierte Pferde der 4 Serien<\/p><p>F\u00fcr den Fall, dass eines der qualifizierten Pferde nicht im Finale starten m\u00f6chte, verf\u00e4llt diese Teilnahme. Dies wird\u00a0<strong>NICHT<\/strong>\u00a0durch das \u201ebeste\u201c unqualifizierte Pferd ausgef\u00fcllt.<\/p><p>Bei 1 Serie sind alle Pferde startberechtigt im Finale (einschlie\u00dflich der ausgeschiedenen Pferde)<\/p><p><strong>Dotierung<\/strong><br \/>\u20ac. 40.000,\u2013 excl. Zuchtpr\u00e4mie<br \/>(19.000, 9.000, 5.000, 3.000, 2.000, 1.200, 800 + 10% Zuchtpr\u00e4mie)<\/p><p><strong>Startpl\u00e4tze<\/strong><br \/>Die Startpositionen im Finale werden nach den Vorla\u00fcfe gew\u00e4hlt durch den Trainer oder Inhaber.<\/p><p>Reihenfolge<\/p><p>Zuerst der schnellste Gewinner einer Serie, dann der zweitschnellste Gewinner einer Serie usw.<\/p><p>Dann die schnellste zweite Ankunft einer Serie, dann die zweitschnellste zweite Ankunft einer Serie. Dann das schnellste Dritter einer Serie usw.<\/p><p>Bei gleicher Gesamtzeit kann zuerst das Pferd mit der h\u00f6chsten tats\u00e4chlichen Gewinnsumme ausgew\u00e4hlt werden, und im dritten Fall entscheidet die Lotterie, wer zuerst ausgew\u00e4hlt wird. Im Falle einer Dead Heat kann zuerst das Pferd mit der tats\u00e4chlichen Gewinnsumme ausgew\u00e4hlt werden. Wenn dies auch der Fall ist, gibt es zuerst ein Unentschieden, f\u00fcr das zuerst ein Pferd ausgew\u00e4hlt werden kann. Dies bis zu maximal 10 Pferde.<\/p><p><strong>Startgeld<\/strong><br \/>F\u00fcr die Teilnahme an diesem Rennen ist kein Startgeld zu zahlen. Das Startgeld ist bereits bezahlt bei den Vorlauf!<\/p><p><strong>zus\u00e4tzliche Info<\/strong><br \/>Vor dem Derby findet eine Parade statt.<\/p><h5><strong>Bahn\/Datum: Wolvega, 06.12.2025<br \/>Zweij\u00e4hrigen Derby Trostlauf \u2013 2025<\/strong><\/h5><p>F\u00fcr zweij\u00e4hrige Pferde aller L\u00e4nder (Geburtsjahr 2023), die in der Trotting Classics Tour genannt sind.<br \/>Distanz 1.609m. Autostart<\/p><p><strong>Spezifikationen<\/strong><br \/>F\u00fcr Pferde die sich nicht f\u00fcr das Internationale Derby der Zweij\u00e4hrigen in der TCT Derby Selection vom 14.11.2024 qualifiziert haben. Pferde, die sich f\u00fcr das Derby-Finale qualifiziert haben, d\u00fcrfen NICHT im Trostfinale starten.<\/p><p>Eine Disqualifikation in der Serie bedeutet, dass man im Trostfinale starten darf.<\/p><p>Das Trostderby finden nur mit mindestens 6 angemeldete Pferden statt<\/p><p><strong>Dotierung<\/strong><br \/>\u20ac. 6.000,\u2013 excl. Zuchtpr\u00e4mie<br \/>( 2500 \u2013 1250 \u2013 1000 \u2013 600 \u2013 350 \u2013 200 \u2013 100 + 10% Zuchtpr\u00e4mie)<\/p><p><strong>Startpl\u00e4tze<\/strong><br \/>Die Startpl\u00e4tze werden ausgelost.<\/p><p><strong>Startgeld<\/strong><br \/>Kein Startgeld<\/p><p><strong>zus\u00e4tzliche Info<\/strong><br \/>Kein<\/p><h5><strong>Bahn\/Datum: Wolvega, 20.12.2025<br \/>Zweij\u00e4hrigen Gold Cup \u2013 2025<\/strong><\/h5><p>F\u00fcr zweij\u00e4hrige Pferde aller L\u00e4nder (Geburtsjahr 2023), die in der Trotting Classics Tour genannt sind.<br \/>Distanz 2.100m. Autostart<\/p><p><strong>Spezifikationen<\/strong><br \/>Es starten maximal 12 Pferde. Sollten mehr als 12 Pferde als Starter angegeben werden, wird das Rennen in zwei Abteilungen geteilt. Bei mehr als 24 Pferde, 3 Abteilungen, usw.<\/p><p>Teilung in Rennen nur f\u00fcr Stuten und Hengste\/Wallache wird stattfinden wenn mehr als 6 Stuten und 6 Hengste\/Wallache angegeben werden*<\/p><p><strong>Dotierung<\/strong><br \/>\u20ac. 30.000,\u2013 excl. Zuchtpr\u00e4mie <br \/>(14.000, 7.000, 3.750, 2.250, 1.500, 900, 600 + 10% Zuchtpr\u00e4mie)<\/p><p>2 Abteilungen: \u20ac. 34.000 (\u20ac. 17.000 pro Abteilung)<\/p><p>(8.000, 4.000, 2.000, 1.200, 900, 600, 300 + 10% \u20ac. 30.000,\u2013 excl. Zuchtpr\u00e4mie )<\/p><p><strong>Startpl\u00e4tze<\/strong><br \/>Es findet einen Auslosung \u00a0statt f\u00fcr die Startpositionen im ersten Rang zwischen den Pferden mit der h\u00f6chsten tats\u00e4chlichen Gewinnsumme; F\u00fcr die verbleibenden Startpositionen findet eine Auslosung statt zwischen den anderen qualifizierten Pferden.<\/p><p><strong>Startgeld<\/strong><br \/>Das Startgeld betr\u00e4gt 1% des Preisgeldes pro Abteilung zzgl. MwSt.<\/p><p><strong>zus\u00e4tzliche Info<br \/><\/strong>Kein<\/p>\t\t\t\t\t\t\t\t<\/div>\n\t\t\t\t<\/div>\n\t\t\t\t<div class=\"elementor-element elementor-element-6300363 elementor-widget-divider--view-line elementor-widget elementor-widget-divider\" data-id=\"6300363\" data-element_type=\"widget\" data-e-type=\"widget\" data-widget_type=\"divider.default\">\n\t\t\t\t<div class=\"elementor-widget-container\">\n\t\t\t\t\t\t\t<div class=\"elementor-divider\">\n\t\t\t<span class=\"elementor-divider-separator\">\n\t\t\t\t\t\t<\/span>\n\t\t<\/div>\n\t\t\t\t\t\t<\/div>\n\t\t\t\t<\/div>\n\t\t\t\t<div class=\"elementor-element elementor-element-18b579f elementor-widget elementor-widget-heading\" data-id=\"18b579f\" data-element_type=\"widget\" data-e-type=\"widget\" data-widget_type=\"heading.default\">\n\t\t\t\t<div class=\"elementor-widget-container\">\n\t\t\t\t\t<h2 class=\"elementor-heading-title elementor-size-default\">Rennen f\u00fcr zweij\u00e4hrige Pferde<\/h2>\t\t\t\t<\/div>\n\t\t\t\t<\/div>\n\t\t\t\t<section class=\"elementor-section elementor-inner-section elementor-element elementor-element-9ef8ddc elementor-section-boxed elementor-section-height-default elementor-section-height-default\" data-id=\"9ef8ddc\" data-element_type=\"section\" data-e-type=\"section\">\n\t\t\t\t\t\t<div class=\"elementor-container elementor-column-gap-default\">\n\t\t\t\t\t<div class=\"elementor-column elementor-col-100 elementor-inner-column elementor-element elementor-element-4695958\" data-id=\"4695958\" data-element_type=\"column\" data-e-type=\"column\">\n\t\t\t<div class=\"elementor-widget-wrap\">\n\t\t\t\t\t\t\t<\/div>\n\t\t<\/div>\n\t\t\t\t\t<\/div>\n\t\t<\/section>\n\t\t\t\t<section class=\"elementor-section elementor-inner-section elementor-element elementor-element-599bbb3 elementor-section-boxed elementor-section-height-default elementor-section-height-default\" data-id=\"599bbb3\" data-element_type=\"section\" data-e-type=\"section\">\n\t\t\t\t\t\t<div class=\"elementor-container elementor-column-gap-default\">\n\t\t\t\t\t<div class=\"elementor-column elementor-col-100 elementor-inner-column elementor-element elementor-element-6021ab7\" data-id=\"6021ab7\" data-element_type=\"column\" data-e-type=\"column\">\n\t\t\t<div class=\"elementor-widget-wrap elementor-element-populated\">\n\t\t\t\t\t\t<div class=\"elementor-element elementor-element-6293aab elementor-widget elementor-widget-text-editor\" data-id=\"6293aab\" data-element_type=\"widget\" data-e-type=\"widget\" data-widget_type=\"text-editor.default\">\n\t\t\t\t<div class=\"elementor-widget-container\">\n\t\t\t\t\t\t\t\t\t<p>* Bij aangifte van 13 paarden wordt de koers alleen gesplitst in een afdeling voor merries en een afdeling voor hengsten\/ruins indien minimaal 6 paarden van hetzelfde geslacht (dus minimaal 6 merries <strong>\u00e9n<\/strong> minimaal 6 hengsten en ruins) zijn aangegeven!<\/p><p>Winsomgrenzen zijn altijd op basis van werkelijke winsom.<\/p>\t\t\t\t\t\t\t\t<\/div>\n\t\t\t\t<\/div>\n\t\t\t\t\t<\/div>\n\t\t<\/div>\n\t\t\t\t\t<\/div>\n\t\t<\/section>\n\t\t\t\t\t<\/div>\n\t\t<\/div>\n\t\t\t\t<div class=\"elementor-column elementor-col-33 elementor-top-column elementor-element elementor-element-77f09ee\" data-id=\"77f09ee\" data-element_type=\"column\" data-e-type=\"column\" data-settings=\"{&quot;background_background&quot;:&quot;classic&quot;}\">\n\t\t\t<div class=\"elementor-widget-wrap elementor-element-populated\">\n\t\t\t\t\t\t<div class=\"elementor-element elementor-element-b810e95 elementor-widget elementor-widget-image\" data-id=\"b810e95\" data-element_type=\"widget\" data-e-type=\"widget\" data-widget_type=\"image.default\">\n\t\t\t\t<div class=\"elementor-widget-container\">\n\t\t\t\t\t\t\t\t\t\t\t\t\t\t\t<img fetchpriority=\"high\" decoding=\"async\" width=\"600\" height=\"900\" src=\"https:\/\/trottingclassicstour.com\/wp-content\/uploads\/2022\/02\/inspector_bros_robin_bakker.jpg\" class=\"attachment-large size-large wp-image-2824\" alt=\"\" srcset=\"https:\/\/trottingclassicstour.com\/wp-content\/uploads\/2022\/02\/inspector_bros_robin_bakker.jpg 600w, https:\/\/trottingclassicstour.com\/wp-content\/uploads\/2022\/02\/inspector_bros_robin_bakker-200x300.jpg 200w\" sizes=\"(max-width: 600px) 100vw, 600px\" \/>\t\t\t\t\t\t\t\t\t\t\t\t\t\t\t<\/div>\n\t\t\t\t<\/div>\n\t\t\t\t\t<\/div>\n\t\t<\/div>\n\t\t\t\t\t<\/div>\n\t\t<\/section>\n\t\t\t\t<\/div>\n\t\t","protected":false},"excerpt":{"rendered":"<p>Ausschreibungen TCT 2025 Bahn\/Datum: Duindigt, 03.08.2025TCT Satelliten Rennen \u2013 2025 F\u00fcr zweij\u00e4hrige Pferde aller L\u00e4nder (Geburtsjahr 2023), die in der Trotting Classics Tour genannt sind.Distanz 1.609m. Autostart SpezifikationenEs starten maximal 12 Pferde. Sollten mehr als 12 Pferde als Starter angegeben werden, wird das Rennen geteilt. Teilung in Rennen nur f\u00fcr Stuten und Hengste\/Wallache wird stattfinden [&hellip;]<\/p>\n","protected":false},"author":1,"featured_media":0,"parent":0,"menu_order":0,"comment_status":"closed","ping_status":"closed","template":"","meta":{"site-sidebar-layout":"no-sidebar","site-content-layout":"page-builder","ast-site-content-layout":"default","site-content-style":"default","site-sidebar-style":"default","ast-global-header-display":"","ast-banner-title-visibility":"","ast-main-header-display":"","ast-hfb-above-header-display":"","ast-hfb-below-header-display":"","ast-hfb-mobile-header-display":"","site-post-title":"disabled","ast-breadcrumbs-content":"","ast-featured-img":"disabled","footer-sml-layout":"","ast-disable-related-posts":"","theme-transparent-header-meta":"default","adv-header-id-meta":"","stick-header-meta":"","header-above-stick-meta":"","header-main-stick-meta":"","header-below-stick-meta":"","astra-migrate-meta-layouts":"default","ast-page-background-enabled":"default","ast-page-background-meta":{"desktop":{"background-color":"","background-image":"","background-repeat":"repeat","background-position":"center center","background-size":"auto","background-attachment":"scroll","background-type":"","background-media":"","overlay-type":"","overlay-color":"","overlay-opacity":"","overlay-gradient":""},"tablet":{"background-color":"","background-image":"","background-repeat":"repeat","background-position":"center center","background-size":"auto","background-attachment":"scroll","background-type":"","background-media":"","overlay-type":"","overlay-color":"","overlay-opacity":"","overlay-gradient":""},"mobile":{"background-color":"","background-image":"","background-repeat":"repeat","background-position":"center center","background-size":"auto","background-attachment":"scroll","background-type":"","background-media":"","overlay-type":"","overlay-color":"","overlay-opacity":"","overlay-gradient":""}},"ast-content-background-meta":{"desktop":{"background-color":"var(--ast-global-color-5)","background-image":"","background-repeat":"repeat","background-position":"center center","background-size":"auto","background-attachment":"scroll","background-type":"","background-media":"","overlay-type":"","overlay-color":"","overlay-opacity":"","overlay-gradient":""},"tablet":{"background-color":"var(--ast-global-color-5)","background-image":"","background-repeat":"repeat","background-position":"center center","background-size":"auto","background-attachment":"scroll","background-type":"","background-media":"","overlay-type":"","overlay-color":"","overlay-opacity":"","overlay-gradient":""},"mobile":{"background-color":"var(--ast-global-color-5)","background-image":"","background-repeat":"repeat","background-position":"center center","background-size":"auto","background-attachment":"scroll","background-type":"","background-media":"","overlay-type":"","overlay-color":"","overlay-opacity":"","overlay-gradient":""}},"footnotes":""},"class_list":["post-960","page","type-page","status-publish","hentry"],"_links":{"self":[{"href":"https:\/\/trottingclassicstour.com\/de\/wp-json\/wp\/v2\/pages\/960","targetHints":{"allow":["GET"]}}],"collection":[{"href":"https:\/\/trottingclassicstour.com\/de\/wp-json\/wp\/v2\/pages"}],"about":[{"href":"https:\/\/trottingclassicstour.com\/de\/wp-json\/wp\/v2\/types\/page"}],"author":[{"embeddable":true,"href":"https:\/\/trottingclassicstour.com\/de\/wp-json\/wp\/v2\/users\/1"}],"replies":[{"embeddable":true,"href":"https:\/\/trottingclassicstour.com\/de\/wp-json\/wp\/v2\/comments?post=960"}],"version-history":[{"count":135,"href":"https:\/\/trottingclassicstour.com\/de\/wp-json\/wp\/v2\/pages\/960\/revisions"}],"predecessor-version":[{"id":7979,"href":"https:\/\/trottingclassicstour.com\/de\/wp-json\/wp\/v2\/pages\/960\/revisions\/7979"}],"wp:attachment":[{"href":"https:\/\/trottingclassicstour.com\/de\/wp-json\/wp\/v2\/media?parent=960"}],"curies":[{"name":"wp","href":"https:\/\/api.w.org\/{rel}","templated":true}]}}